{"id":1535,"date":"2019-07-17T14:30:15","date_gmt":"2019-07-17T14:30:15","guid":{"rendered":"http:\/\/mycars.digitalatlas.io\/?page_id=1535"},"modified":"2025-09-29T05:09:55","modified_gmt":"2025-09-29T03:09:55","slug":"a-propos","status":"publish","type":"page","link":"https:\/\/truluxcars.com\/de\/a-propos\/","title":{"rendered":"\u00dcber"},"content":{"rendered":"<div data-elementor-type=\"wp-post\" data-elementor-id=\"1535\" class=\"elementor elementor-1535\" data-elementor-post-type=\"page\">\n\t\t\t\t<div class=\"elementor-element elementor-element-4fbe424 e-flex e-con-boxed e-con e-parent\" data-id=\"4fbe424\" data-element_type=\"container\" data-e-type=\"container\">\n\t\t\t\t\t<div class=\"e-con-inner\">\n\t\t\t\t<div class=\"elementor-element elementor-element-67f71eb elementor-widget-tablet__width-initial elementor-widget elementor-widget-heading\" data-id=\"67f71eb\" data-element_type=\"widget\" data-e-type=\"widget\" data-widget_type=\"heading.default\">\n\t\t\t\t\t<h1 class=\"elementor-heading-title elementor-size-default\">\u00dcber uns<\/h1>\t\t\t\t<\/div>\n\t\t\t\t<div class=\"elementor-element elementor-element-e44c09e elementor-widget-tablet__width-initial elementor-widget elementor-widget-heading\" data-id=\"e44c09e\" data-element_type=\"widget\" data-e-type=\"widget\" data-widget_type=\"heading.default\">\n\t\t\t\t\t<h1 class=\"elementor-heading-title elementor-size-default\">Unsere Gesellschaft<\/h1>\t\t\t\t<\/div>\n\t\t\t\t<div class=\"elementor-element elementor-element-e8a7c2a elementor-widget-tablet__width-initial elementor-widget elementor-widget-text-editor\" data-id=\"e8a7c2a\" data-element_type=\"widget\" data-e-type=\"widget\" data-widget_type=\"text-editor.default\">\n\t\t\t\t\t\t\t\t\t<p>Mit mehrj\u00e4hriger Erfahrung in der Automobilbranche, <strong>EST Truluxcars<\/strong> hat sich als vertrauensw\u00fcrdiger Akteur beim Import von Fahrzeugen aus Europa etabliert. Als Spezialisten f\u00fcr den deutschen und europ\u00e4ischen Markt stellen wir unser Know-how all jenen zur Verf\u00fcgung, die ein Fahrzeug zu einem wettbewerbsf\u00e4higen Preis erwerben m\u00f6chten.<\/p><p>Als Unternehmen mit menschlicher Gr\u00f6\u00dfe pflegen wir einen Ansatz, der auf N\u00e4he und Zuh\u00f6ren beruht. Unser Team teilt eine gemeinsame Leidenschaft f\u00fcr Autos und einen ausgepr\u00e4gten Sinn f\u00fcr Service, wodurch wir unseren Kunden eine pers\u00f6nliche, seri\u00f6se und transparente Betreuung bieten k\u00f6nnen.<\/p>\t\t\t\t\t\t\t\t<\/div>\n\t\t\t\t<div class=\"elementor-element elementor-element-601d021 elementor-widget-tablet__width-initial elementor-widget elementor-widget-heading\" data-id=\"601d021\" data-element_type=\"widget\" data-e-type=\"widget\" data-widget_type=\"heading.default\">\n\t\t\t\t\t<h1 class=\"elementor-heading-title elementor-size-default\">Unser Unterschied<\/h1>\t\t\t\t<\/div>\n\t\t\t\t<div class=\"elementor-element elementor-element-0c6cb64 elementor-widget-tablet__width-initial elementor-widget elementor-widget-text-editor\" data-id=\"0c6cb64\" data-element_type=\"widget\" data-e-type=\"widget\" data-widget_type=\"text-editor.default\">\n\t\t\t\t\t\t\t\t\t<p>Bei <strong>EST Truluxcars<\/strong>Wir begleiten Sie bei jedem Schritt Ihres Projekts, von der Auswahl des Modells \u00fcber die Verhandlungen und die Verwaltung bis hin zur Lieferung.<br \/>Wir arbeiten nur mit vertrauensw\u00fcrdigen Partnern zusammen und wissen, wie man die in den verschiedenen europ\u00e4ischen L\u00e4ndern geltenden Gesch\u00e4ftspraktiken entschl\u00fcsselt. Dieses Fachwissen, verbunden mit der Beherrschung der lokalen Sprachen und Verfahren, erm\u00f6glicht es uns, jede Transaktion sicher zu gestalten und unsere Kunden vor b\u00f6sen \u00dcberraschungen zu bewahren.<\/p><p><strong>Unser Engagement<\/strong><\/p><p>Sie angemessen und klar beraten,<\/p><p>Sie von unserem Netzwerk und unserer Erfahrung profitieren zu lassen,<\/p><p>Ihnen einen zuverl\u00e4ssigen und professionellen Service zu bieten,<\/p><p>Ihnen einen einfachen, transparenten und sicheren Einkauf zu garantieren.<\/p>\t\t\t\t\t\t\t\t<\/div>\n\t\t\t\t<div class=\"elementor-element elementor-element-c53f19e elementor-widget-tablet__width-initial elementor-widget elementor-widget-heading\" data-id=\"c53f19e\" data-element_type=\"widget\" data-e-type=\"widget\" data-widget_type=\"heading.default\">\n\t\t\t\t\t<h1 class=\"elementor-heading-title elementor-size-default\">Warum sollten Sie sich f\u00fcr EST Truluxcars entscheiden?<\/h1>\t\t\t\t<\/div>\n\t\t\t\t<div class=\"elementor-element elementor-element-67b44ff elementor-widget-tablet__width-initial elementor-widget elementor-widget-text-editor\" data-id=\"67b44ff\" data-element_type=\"widget\" data-e-type=\"widget\" data-widget_type=\"text-editor.default\">\n\t\t\t\t\t\t\t\t\t<p>Der Kauf eines Autos im Ausland kann kompliziert oder sogar riskant erscheinen. Mit EST Truluxcars sind Sie nie allein. Wir sind Ihr einziger Ansprechpartner, von der ersten Kontaktaufnahme bis zur Schl\u00fcssel\u00fcbergabe. Sie profitieren von einer pers\u00f6nlichen Beratung, einer sorgf\u00e4ltigen Auswahl von Fahrzeugen, die Ihren Erwartungen entsprechen, und einer umfassenden Betreuung ohne b\u00f6se \u00dcberraschungen.<\/p>\n<p>Unser Ziel ist es nicht nur, Ihnen beim Autokauf zu helfen: Wir wollen Ihnen ein reibungsloses und beruhigendes Einkaufserlebnis bieten, indem wir das, was Stress bedeuten k\u00f6nnte, in ein echtes Vergn\u00fcgen verwandeln.<\/p>\n<p>Bei EST Truluxcars ist jeder Kunde einzigartig. Egal, ob Sie einen Stadtwagen, eine Oberklasselimousine, einen SUV oder ein Nutzfahrzeug suchen, wir setzen alles daran, das Modell zu finden, das Ihren Bed\u00fcrfnissen, Ihrem Geschmack und Ihrem Budget perfekt entspricht.<\/p>\n<p>Wir glauben, dass das Vertrauensverh\u00e4ltnis, das wir mit unseren Kunden aufbauen, der Schl\u00fcssel zu unserem Erfolg ist. Deshalb bevorzugen wir einen menschlichen Service, der auf Zuh\u00f6ren, Verf\u00fcgbarkeit und der Einhaltung unserer Verpflichtungen beruht.<\/p>\n<p><strong>&nbsp; &nbsp; &nbsp; &nbsp; &nbsp; &nbsp; &nbsp; &nbsp; &nbsp; &nbsp; &nbsp; &nbsp; &nbsp; &nbsp; &nbsp; &nbsp; &nbsp;EST Truluxcars - Vertrauen im Dienste Ihrer Mobilit\u00e4t.<\/strong><\/p>\t\t\t\t\t\t\t\t<\/div>\n\t\t\t\t\t<\/div>\n\t\t\t\t<\/div>\n\t\t\t\t<\/div>","protected":false},"excerpt":{"rendered":"<p>\u00c0 propos de nous Notre soci\u00e9t\u00e9 Avec plusieurs ann\u00e9es d\u2019exp\u00e9rience dans le domaine de l\u2019automobile, EST Truluxcars s\u2019est impos\u00e9 comme un acteur de confiance dans l\u2019importation de v\u00e9hicules en provenance d\u2019Europe. Sp\u00e9cialistes du march\u00e9 allemand et europ\u00e9en, nous mettons notre savoir-faire au service de tous ceux qui souhaitent acqu\u00e9rir un v\u00e9hicule \u00e0 un prix comp\u00e9titif. [&hellip;]<\/p>","protected":false},"author":1,"featured_media":0,"parent":0,"menu_order":0,"comment_status":"closed","ping_status":"closed","template":"","meta":{"footnotes":""},"class_list":["post-1535","page","type-page","status-publish","hentry"],"jetpack_sharing_enabled":true,"_links":{"self":[{"href":"https:\/\/truluxcars.com\/de\/wp-json\/wp\/v2\/pages\/1535","targetHints":{"allow":["GET"]}}],"collection":[{"href":"https:\/\/truluxcars.com\/de\/wp-json\/wp\/v2\/pages"}],"about":[{"href":"https:\/\/truluxcars.com\/de\/wp-json\/wp\/v2\/types\/page"}],"author":[{"embeddable":true,"href":"https:\/\/truluxcars.com\/de\/wp-json\/wp\/v2\/users\/1"}],"replies":[{"embeddable":true,"href":"https:\/\/truluxcars.com\/de\/wp-json\/wp\/v2\/comments?post=1535"}],"version-history":[{"count":5,"href":"https:\/\/truluxcars.com\/de\/wp-json\/wp\/v2\/pages\/1535\/revisions"}],"predecessor-version":[{"id":28219,"href":"https:\/\/truluxcars.com\/de\/wp-json\/wp\/v2\/pages\/1535\/revisions\/28219"}],"wp:attachment":[{"href":"https:\/\/truluxcars.com\/de\/wp-json\/wp\/v2\/media?parent=1535"}],"curies":[{"name":"wp","href":"https:\/\/api.w.org\/{rel}","templated":true}]}}