{"id":23535,"date":"2024-03-07T08:33:00","date_gmt":"2024-03-07T07:33:00","guid":{"rendered":"https:\/\/agepauto.fr\/?page_id=23535"},"modified":"2025-09-26T19:53:59","modified_gmt":"2025-09-26T17:53:59","slug":"rechtliche-hinweise","status":"publish","type":"page","link":"https:\/\/truluxcars.com\/de\/rechtliche-hinweise\/","title":{"rendered":"Rechtliche Hinweise"},"content":{"rendered":"<div data-elementor-type=\"wp-page\" data-elementor-id=\"23535\" class=\"elementor elementor-23535\" data-elementor-post-type=\"page\">\n\t\t\t\t<div class=\"elementor-element elementor-element-ad45e5d e-flex e-con-boxed e-con e-parent\" data-id=\"ad45e5d\" data-element_type=\"container\" data-e-type=\"container\">\n\t\t\t\t\t<div class=\"e-con-inner\">\n\t\t\t\t<div class=\"elementor-element elementor-element-1601cc2 elementor-widget-tablet__width-initial elementor-widget elementor-widget-heading\" data-id=\"1601cc2\" data-element_type=\"widget\" data-e-type=\"widget\" data-widget_type=\"heading.default\">\n\t\t\t\t\t<h1 class=\"elementor-heading-title elementor-size-default\">Rechtliche Hinweise<\/h1>\t\t\t\t<\/div>\n\t\t\t\t<div class=\"elementor-element elementor-element-f2a9bd9 elementor-widget-tablet__width-initial elementor-widget elementor-widget-heading\" data-id=\"f2a9bd9\" data-element_type=\"widget\" data-e-type=\"widget\" data-widget_type=\"heading.default\">\n\t\t\t\t\t<h1 class=\"elementor-heading-title elementor-size-default\">EIGENTUM<\/h1>\t\t\t\t<\/div>\n\t\t\t\t<div class=\"elementor-element elementor-element-19ad913 elementor-widget-tablet__width-initial elementor-widget elementor-widget-text-editor\" data-id=\"19ad913\" data-element_type=\"widget\" data-e-type=\"widget\" data-widget_type=\"text-editor.default\">\n\t\t\t\t\t\t\t\t\t<p>Die Website (EST TRULUXCARS) <strong style=\"\"><u>www.truluxcars.com<\/u> <\/strong>ist die Eigenschaft von <strong>AUTOS VELIU<\/strong>Ein Einzelunternehmen, das im Handels- und Gesellschaftsregister von <strong>Mulhouse 750 707 465<\/strong>Sitz: 15 Rue de Saint-Louis 68100 Mulhouse.<\/p>\t\t\t\t\t\t\t\t<\/div>\n\t\t\t\t<div class=\"elementor-element elementor-element-f9043d2 elementor-icon-list--layout-traditional elementor-list-item-link-full_width elementor-widget elementor-widget-icon-list\" data-id=\"f9043d2\" data-element_type=\"widget\" data-e-type=\"widget\" data-widget_type=\"icon-list.default\">\n\t\t\t\t\t\t\t<ul class=\"elementor-icon-list-items\">\n\t\t\t\t\t\t\t<li class=\"elementor-icon-list-item\">\n\t\t\t\t\t\t\t\t\t\t\t<span class=\"elementor-icon-list-icon\">\n\t\t\t\t\t\t\t<svg aria-hidden=\"true\" class=\"e-font-icon-svg e-fas-circle\" viewbox=\"0 0 512 512\" xmlns=\"http:\/\/www.w3.org\/2000\/svg\"><path d=\"M256 8C119 8 8 119 8 256s111 248 248 248 248-111 248-248S393 8 256 8z\"><\/path><\/svg>\t\t\t\t\t\t<\/span>\n\t\t\t\t\t\t\t\t\t\t<span class=\"elementor-icon-list-text\">SIRET-Nummer : <b>75070746500035<\/b><\/span>\n\t\t\t\t\t\t\t\t\t<\/li>\n\t\t\t\t\t\t\t\t<li class=\"elementor-icon-list-item\">\n\t\t\t\t\t\t\t\t\t\t\t<span class=\"elementor-icon-list-icon\">\n\t\t\t\t\t\t\t<svg aria-hidden=\"true\" class=\"e-font-icon-svg e-fas-circle\" viewbox=\"0 0 512 512\" xmlns=\"http:\/\/www.w3.org\/2000\/svg\"><path d=\"M256 8C119 8 8 119 8 256s111 248 248 248 248-111 248-248S393 8 256 8z\"><\/path><\/svg>\t\t\t\t\t\t<\/span>\n\t\t\t\t\t\t\t\t\t\t<span class=\"elementor-icon-list-text\">Umsatzsteuer-Identifikationsnummer : <b>DE75750707465<\/b><\/span>\n\t\t\t\t\t\t\t\t\t<\/li>\n\t\t\t\t\t\t\t\t<li class=\"elementor-icon-list-item\">\n\t\t\t\t\t\t\t\t\t\t\t<span class=\"elementor-icon-list-icon\">\n\t\t\t\t\t\t\t<svg aria-hidden=\"true\" class=\"e-font-icon-svg e-fas-circle\" viewbox=\"0 0 512 512\" xmlns=\"http:\/\/www.w3.org\/2000\/svg\"><path d=\"M256 8C119 8 8 119 8 256s111 248 248 248 248-111 248-248S393 8 256 8z\"><\/path><\/svg>\t\t\t\t\t\t<\/span>\n\t\t\t\t\t\t\t\t\t\t<span class=\"elementor-icon-list-text\">Verantwortlich f\u00fcr die Ver\u00f6ffentlichung : <b>Herr Xhelal Veliu<\/b><\/span>\n\t\t\t\t\t\t\t\t\t<\/li>\n\t\t\t\t\t\t<\/ul>\n\t\t\t\t\t\t<\/div>\n\t\t\t\t<div class=\"elementor-element elementor-element-aa76354 elementor-widget-tablet__width-initial elementor-widget elementor-widget-heading\" data-id=\"aa76354\" data-element_type=\"widget\" data-e-type=\"widget\" data-widget_type=\"heading.default\">\n\t\t\t\t\t<h1 class=\"elementor-heading-title elementor-size-default\">GEISTIGE EIGENTUMSRECHTE<\/h1>\t\t\t\t<\/div>\n\t\t\t\t<div class=\"elementor-element elementor-element-f90d753 elementor-widget-tablet__width-initial elementor-widget elementor-widget-text-editor\" data-id=\"f90d753\" data-element_type=\"widget\" data-e-type=\"widget\" data-widget_type=\"text-editor.default\">\n\t\t\t\t\t\t\t\t\tEST Truluxcars weist die Nutzer der Website darauf hin, dass viele Elemente der Website :\n\nDurch das Urheberrecht gesch\u00fctzt sind: Dies k\u00f6nnen insbesondere Fotografien, Artikel, Zeichnungen, animierte Sequenzen, Aufnahmen in digitalem Audio- oder Videoformat,... sein.\nUnd\/oder sind durch die Gesetzgebung \u00fcber Zeichnungen und Modelle gesch\u00fctzt: Dies k\u00f6nnen insbesondere die auf der Website erscheinenden Fahrzeugmodelle sein.\nSind durch das Markenrecht gesch\u00fctzt: Dies sind insbesondere die Marken \"PEUGEOT\", RENAULT, CITROEN, MERCEDES, BMW etc.\nDie so gesch\u00fctzten Elemente sind Eigentum von EST Truluxcars, seinen Tochtergesellschaften oder von Dritten, die ihnen die Nutzung dieser Elemente gestattet haben.\n\nFolglich ist jede teilweise oder vollst\u00e4ndige Vervielf\u00e4ltigung, Darstellung, Verwendung, Anpassung, \u00c4nderung, Einarbeitung, \u00dcbersetzung, Vermarktung durch irgendein Verfahren und auf irgendeinem Tr\u00e4ger (Papier, digital, ..) ohne vorherige schriftliche Genehmigung von EST Truluxcars verboten, vorbehaltlich der in Artikel L122.5 des Gesetzes \u00fcber geistiges Eigentum genannten Ausnahmen, da dies eine Verletzung des Urheberrechts und\/oder der Geschmacksmuster und\/oder der Marke darstellen kann, die mit zwei Jahren Gef\u00e4ngnis und 150.000 Euro Geldstrafe geahndet wird.\n\nDie Marken der Software, die auf der Website angezeigt werden kann, sind das jeweilige Eigentum der Unternehmen, die sie betreiben, und d\u00fcrfen ohne die vorherige schriftliche Zustimmung des Eigent\u00fcmers der genannten Marken nicht genutzt werden. Diese Software ist urheberrechtlich gesch\u00fctzt und erfordert f\u00fcr ihre Nutzung den Abschluss eines Lizenzvertrags direkt zwischen ihrem Eigent\u00fcmer und dem Internetnutzer.\t\t\t\t\t\t\t\t<\/div>\n\t\t\t\t<div class=\"elementor-element elementor-element-b9be550 elementor-widget-tablet__width-initial elementor-widget elementor-widget-heading\" data-id=\"b9be550\" data-element_type=\"widget\" data-e-type=\"widget\" data-widget_type=\"heading.default\">\n\t\t\t\t\t<h1 class=\"elementor-heading-title elementor-size-default\">DATENSCHUTZ <\/h1>\t\t\t\t<\/div>\n\t\t\t\t<div class=\"elementor-element elementor-element-d0e3b51 elementor-widget-tablet__width-initial elementor-widget elementor-widget-text-editor\" data-id=\"d0e3b51\" data-element_type=\"widget\" data-e-type=\"widget\" data-widget_type=\"text-editor.default\">\n\t\t\t\t\t\t\t\t\tDer Besuch der Website ist m\u00f6glich, ohne dass der Internetnutzer notwendigerweise seine Identit\u00e4t oder andere ihn betreffende personenbezogene Daten offenlegen muss.\n\nHinsichtlich der namentlichen Informationen, die der Internetnutzer insbesondere im Rahmen der Er\u00f6ffnung eines Kontos oder der Online-Reservierung eines Fahrzeugs \u00fcbermitteln kann, hat er gem\u00e4\u00df dem Gesetz \u00fcber den Schutz nat\u00fcrlicher Personen bei der Verarbeitung personenbezogener Daten Nr. 78-17 vom 6. Januar 1978 in seiner ge\u00e4nderten Fassung ein Recht auf Zugang, \u00c4nderung, Berichtigung und\/oder L\u00f6schung.\n\nDie gesammelten Informationen sind ausschlie\u00dflich f\u00fcr die Verwendung durch EST Truluxcars bestimmt. Diese Informationen k\u00f6nnen im Rahmen von Gesch\u00e4fts- oder Marketingaktionen verwendet werden oder als Grundlage f\u00fcr Studien und Analysen dienen.\n\nDiese pers\u00f6nlichen Informationen werden in einer Form aufbewahrt, die die Identifizierung der betroffenen Personen erm\u00f6glicht, und zwar nur so lange, wie es f\u00fcr die Zwecke, f\u00fcr die sie gesammelt und\/oder verarbeitet wurden, notwendig ist.\t\t\t\t\t\t\t\t<\/div>\n\t\t\t\t<div class=\"elementor-element elementor-element-32f4bb2 elementor-widget-tablet__width-initial elementor-widget elementor-widget-heading\" data-id=\"32f4bb2\" data-element_type=\"widget\" data-e-type=\"widget\" data-widget_type=\"heading.default\">\n\t\t\t\t\t<h1 class=\"elementor-heading-title elementor-size-default\">COOKIES<\/h1>\t\t\t\t<\/div>\n\t\t\t\t<div class=\"elementor-element elementor-element-0677d82 elementor-widget-tablet__width-initial elementor-widget elementor-widget-text-editor\" data-id=\"0677d82\" data-element_type=\"widget\" data-e-type=\"widget\" data-widget_type=\"text-editor.default\">\n\t\t\t\t\t\t\t\t\tEin Cookie ist ein kleiner Text, der von der Website an den Browser des Internetnutzers gesendet und auf seinem Computer gespeichert wird. Er dient dazu, Daten \u00fcber die Navigation des Computers auf der Website aufzuzeichnen (die 10 Jahre lang im Computer gespeichert werden) und personalisierte Informationen anzubieten, indem er dem Server erm\u00f6glicht, den Internetnutzer zu identifizieren.\n\nDer Internetnutzer hat die M\u00f6glichkeit, diese Option seines Browsers zu deaktivieren, indem er seinen Computer entsprechend dem von ihm verwendeten Internetbrowser konfiguriert. Hierzu kann er sich auf die Gebrauchsanweisungen seiner Software oder seines Betriebssystems beziehen.\t\t\t\t\t\t\t\t<\/div>\n\t\t\t\t<div class=\"elementor-element elementor-element-b1f9488 elementor-widget-tablet__width-initial elementor-widget elementor-widget-heading\" data-id=\"b1f9488\" data-element_type=\"widget\" data-e-type=\"widget\" data-widget_type=\"heading.default\">\n\t\t\t\t\t<h1 class=\"elementor-heading-title elementor-size-default\">LINKS<\/h1>\t\t\t\t<\/div>\n\t\t\t\t<div class=\"elementor-element elementor-element-2124d18 elementor-widget-tablet__width-initial elementor-widget elementor-widget-text-editor\" data-id=\"2124d18\" data-element_type=\"widget\" data-e-type=\"widget\" data-widget_type=\"text-editor.default\">\n\t\t\t\t\t\t\t\t\tDie Einrichtung eines Hyperlinks zur Website erfordert eine vorherige schriftliche Genehmigung von EST Truluxcars.\nIn jedem Fall ist EST Truluxcars in keiner Weise f\u00fcr den Inhalt sowie die Produkte oder Dienstleistungen verantwortlich, die auf den Websites angeboten werden, mit denen die Website durch Hyperlinks oder jede andere Art von Links verbunden ist.\t\t\t\t\t\t\t\t<\/div>\n\t\t\t\t<div class=\"elementor-element elementor-element-600029d elementor-widget-tablet__width-initial elementor-widget elementor-widget-heading\" data-id=\"600029d\" data-element_type=\"widget\" data-e-type=\"widget\" data-widget_type=\"heading.default\">\n\t\t\t\t\t<h1 class=\"elementor-heading-title elementor-size-default\">SICHERHEIT<\/h1>\t\t\t\t<\/div>\n\t\t\t\t<div class=\"elementor-element elementor-element-815a4b1 elementor-widget-tablet__width-initial elementor-widget elementor-widget-text-editor\" data-id=\"815a4b1\" data-element_type=\"widget\" data-e-type=\"widget\" data-widget_type=\"text-editor.default\">\n\t\t\t\t\t\t\t\t\t<p>Der Internetnutzer verpflichtet sich, bei der Nutzung der Website keine Manipulationen vorzunehmen, die zu Viren und Computer-, Funktions- oder sonstigen Pannen f\u00fchren k\u00f6nnten, die den Betrieb der Website oder eines Servers oder Dienstes, auf den \u00fcber die Website zugegriffen wird, beeintr\u00e4chtigen k\u00f6nnten. Insbesondere verpflichtet sich der Internetnutzer, in dem von der Website gebildeten Raum nur Informationen, Daten, Dokumente, Dateien zur Verf\u00fcgung zu stellen, die zuverl\u00e4ssig, harmlos und nicht geeignet sind, die Funktionsweise der Website oder eines Servers oder Dienstes, der \u00fcber die Website zug\u00e4nglich ist, zu beeintr\u00e4chtigen.<\/p><p>Die Nutzung der Website oder eines Servers oder Dienstes, auf den \u00fcber die Website zugegriffen wird :<\/p><ul><li>muss die geltenden nationalen und internationalen Gesetze und Vorschriften sowie die Rechte Dritter beachten<\/li><li>darf dem Image von EST Truluxcars in keiner Weise und in keiner Form schaden.<\/li><\/ul><p>Insbesondere sch\u00fctzt der Nutzer EST Truluxcars vor allen Klagen Dritter, die sich auf den Inhalt der Informationen beziehen, die der Nutzer auf der Website zur Verf\u00fcgung stellt, insbesondere vor Klagen, die sich aus der Verletzung von Pers\u00f6nlichkeitsrechten, geistigen Eigentumsrechten, der \u00f6ffentlichen Ordnung, den guten Sitten, dem Schutz des Privatlebens (Recht am eigenen Bild etc.) oder den strafrechtlichen Bestimmungen der geltenden nationalen und\/oder internationalen Gesetze ergeben. In diesem Zusammenhang verpflichtet sich der Internetnutzer, EST Truluxcars von allen Kosten, Geb\u00fchren und Ausgaben freizustellen, die aus diesem Grund anfallen, einschlie\u00dflich der angemessenen Honorare und Kosten der Berater von EST Truluxcars.<\/p><p>Der Internetnutzer nutzt die Website auf eigene Verantwortung. EST Truluxcars und seine Tochtergesellschaften haften nicht f\u00fcr direkte oder indirekte Sch\u00e4den, wie z. B. Sachsch\u00e4den, Daten- oder Programmverluste, finanzielle Sch\u00e4den, die aus der Nutzung der Website oder damit verbundener Websites entstehen.<\/p><p>EST Truluxcars weist den Internetnutzer darauf hin, dass bestimmte Produkte oder Dienstleistungen, die auf der Website angeboten werden, in einigen L\u00e4ndern besonderen Regelungen oder sogar Einschr\u00e4nkungen und\/oder Verboten unterliegen k\u00f6nnen.<\/p>\t\t\t\t\t\t\t\t<\/div>\n\t\t\t\t<div class=\"elementor-element elementor-element-f50e425 elementor-widget-tablet__width-initial elementor-widget elementor-widget-heading\" data-id=\"f50e425\" data-element_type=\"widget\" data-e-type=\"widget\" data-widget_type=\"heading.default\">\n\t\t\t\t\t<h1 class=\"elementor-heading-title elementor-size-default\">ZUGANG UND VERBINDUNG<\/h1>\t\t\t\t<\/div>\n\t\t\t\t<div class=\"elementor-element elementor-element-8601e68 elementor-widget-tablet__width-initial elementor-widget elementor-widget-text-editor\" data-id=\"8601e68\" data-element_type=\"widget\" data-e-type=\"widget\" data-widget_type=\"text-editor.default\">\n\t\t\t\t\t\t\t\t\t<p>Die Website ist \u00fcber das Internet zug\u00e4nglich. Das Internet ist ein offenes und informelles Netzwerk, das durch die internationale Verbindung von Computernetzwerken gebildet wird. Die Verwaltung des Internets unterliegt keiner zentralen Instanz und jeder Teil des Netzwerks geh\u00f6rt einer unabh\u00e4ngigen \u00f6ffentlichen oder privaten Organisation. Sein Betrieb beruht daher auf der Zusammenarbeit zwischen den Betreibern der verschiedenen Netze, ohne dass es zwischen den Betreibern eine Verpflichtung zur Bereitstellung oder zur Qualit\u00e4t der Bereitstellung gibt. Die Netze k\u00f6nnen ungleiche \u00dcbertragungskapazit\u00e4ten und eine eigene Nutzungspolitik haben. Niemand kann das reibungslose Funktionieren des Internets als Ganzes garantieren. Dementsprechend \u00fcbernimmt EST Truluxcars keine Verantwortung oder Garantie f\u00fcr Fehlfunktionen des Internets (Verz\u00f6gerungen bei der \u00dcbertragung oder andere Fehlfunktionen).<\/p><p>EST Truluxcars kann den Zugang des Internetnutzers zur Website jederzeit vor\u00fcbergehend oder dauerhaft aussetzen, wenn :<\/p><ul><li>der Verletzung der vorliegenden Allgemeinen Gesch\u00e4ftsbedingungen durch den Internetnutzer, unbeschadet aller anderen Rechte und Ma\u00dfnahmen zugunsten von EST Truluxcars<\/li><li>technische Probleme im Zusammenhang mit der Infrastruktur, die f\u00fcr die Bereitstellung und den Betrieb der Website eingerichtet wurde<\/li><li>der Wartung der Website<\/li><\/ul>\t\t\t\t\t\t\t\t<\/div>\n\t\t\t\t<div class=\"elementor-element elementor-element-ea587f5 elementor-widget-tablet__width-initial elementor-widget elementor-widget-heading\" data-id=\"ea587f5\" data-element_type=\"widget\" data-e-type=\"widget\" data-widget_type=\"heading.default\">\n\t\t\t\t\t<h1 class=\"elementor-heading-title elementor-size-default\">ANWENDBARES RECHT<\/h1>\t\t\t\t<\/div>\n\t\t\t\t<div class=\"elementor-element elementor-element-d019eb0 elementor-widget-tablet__width-initial elementor-widget elementor-widget-text-editor\" data-id=\"d019eb0\" data-element_type=\"widget\" data-e-type=\"widget\" data-widget_type=\"text-editor.default\">\n\t\t\t\t\t\t\t\t\tNach Artikel R. 631-3 kann der Verbraucher entweder eines der nach der Zivilprozessordnung \u00f6rtlich zust\u00e4ndigen Gerichte oder das Gericht des Ortes anrufen, an dem er zum Zeitpunkt des Vertragsabschlusses oder des Eintritts des sch\u00e4digenden Ereignisses seinen Wohnsitz hatte.\nNach Artikel L612-1 hat jeder Verbraucher das Recht, sich kostenlos an einen Verbrauchermediator zu wenden, um seinen Streit mit einem Gewerbetreibenden g\u00fctlich beizulegen. Zu diesem Zweck garantiert der Gewerbetreibende dem Verbraucher die wirksame Inanspruchnahme einer Einrichtung zur Verbraucherschlichtung. Der Gewerbetreibende kann seine eigene Verbraucherschlichtung einrichten oder dem Verbraucher die Inanspruchnahme eines anderen Verbraucherschlichters vorschlagen, der die Anforderungen dieses Titels erf\u00fcllt. Gibt es einen Verbrauchermediator, dessen Zust\u00e4ndigkeit sich auf alle Unternehmen eines Wirtschaftszweiges erstreckt, dem der Gewerbetreibende angeh\u00f6rt, so erm\u00f6glicht der Gewerbetreibende dem Verbraucher stets die Inanspruchnahme dieses Mediators. Die Modalit\u00e4ten, nach denen das Mediationsverfahren durchgef\u00fchrt wird, werden durch ein Dekret des Staatsrats festgelegt. (vgl. Artikel R.612-1 bis R.612-5).\t\t\t\t\t\t\t\t<\/div>\n\t\t\t\t\t<\/div>\n\t\t\t\t<\/div>\n\t\t\t\t<\/div>","protected":false},"excerpt":{"rendered":"<p>PROPRI\u00c9T\u00c9 Le site (EST TRULUXCARS) www.truluxcars.com est la propri\u00e9t\u00e9 de AUTOS VELIU, entreprise individuelle immatricul\u00e9e aupr\u00e8s du registre du commerce et des soci\u00e9t\u00e9s de Mulhouse 750 707 465, Si\u00e8ge&nbsp;: 15 Rue de Saint-Louis 68100 Mulhouse. Num\u00e9ro SIRET : 75070746500035 Num\u00e9ro TVA : FR75750707465 Responsable de la publication : Monsieur Xhelal Veliu DROITS DE PROPRI\u00c9T\u00c9 INTELLECTUELLE [&hellip;]<\/p>","protected":false},"author":1,"featured_media":0,"parent":0,"menu_order":0,"comment_status":"closed","ping_status":"closed","template":"","meta":{"footnotes":""},"class_list":["post-23535","page","type-page","status-publish","hentry"],"jetpack_sharing_enabled":true,"_links":{"self":[{"href":"https:\/\/truluxcars.com\/de\/wp-json\/wp\/v2\/pages\/23535","targetHints":{"allow":["GET"]}}],"collection":[{"href":"https:\/\/truluxcars.com\/de\/wp-json\/wp\/v2\/pages"}],"about":[{"href":"https:\/\/truluxcars.com\/de\/wp-json\/wp\/v2\/types\/page"}],"author":[{"embeddable":true,"href":"https:\/\/truluxcars.com\/de\/wp-json\/wp\/v2\/users\/1"}],"replies":[{"embeddable":true,"href":"https:\/\/truluxcars.com\/de\/wp-json\/wp\/v2\/comments?post=23535"}],"version-history":[{"count":5,"href":"https:\/\/truluxcars.com\/de\/wp-json\/wp\/v2\/pages\/23535\/revisions"}],"predecessor-version":[{"id":27906,"href":"https:\/\/truluxcars.com\/de\/wp-json\/wp\/v2\/pages\/23535\/revisions\/27906"}],"wp:attachment":[{"href":"https:\/\/truluxcars.com\/de\/wp-json\/wp\/v2\/media?parent=23535"}],"curies":[{"name":"wp","href":"https:\/\/api.w.org\/{rel}","templated":true}]}}