{"id":28035,"date":"2025-09-28T08:28:07","date_gmt":"2025-09-28T06:28:07","guid":{"rendered":"https:\/\/truluxcars.com\/?page_id=28035"},"modified":"2026-04-13T15:08:43","modified_gmt":"2026-04-13T13:08:43","slug":"autobevollmachtigter","status":"publish","type":"page","link":"https:\/\/truluxcars.com\/de\/autobevollmachtigter\/","title":{"rendered":"Auto-Bevollm\u00e4chtigter"},"content":{"rendered":"<div data-elementor-type=\"wp-page\" data-elementor-id=\"28035\" class=\"elementor elementor-28035\" data-elementor-post-type=\"page\">\n\t\t\t\t<div class=\"elementor-element elementor-element-3d78c4a e-flex e-con-boxed e-con e-parent\" data-id=\"3d78c4a\" data-element_type=\"container\" data-e-type=\"container\" data-settings=\"{&quot;background_background&quot;:&quot;classic&quot;}\">\n\t\t\t\t\t<div class=\"e-con-inner\">\n\t\t\t\t<div class=\"elementor-element elementor-element-368225d elementor-widget elementor-widget-heading\" data-id=\"368225d\" data-element_type=\"widget\" data-e-type=\"widget\" data-widget_type=\"heading.default\">\n\t\t\t\t\t<h2 class=\"elementor-heading-title elementor-size-default\">Auto-Bevollm\u00e4chtigter<\/h2>\t\t\t\t<\/div>\n\t\t\t\t<div class=\"elementor-element elementor-element-c8aaa91 elementor-widget elementor-widget-heading\" data-id=\"c8aaa91\" data-element_type=\"widget\" data-e-type=\"widget\" data-widget_type=\"heading.default\">\n\t\t\t\t\t<h2 class=\"elementor-heading-title elementor-size-default\">Deutschland, Italien, Niederlande, \u00d6sterreich, Belgien und Schweden<\/h2>\t\t\t\t<\/div>\n\t\t\t\t<div class=\"elementor-element elementor-element-45f109f elementor-widget__width-initial elementor-widget elementor-widget-heading\" data-id=\"45f109f\" data-element_type=\"widget\" data-e-type=\"widget\" data-widget_type=\"heading.default\">\n\t\t\t\t\t<h2 class=\"elementor-heading-title elementor-size-default\">Mit <b>EST TRULUXCARS<\/b>Mit unserem Partner, dem Autoh\u00e4ndler in Deutschland, k\u00f6nnen Sie direkt bei den gr\u00f6\u00dften Autoh\u00e4usern einkaufen.<\/h2>\t\t\t\t<\/div>\n\t\t\t\t\t<\/div>\n\t\t\t\t<\/div>\n\t\t<div class=\"elementor-element elementor-element-c4514dd e-flex e-con-boxed e-con e-parent\" data-id=\"c4514dd\" data-element_type=\"container\" data-e-type=\"container\">\n\t\t\t\t\t<div class=\"e-con-inner\">\n\t\t<div class=\"elementor-element elementor-element-62d382e e-con-full e-flex e-con e-child\" data-id=\"62d382e\" data-element_type=\"container\" data-e-type=\"container\" data-settings=\"{&quot;background_background&quot;:&quot;classic&quot;}\">\n\t\t\t\t<div class=\"elementor-element elementor-element-d7f573e elementor-widget elementor-widget-heading\" data-id=\"d7f573e\" data-element_type=\"widget\" data-e-type=\"widget\" data-widget_type=\"heading.default\">\n\t\t\t\t\t<h2 class=\"elementor-heading-title elementor-size-default\">F\u00fchren Sie Ihre Suche selbst durch\nauto auf den Seiten<\/h2>\t\t\t\t<\/div>\n\t\t<div class=\"elementor-element elementor-element-36f5c53 e-con-full e-flex e-con e-child\" data-id=\"36f5c53\" data-element_type=\"container\" data-e-type=\"container\">\n\t\t\t\t<div class=\"elementor-element elementor-element-cb7d0f4 elementor-widget elementor-widget-image\" data-id=\"cb7d0f4\" data-element_type=\"widget\" data-e-type=\"widget\" data-widget_type=\"image.default\">\n\t\t\t\t\t\t\t\t\t\t\t\t\t\t\t\t<a href=\"https:\/\/www.autoscout24.fr\/\" target=\"_blank\" rel=\"noopener\">\n\t\t\t\t\t\t\t<img decoding=\"async\" width=\"235\" height=\"56\" src=\"https:\/\/truluxcars.com\/wp-content\/uploads\/2025\/09\/logo-autoscout-mini.webp\" class=\"attachment-full size-full wp-image-28043\" alt=\"\" srcset=\"https:\/\/truluxcars.com\/wp-content\/uploads\/2025\/09\/logo-autoscout-mini.webp 235w, https:\/\/truluxcars.com\/wp-content\/uploads\/2025\/09\/logo-autoscout-mini-18x4.webp 18w\" sizes=\"(max-width: 235px) 100vw, 235px\" \/>\t\t\t\t\t\t\t\t<\/a>\n\t\t\t\t\t\t\t\t\t\t\t\t\t\t\t<\/div>\n\t\t\t\t<div class=\"elementor-element elementor-element-e9bf97e elementor-widget elementor-widget-image\" data-id=\"e9bf97e\" data-element_type=\"widget\" data-e-type=\"widget\" data-widget_type=\"image.default\">\n\t\t\t\t\t\t\t\t\t\t\t\t\t\t\t\t<a href=\"https:\/\/www.automobile.fr\/\" target=\"_blank\" rel=\"noopener\">\n\t\t\t\t\t\t\t<img decoding=\"async\" width=\"249\" height=\"44\" src=\"https:\/\/truluxcars.com\/wp-content\/uploads\/2025\/09\/Mobile-fr-logo-mini.webp\" class=\"attachment-full size-full wp-image-28042\" alt=\"\" srcset=\"https:\/\/truluxcars.com\/wp-content\/uploads\/2025\/09\/Mobile-fr-logo-mini.webp 249w, https:\/\/truluxcars.com\/wp-content\/uploads\/2025\/09\/Mobile-fr-logo-mini-18x3.webp 18w\" sizes=\"(max-width: 249px) 100vw, 249px\" \/>\t\t\t\t\t\t\t\t<\/a>\n\t\t\t\t\t\t\t\t\t\t\t\t\t\t\t<\/div>\n\t\t\t\t<\/div>\n\t\t\t\t<\/div>\n\t\t<div class=\"elementor-element elementor-element-ee86df7 e-con-full e-flex e-con e-child\" data-id=\"ee86df7\" data-element_type=\"container\" data-e-type=\"container\" data-settings=\"{&quot;background_background&quot;:&quot;classic&quot;}\">\n\t\t\t\t<div class=\"elementor-element elementor-element-da25bac elementor-widget elementor-widget-heading\" data-id=\"da25bac\" data-element_type=\"widget\" data-e-type=\"widget\" data-widget_type=\"heading.default\">\n\t\t\t\t\t<h2 class=\"elementor-heading-title elementor-size-default\">\"Sie haben ein Fahrzeug gefunden, das Sie interessiert und m\u00f6chten mehr dar\u00fcber erfahren?\n\n<b>Wir rufen den Verk\u00e4ufer an, um Informationen einzuholen und zu verhandeln<\/b> \"<\/h2>\t\t\t\t<\/div>\n\t\t\t\t<div class=\"elementor-element elementor-element-6c92f0e elementor-align-center elementor-widget elementor-widget-button\" data-id=\"6c92f0e\" data-element_type=\"widget\" data-e-type=\"widget\" data-widget_type=\"button.default\">\n\t\t\t\t\t\t\t\t\t\t<a class=\"elementor-button elementor-button-link elementor-size-sm\" href=\"\/de\/unsere-angebote\/\">\n\t\t\t\t\t\t<span class=\"elementor-button-content-wrapper\">\n\t\t\t\t\t\t\t\t\t<span class=\"elementor-button-text\">Mehr erfahren<\/span>\n\t\t\t\t\t<\/span>\n\t\t\t\t\t<\/a>\n\t\t\t\t\t\t\t\t<\/div>\n\t\t\t\t<\/div>\n\t\t\t\t\t<\/div>\n\t\t\t\t<\/div>\n\t\t<div class=\"elementor-element elementor-element-15e5306 e-flex e-con-boxed e-con e-parent\" data-id=\"15e5306\" data-element_type=\"container\" data-e-type=\"container\">\n\t\t\t\t\t<div class=\"e-con-inner\">\n\t\t<div class=\"elementor-element elementor-element-8b244e9 e-con-full e-flex e-con e-child\" data-id=\"8b244e9\" data-element_type=\"container\" data-e-type=\"container\" data-settings=\"{&quot;background_background&quot;:&quot;classic&quot;}\">\n\t\t<div class=\"elementor-element elementor-element-f41080a e-flex e-con-boxed e-con e-child\" data-id=\"f41080a\" data-element_type=\"container\" data-e-type=\"container\">\n\t\t\t\t\t<div class=\"e-con-inner\">\n\t\t\t\t<div class=\"elementor-element elementor-element-d46b1eb elementor-widget elementor-widget-heading\" data-id=\"d46b1eb\" data-element_type=\"widget\" data-e-type=\"widget\" data-widget_type=\"heading.default\">\n\t\t\t\t\t<h2 class=\"elementor-heading-title elementor-size-default\">Die Vorteile, \u00fcber einen Autobevollm\u00e4chtigten zu gehen<\/h2>\t\t\t\t<\/div>\n\t\t\t\t<div class=\"elementor-element elementor-element-4fe81fa elementor-widget-divider--view-line elementor-widget elementor-widget-divider\" data-id=\"4fe81fa\" data-element_type=\"widget\" data-e-type=\"widget\" data-widget_type=\"divider.default\">\n\t\t\t\t\t\t\t<div class=\"elementor-divider\">\n\t\t\t<span class=\"elementor-divider-separator\">\n\t\t\t\t\t\t<\/span>\n\t\t<\/div>\n\t\t\t\t\t\t<\/div>\n\t\t\t\t\t<\/div>\n\t\t\t\t<\/div>\n\t\t\t\t<div class=\"elementor-element elementor-element-51f112e elementor-widget elementor-widget-text-editor\" data-id=\"51f112e\" data-element_type=\"widget\" data-e-type=\"widget\" data-widget_type=\"text-editor.default\">\n\t\t\t\t\t\t\t\t\t<p>Der Kauf eines Autos in Europa kann sich als kompliziert erweisen. Gl\u00fccklicherweise gibt es einen <b>Autobevollm\u00e4chtigter<\/b> kann diesen Prozess vereinfachen. Als Vermittler zwischen K\u00e4ufer und Verk\u00e4ufer erm\u00f6glicht er den Erwerb von Fahrzeugen zu wettbewerbsf\u00e4higen Preisen, die oft unter denen der \u00f6rtlichen Autoh\u00e4user liegen.<\/p>\t\t\t\t\t\t\t\t<\/div>\n\t\t<div class=\"elementor-element elementor-element-cf32b9f e-flex e-con-boxed e-con e-child\" data-id=\"cf32b9f\" data-element_type=\"container\" data-e-type=\"container\">\n\t\t\t\t\t<div class=\"e-con-inner\">\n\t\t\t\t<div class=\"elementor-element elementor-element-039aec2 elementor-widget elementor-widget-heading\" data-id=\"039aec2\" data-element_type=\"widget\" data-e-type=\"widget\" data-widget_type=\"heading.default\">\n\t\t\t\t\t<h2 class=\"elementor-heading-title elementor-size-default\">Warum sollte man sich f\u00fcr einen Autobevollm\u00e4chtigten entscheiden?<\/h2>\t\t\t\t<\/div>\n\t\t\t\t<div class=\"elementor-element elementor-element-de6c702 elementor-widget-divider--view-line elementor-widget elementor-widget-divider\" data-id=\"de6c702\" data-element_type=\"widget\" data-e-type=\"widget\" data-widget_type=\"divider.default\">\n\t\t\t\t\t\t\t<div class=\"elementor-divider\">\n\t\t\t<span class=\"elementor-divider-separator\">\n\t\t\t\t\t\t<\/span>\n\t\t<\/div>\n\t\t\t\t\t\t<\/div>\n\t\t\t\t\t<\/div>\n\t\t\t\t<\/div>\n\t\t\t\t<div class=\"elementor-element elementor-element-8a816f2 elementor-widget elementor-widget-text-editor\" data-id=\"8a816f2\" data-element_type=\"widget\" data-e-type=\"widget\" data-widget_type=\"text-editor.default\">\n\t\t\t\t\t\t\t\t\t<ul><li><strong>Attraktive Preise<\/strong>\u00a0Autoh\u00e4ndler: Autoh\u00e4ndler handeln g\u00fcnstige Preise aus, indem sie Fahrzeuge in gro\u00dfen Mengen kaufen.<\/li><li><strong>Gro\u00dfe Auswahl an Fahrzeugen<\/strong>\u00a0: Ein umfangreiches Inventar an neuen und gebrauchten Modellen.<\/li><li><strong>Transparenz<\/strong>\u00a0: Die Bevollm\u00e4chtigten liefern klare Informationen zu den Fahrzeugen, einschlie\u00dflich ihrer Geschichte.<\/li><li><strong>Schl\u00fcsselfertiger Service<\/strong>\u00a0: Von der Suche nach dem Fahrzeug bis zu seiner Auslieferung k\u00fcmmert sich der Bevollm\u00e4chtigte um alles.<\/li><\/ul><p>Durch die Wahl eines\u00a0<strong>Autobevollm\u00e4chtigter<\/strong>\u00a0f\u00fcr Ihren Kauf erhalten Sie eine stressfreie Erfahrung mit der Gewissheit, ein hochwertiges Fahrzeug zum besten Preis zu erhalten.<\/p>\t\t\t\t\t\t\t\t<\/div>\n\t\t<div class=\"elementor-element elementor-element-319ac85 e-flex e-con-boxed e-con e-child\" data-id=\"319ac85\" data-element_type=\"container\" data-e-type=\"container\">\n\t\t\t\t\t<div class=\"e-con-inner\">\n\t\t\t\t<div class=\"elementor-element elementor-element-cab1635 elementor-widget elementor-widget-heading\" data-id=\"cab1635\" data-element_type=\"widget\" data-e-type=\"widget\" data-widget_type=\"heading.default\">\n\t\t\t\t\t<h2 class=\"elementor-heading-title elementor-size-default\">Einen Autobevollm\u00e4chtigten in verschiedenen europ\u00e4ischen L\u00e4ndern finden<\/h2>\t\t\t\t<\/div>\n\t\t\t\t<div class=\"elementor-element elementor-element-c142627 elementor-widget-divider--view-line elementor-widget elementor-widget-divider\" data-id=\"c142627\" data-element_type=\"widget\" data-e-type=\"widget\" data-widget_type=\"divider.default\">\n\t\t\t\t\t\t\t<div class=\"elementor-divider\">\n\t\t\t<span class=\"elementor-divider-separator\">\n\t\t\t\t\t\t<\/span>\n\t\t<\/div>\n\t\t\t\t\t\t<\/div>\n\t\t\t\t\t<\/div>\n\t\t\t\t<\/div>\n\t\t\t\t<div class=\"elementor-element elementor-element-07b7258 elementor-widget elementor-widget-text-editor\" data-id=\"07b7258\" data-element_type=\"widget\" data-e-type=\"widget\" data-widget_type=\"text-editor.default\">\n\t\t\t\t\t\t\t\t\t<p>Jedes europ\u00e4ische Land bietet einzigartige M\u00f6glichkeiten f\u00fcr den Autokauf. Hier sind einige Beispiele f\u00fcr beliebte Reiseziele f\u00fcr Autoh\u00e4ndler :<\/p>\t\t\t\t\t\t\t\t<\/div>\n\t\t\t\t<div class=\"elementor-element elementor-element-831edfb elementor-widget elementor-widget-icon-box\" data-id=\"831edfb\" data-element_type=\"widget\" data-e-type=\"widget\" data-widget_type=\"icon-box.default\">\n\t\t\t\t\t\t\t<div class=\"elementor-icon-box-wrapper\">\n\n\t\t\t\n\t\t\t\t\t\t<div class=\"elementor-icon-box-content\">\n\n\t\t\t\t\t\t\t\t\t<h3 class=\"elementor-icon-box-title\">\n\t\t\t\t\t\t<span  >\n\t\t\t\t\t\t\tAutobevollm\u00e4chtigter in Deutschland\t\t\t\t\t\t<\/span>\n\t\t\t\t\t<\/h3>\n\t\t\t\t\n\t\t\t\t\t\t\t\t\t<p class=\"elementor-icon-box-description\">\n\t\t\t\t\t\tDeutschland ist f\u00fcr seine hochwertigen Autos bekannt. \u00dcber einen Autoh\u00e4ndler in Deutschland k\u00f6nnen Sie Zugang zu prestigetr\u00e4chtigen Fahrzeugen zu wettbewerbsf\u00e4higen Preisen erhalten. Erfahren Sie mehr \u00fcber unseren Service in Deutschland. \t\t\t\t\t<\/p>\n\t\t\t\t\n\t\t\t<\/div>\n\t\t\t\n\t\t<\/div>\n\t\t\t\t\t\t<\/div>\n\t\t\t\t<div class=\"elementor-element elementor-element-da49fe3 elementor-widget elementor-widget-icon-box\" data-id=\"da49fe3\" data-element_type=\"widget\" data-e-type=\"widget\" data-widget_type=\"icon-box.default\">\n\t\t\t\t\t\t\t<div class=\"elementor-icon-box-wrapper\">\n\n\t\t\t\n\t\t\t\t\t\t<div class=\"elementor-icon-box-content\">\n\n\t\t\t\t\t\t\t\t\t<h3 class=\"elementor-icon-box-title\">\n\t\t\t\t\t\t<span  >\n\t\t\t\t\t\t\tAutobevollm\u00e4chtigter in Spanien\t\t\t\t\t\t<\/span>\n\t\t\t\t\t<\/h3>\n\t\t\t\t\n\t\t\t\t\t\t\t\t\t<p class=\"elementor-icon-box-description\">\n\t\t\t\t\t\tSpanien bietet auch gute Angebote f\u00fcr Autos, insbesondere f\u00fcr gebrauchte Modelle. Ein Autoh\u00e4ndler in Spanien hilft Ihnen dabei, das ideale Fahrzeug zu finden, das Ihren Bed\u00fcrfnissen entspricht.\n\n\t\t\t\t\t<\/p>\n\t\t\t\t\n\t\t\t<\/div>\n\t\t\t\n\t\t<\/div>\n\t\t\t\t\t\t<\/div>\n\t\t\t\t<div class=\"elementor-element elementor-element-6e5491c elementor-widget elementor-widget-icon-box\" data-id=\"6e5491c\" data-element_type=\"widget\" data-e-type=\"widget\" data-widget_type=\"icon-box.default\">\n\t\t\t\t\t\t\t<div class=\"elementor-icon-box-wrapper\">\n\n\t\t\t\n\t\t\t\t\t\t<div class=\"elementor-icon-box-content\">\n\n\t\t\t\t\t\t\t\t\t<h3 class=\"elementor-icon-box-title\">\n\t\t\t\t\t\t<span  >\n\t\t\t\t\t\t\tAutobevollm\u00e4chtigter in Italien\t\t\t\t\t\t<\/span>\n\t\t\t\t\t<\/h3>\n\t\t\t\t\n\t\t\t\t\t\t\t\t\t<p class=\"elementor-icon-box-description\">\n\t\t\t\t\t\tItalien ist ber\u00fchmt f\u00fcr seine Sportwagen und eleganten Modelle. Ein Autobevollm\u00e4chtigter Italien kann den Kauf dieser Fahrzeuge erleichtern. \t\t\t\t\t<\/p>\n\t\t\t\t\n\t\t\t<\/div>\n\t\t\t\n\t\t<\/div>\n\t\t\t\t\t\t<\/div>\n\t\t\t\t<div class=\"elementor-element elementor-element-010f515 elementor-widget elementor-widget-icon-box\" data-id=\"010f515\" data-element_type=\"widget\" data-e-type=\"widget\" data-widget_type=\"icon-box.default\">\n\t\t\t\t\t\t\t<div class=\"elementor-icon-box-wrapper\">\n\n\t\t\t\n\t\t\t\t\t\t<div class=\"elementor-icon-box-content\">\n\n\t\t\t\t\t\t\t\t\t<h3 class=\"elementor-icon-box-title\">\n\t\t\t\t\t\t<span  >\n\t\t\t\t\t\t\tAutobevollm\u00e4chtigter in \u00d6sterreich\t\t\t\t\t\t<\/span>\n\t\t\t\t\t<\/h3>\n\t\t\t\t\n\t\t\t\t\t\t\t\t\t<p class=\"elementor-icon-box-description\">\n\t\t\t\t\t\t\u00d6sterreich ist ein weniger bekanntes, aber interessantes Ziel f\u00fcr den Autokauf. Ein Autoh\u00e4ndler in \u00d6sterreich kann attraktive Angebote in dem Land aufsp\u00fcren.\t\t\t\t\t<\/p>\n\t\t\t\t\n\t\t\t<\/div>\n\t\t\t\n\t\t<\/div>\n\t\t\t\t\t\t<\/div>\n\t\t\t\t<div class=\"elementor-element elementor-element-b2b48fb elementor-widget elementor-widget-icon-box\" data-id=\"b2b48fb\" data-element_type=\"widget\" data-e-type=\"widget\" data-widget_type=\"icon-box.default\">\n\t\t\t\t\t\t\t<div class=\"elementor-icon-box-wrapper\">\n\n\t\t\t\n\t\t\t\t\t\t<div class=\"elementor-icon-box-content\">\n\n\t\t\t\t\t\t\t\t\t<h3 class=\"elementor-icon-box-title\">\n\t\t\t\t\t\t<span  >\n\t\t\t\t\t\t\tAutobevollm\u00e4chtigter in Belgien\t\t\t\t\t\t<\/span>\n\t\t\t\t\t<\/h3>\n\t\t\t\t\n\t\t\t\t\t\t\t\t\t<p class=\"elementor-icon-box-description\">\n\t\t\t\t\t\tBelgien ist ein ausgezeichneter Ausgangspunkt f\u00fcr den Kauf von Gebrauchtwagen. Ein belgischer Autobevollm\u00e4chtigter wird Sie durch den belgischen Prozess f\u00fchren.\t\t\t\t\t<\/p>\n\t\t\t\t\n\t\t\t<\/div>\n\t\t\t\n\t\t<\/div>\n\t\t\t\t\t\t<\/div>\n\t\t\t\t<div class=\"elementor-element elementor-element-343ed3f elementor-widget elementor-widget-icon-box\" data-id=\"343ed3f\" data-element_type=\"widget\" data-e-type=\"widget\" data-widget_type=\"icon-box.default\">\n\t\t\t\t\t\t\t<div class=\"elementor-icon-box-wrapper\">\n\n\t\t\t\n\t\t\t\t\t\t<div class=\"elementor-icon-box-content\">\n\n\t\t\t\t\t\t\t\t\t<h3 class=\"elementor-icon-box-title\">\n\t\t\t\t\t\t<span  >\n\t\t\t\t\t\t\tAutobevollm\u00e4chtigter in den Niederlanden\t\t\t\t\t\t<\/span>\n\t\t\t\t\t<\/h3>\n\t\t\t\t\n\t\t\t\t\t\t\t\t\t<p class=\"elementor-icon-box-description\">\n\t\t\t\t\t\tDie Niederlande bieten eine gro\u00dfe Auswahl an Fahrzeugen zu g\u00fcnstigen Preisen. Ein Autoh\u00e4ndler in den Niederlanden kann Ihnen helfen, das perfekte Fahrzeug zu finden.\t\t\t\t\t<\/p>\n\t\t\t\t\n\t\t\t<\/div>\n\t\t\t\n\t\t<\/div>\n\t\t\t\t\t\t<\/div>\n\t\t<div class=\"elementor-element elementor-element-0b13164 e-con-full e-flex e-con e-child\" data-id=\"0b13164\" data-element_type=\"container\" data-e-type=\"container\">\n\t\t\t\t<div class=\"elementor-element elementor-element-b139d01 elementor-widget elementor-widget-heading\" data-id=\"b139d01\" data-element_type=\"widget\" data-e-type=\"widget\" data-widget_type=\"heading.default\">\n\t\t\t\t\t<h2 class=\"elementor-heading-title elementor-size-default\">Die \u00fcber einen Autobevollm\u00e4chtigten verf\u00fcgbaren Fahrzeugoptionen<\/h2>\t\t\t\t<\/div>\n\t\t\t\t<div class=\"elementor-element elementor-element-2753cd6 elementor-widget-divider--view-line elementor-widget elementor-widget-divider\" data-id=\"2753cd6\" data-element_type=\"widget\" data-e-type=\"widget\" data-widget_type=\"divider.default\">\n\t\t\t\t\t\t\t<div class=\"elementor-divider\">\n\t\t\t<span class=\"elementor-divider-separator\">\n\t\t\t\t\t\t<\/span>\n\t\t<\/div>\n\t\t\t\t\t\t<\/div>\n\t\t\t\t<\/div>\n\t\t\t\t<div class=\"elementor-element elementor-element-fefe542 elementor-widget elementor-widget-text-editor\" data-id=\"fefe542\" data-element_type=\"widget\" data-e-type=\"widget\" data-widget_type=\"text-editor.default\">\n\t\t\t\t\t\t\t\t\t<p>Einer der Hauptvorteile der Arbeit mit einem\u00a0<strong>Autobevollm\u00e4chtigter<\/strong>\u00a0ist die Vielfalt der verf\u00fcgbaren Fahrzeuge. Egal, ob Sie einen Neu- oder Gebrauchtwagen suchen, die Optionen sind gro\u00df und vielf\u00e4ltig.<\/p><h3>Autobevollm\u00e4chtigter: eine gro\u00dfe Auswahl<\/h3><p>Durch einen\u00a0<strong>Autobevollm\u00e4chtigter<\/strong>Sie k\u00f6nnen auf Modelle verschiedener Marken, Gr\u00f6\u00dfen und Preisklassen zugreifen. Zu den verf\u00fcgbaren Fahrzeugen geh\u00f6ren :<\/p><ul><li>Neuwagen: F\u00fcr diejenigen, die ein neues Modell mit der neuesten Technologie w\u00fcnschen.<\/li><li><strong>Mandant Gebrauchtwagen<\/strong>\u00a0: F\u00fcr diejenigen, die nach einer erschwinglicheren Option suchen, stehen auch hochwertige Gebrauchtwagen zur Verf\u00fcgung.<\/li><\/ul><h3>Bevollm\u00e4chtigter Gebrauchtwagen<\/h3><p>F\u00fcr preisbewusste K\u00e4ufer ist ein\u00a0<strong>Bevollm\u00e4chtigter f\u00fcr Gebrauchtwagen<\/strong>\u00a0ist eine ausgezeichnete Option. Sie k\u00f6nnen gut gepflegte und neue Autos zu Preisen finden, die weit unter denen von Neuwagen liegen. Die Bevollm\u00e4chtigten garantieren die Qualit\u00e4t und Transparenz der angebotenen Fahrzeuge.<\/p><h3>Autobevollm\u00e4chtigte in verschiedenen L\u00e4ndern<\/h3><p>Jedes Land bietet einzigartige M\u00f6glichkeiten f\u00fcr den Kauf von Gebrauchtwagen. Zum Beispiel :<\/p><ul><li><strong>Bevollm\u00e4chtigter Auto Spanien<\/strong>\u00a0: gut gewartete Fahrzeuge mit einem guten Preis-Leistungs-Verh\u00e4ltnis.<\/li><li><strong>Autobevollm\u00e4chtigter Belgien<\/strong>\u00a0: eine Vielzahl von Modellen und konkurrenzf\u00e4hige Preise.<\/li><\/ul>\t\t\t\t\t\t\t\t<\/div>\n\t\t<div class=\"elementor-element elementor-element-9360513 e-con-full e-flex e-con e-child\" data-id=\"9360513\" data-element_type=\"container\" data-e-type=\"container\">\n\t\t\t\t<div class=\"elementor-element elementor-element-4dbf266 elementor-widget elementor-widget-heading\" data-id=\"4dbf266\" data-element_type=\"widget\" data-e-type=\"widget\" data-widget_type=\"heading.default\">\n\t\t\t\t\t<h2 class=\"elementor-heading-title elementor-size-default\">Wie w\u00e4hlt man den richtigen Autobevollm\u00e4chtigten?<\/h2>\t\t\t\t<\/div>\n\t\t\t\t<div class=\"elementor-element elementor-element-2e4e03e elementor-widget-divider--view-line elementor-widget elementor-widget-divider\" data-id=\"2e4e03e\" data-element_type=\"widget\" data-e-type=\"widget\" data-widget_type=\"divider.default\">\n\t\t\t\t\t\t\t<div class=\"elementor-divider\">\n\t\t\t<span class=\"elementor-divider-separator\">\n\t\t\t\t\t\t<\/span>\n\t\t<\/div>\n\t\t\t\t\t\t<\/div>\n\t\t\t\t<\/div>\n\t\t\t\t<div class=\"elementor-element elementor-element-a65b4b5 elementor-widget elementor-widget-text-editor\" data-id=\"a65b4b5\" data-element_type=\"widget\" data-e-type=\"widget\" data-widget_type=\"text-editor.default\">\n\t\t\t\t\t\t\t\t\t<p>Die Wahl des richtigen Autobevollm\u00e4chtigten ist entscheidend, um einen sicheren und sorgenfreien Kauf zu gew\u00e4hrleisten.<\/p><h3>Kriterien f\u00fcr die Auswahl eines Autobevollm\u00e4chtigten<\/h3><ul><li><strong>Reputation und Kundenmeinungen<\/strong>\u00a0: Suchen Sie nach Meinungen und Erfahrungsberichten, um die Zuverl\u00e4ssigkeit des Bevollm\u00e4chtigten zu beurteilen.<\/li><li><strong>Transparenz der Dienstleistungen<\/strong>\u00a0: Stellen Sie sicher, dass der Bevollm\u00e4chtigte volle Transparenz \u00fcber die Fahrzeuge und Kosten bietet.<\/li><li><strong>Angebotene Dienste<\/strong>\u00a0: \u00dcberpr\u00fcfen Sie, ob der Bevollm\u00e4chtigte einen umfassenden Service anbietet, der die Suche nach dem Fahrzeug, die Preisverhandlung und die Lieferung umfasst.<\/li><\/ul>\t\t\t\t\t\t\t\t<\/div>\n\t\t<div class=\"elementor-element elementor-element-1048a6d e-con-full e-flex e-con e-child\" data-id=\"1048a6d\" data-element_type=\"container\" data-e-type=\"container\">\n\t\t\t\t<div class=\"elementor-element elementor-element-ba5802b elementor-widget elementor-widget-heading\" data-id=\"ba5802b\" data-element_type=\"widget\" data-e-type=\"widget\" data-widget_type=\"heading.default\">\n\t\t\t\t\t<h2 class=\"elementor-heading-title elementor-size-default\">Autobevollm\u00e4chtigter in Europa<\/h2>\t\t\t\t<\/div>\n\t\t\t\t<div class=\"elementor-element elementor-element-bde05c2 elementor-widget-divider--view-line elementor-widget elementor-widget-divider\" data-id=\"bde05c2\" data-element_type=\"widget\" data-e-type=\"widget\" data-widget_type=\"divider.default\">\n\t\t\t\t\t\t\t<div class=\"elementor-divider\">\n\t\t\t<span class=\"elementor-divider-separator\">\n\t\t\t\t\t\t<\/span>\n\t\t<\/div>\n\t\t\t\t\t\t<\/div>\n\t\t\t\t<\/div>\n\t\t\t\t<div class=\"elementor-element elementor-element-c1ecdae elementor-widget elementor-widget-text-editor\" data-id=\"c1ecdae\" data-element_type=\"widget\" data-e-type=\"widget\" data-widget_type=\"text-editor.default\">\n\t\t\t\t\t\t\t\t\t<p>Je nach Ihren Bed\u00fcrfnissen k\u00f6nnen Sie einen Autoh\u00e4ndler w\u00e4hlen, der auf Importe aus einem bestimmten Land spezialisiert ist :<\/p><ul><li><strong>Autobevollm\u00e4chtigter Deutschland<\/strong>\u00a0f\u00fcr qualitativ hochwertige Fahrzeuge.<\/li><li><strong>Autobevollm\u00e4chtigter Spanien<\/strong>\u00a0f\u00fcr interessante Angebote f\u00fcr Gebrauchtwagen.<\/li><li><strong>Autobevollm\u00e4chtigter Italien<\/strong>\u00a0f\u00fcr elegante und sportliche Autos.<\/li><li><strong>Autobevollm\u00e4chtigter \u00d6sterreich<\/strong>\u00a0f\u00fcr weniger g\u00e4ngige, aber attraktive Modelle.<\/li><li><strong>Autobevollm\u00e4chtigter Belgien<\/strong>\u00a0f\u00fcr eine breite Palette von Fahrzeugen zu wettbewerbsf\u00e4higen Preisen.<\/li><li><strong>Autobevollm\u00e4chtigter Niederlande<\/strong>\u00a0f\u00fcr vielf\u00e4ltige und erschwingliche Autos.<\/li><\/ul><p>W\u00e4hlen Sie einen\u00a0<strong>Autobevollm\u00e4chtigter<\/strong>\u00a0f\u00fcr den Kauf Ihres Autos in Europa bietet Ihnen zahlreiche Vorteile, von attraktiven Preisen bis hin zu einer gro\u00dfen Auswahl. Vertrauen Sie einem Bevollm\u00e4chtigten, um das Fahrzeug zu finden, das Ihren Bed\u00fcrfnissen und Ihrem Budget entspricht.<\/p>\t\t\t\t\t\t\t\t<\/div>\n\t\t\t\t<\/div>\n\t\t\t\t\t<\/div>\n\t\t\t\t<\/div>\n\t\t\t\t<\/div>","protected":false},"excerpt":{"rendered":"<p>Allemagne, Italie, Pays-Bas, Autriche, Belgique et Su\u00e8de Avec EST TRULUXCARS, votre partenaire mandataire auto Allemagne, r\u00e9alisez la bonne affaire en achetant directement dans les plus grandes concessions. Effectuez vous-m\u00eame votre recherche auto sur les sites \u00ab Vous avez trouv\u00e9 un v\u00e9hicule qui vous int\u00e9resse et vous voulez en savoir plus ? Nous appelons le vendeur [&hellip;]<\/p>","protected":false},"author":1,"featured_media":0,"parent":0,"menu_order":0,"comment_status":"closed","ping_status":"closed","template":"","meta":{"footnotes":""},"class_list":["post-28035","page","type-page","status-publish","hentry"],"jetpack_sharing_enabled":true,"_links":{"self":[{"href":"https:\/\/truluxcars.com\/de\/wp-json\/wp\/v2\/pages\/28035","targetHints":{"allow":["GET"]}}],"collection":[{"href":"https:\/\/truluxcars.com\/de\/wp-json\/wp\/v2\/pages"}],"about":[{"href":"https:\/\/truluxcars.com\/de\/wp-json\/wp\/v2\/types\/page"}],"author":[{"embeddable":true,"href":"https:\/\/truluxcars.com\/de\/wp-json\/wp\/v2\/users\/1"}],"replies":[{"embeddable":true,"href":"https:\/\/truluxcars.com\/de\/wp-json\/wp\/v2\/comments?post=28035"}],"version-history":[{"count":5,"href":"https:\/\/truluxcars.com\/de\/wp-json\/wp\/v2\/pages\/28035\/revisions"}],"predecessor-version":[{"id":30951,"href":"https:\/\/truluxcars.com\/de\/wp-json\/wp\/v2\/pages\/28035\/revisions\/30951"}],"wp:attachment":[{"href":"https:\/\/truluxcars.com\/de\/wp-json\/wp\/v2\/media?parent=28035"}],"curies":[{"name":"wp","href":"https:\/\/api.w.org\/{rel}","templated":true}]}}