{"id":28078,"date":"2025-09-28T11:05:52","date_gmt":"2025-09-28T09:05:52","guid":{"rendered":"https:\/\/truluxcars.com\/?page_id=28078"},"modified":"2025-11-20T08:47:48","modified_gmt":"2025-11-20T07:47:48","slug":"wie-man-importiert","status":"publish","type":"page","link":"https:\/\/truluxcars.com\/de\/wie-man-importiert\/","title":{"rendered":"Wie importiert man?"},"content":{"rendered":"<div data-elementor-type=\"wp-page\" data-elementor-id=\"28078\" class=\"elementor elementor-28078\" data-elementor-post-type=\"page\">\n\t\t\t\t<div class=\"elementor-element elementor-element-ec87e37 e-flex e-con-boxed e-con e-parent\" data-id=\"ec87e37\" data-element_type=\"container\" data-e-type=\"container\" data-settings=\"{&quot;background_background&quot;:&quot;classic&quot;}\">\n\t\t\t\t\t<div class=\"e-con-inner\">\n\t\t\t\t<div class=\"elementor-element elementor-element-22927b4 elementor-widget__width-initial elementor-widget elementor-widget-heading\" data-id=\"22927b4\" data-element_type=\"widget\" data-e-type=\"widget\" data-widget_type=\"heading.default\">\n\t\t\t\t\t<h2 class=\"elementor-heading-title elementor-size-default\">Wie importiert man?<\/h2>\t\t\t\t<\/div>\n\t\t\t\t<div class=\"elementor-element elementor-element-0a9e280 elementor-widget__width-initial elementor-widget elementor-widget-text-editor\" data-id=\"0a9e280\" data-element_type=\"widget\" data-e-type=\"widget\" data-widget_type=\"text-editor.default\">\n\t\t\t\t\t\t\t\t\t<p>Ich selbst suche auf den wichtigsten europ\u00e4ischen Websites f\u00fcr Autoanzeigen:\u00a0<span style=\"text-decoration: underline;\"><strong><a href=\"http:\/\/autoscout24.fr\/\" target=\"_blank\" rel=\"noopener\" data-saferedirecturl=\"https:\/\/www.google.com\/url?q=http:\/\/autoscout24.fr&amp;source=gmail&amp;ust=1748508533652000&amp;usg=AOvVaw0hPUTD1vp_xvOTAn20Qdmo\">autoscout24.de<\/a><\/strong><\/span>\u00a0und\u00a0<a href=\"http:\/\/automobile.fr\/\" target=\"_blank\" rel=\"noopener\" data-saferedirecturl=\"https:\/\/www.google.com\/url?q=http:\/\/automobile.fr&amp;source=gmail&amp;ust=1748508533652000&amp;usg=AOvVaw0n5L0_Bf3FlfNE67qTz_lC\"><wbr \/><span style=\"text-decoration: underline;\"><strong>automobil.de<\/strong><\/span><\/a>oder\u00a0<a href=\"http:\/\/subito.it\/\" target=\"_blank\" rel=\"noopener\" data-saferedirecturl=\"https:\/\/www.google.com\/url?q=http:\/\/subito.it&amp;source=gmail&amp;ust=1748508533652000&amp;usg=AOvVaw1MmF91XClCD2L8KxHVi8tY\">subito.it<\/a>, maarktplatz,\u00a0<span style=\"text-decoration: underline;\"><strong><a href=\"http:\/\/coches.es\/\" target=\"_blank\" rel=\"noopener\" data-saferedirecturl=\"https:\/\/www.google.com\/url?q=http:\/\/coches.es&amp;source=gmail&amp;ust=1748508533652000&amp;usg=AOvVaw2x2MOwzWn0a6fm20LmKNEm\">coches.es<\/a><\/strong><\/span>,\u00a0<span style=\"text-decoration: underline;\"><strong><a href=\"http:\/\/blocket.se\/\" target=\"_blank\" rel=\"noopener\" data-saferedirecturl=\"https:\/\/www.google.com\/url?q=http:\/\/blocket.se&amp;source=gmail&amp;ust=1748508533652000&amp;usg=AOvVaw01Y25rScp3tYt8Ac0jJQfz\">blocke<wbr \/>t.se<\/a><\/strong><\/span>\u00a0...<\/p>\t\t\t\t\t\t\t\t<\/div>\n\t\t\t\t\t<\/div>\n\t\t\t\t<\/div>\n\t\t<div class=\"elementor-element elementor-element-614368b e-flex e-con-boxed e-con e-parent\" data-id=\"614368b\" data-element_type=\"container\" data-e-type=\"container\">\n\t\t\t\t\t<div class=\"e-con-inner\">\n\t\t\t\t<div class=\"elementor-element elementor-element-db6bca6 elementor-widget elementor-widget-video\" data-id=\"db6bca6\" data-element_type=\"widget\" data-e-type=\"widget\" data-settings=\"{&quot;video_type&quot;:&quot;hosted&quot;,&quot;autoplay&quot;:&quot;yes&quot;,&quot;controls&quot;:&quot;yes&quot;}\" data-widget_type=\"video.default\">\n\t\t\t\t\t\t\t<div class=\"e-hosted-video elementor-wrapper elementor-open-inline\">\n\t\t\t\t\t<video class=\"elementor-video\" src=\"https:\/\/truluxcars.com\/wp-content\/uploads\/2025\/11\/Importer-Vehicule-EST-TRULUXCARS.mp4\" autoplay=\"\" controls=\"\" controlslist=\"nodownload\"><\/video>\n\t\t\t\t<\/div>\n\t\t\t\t\t\t<\/div>\n\t\t<div class=\"elementor-element elementor-element-bae7b34 e-con-full e-flex e-con e-child\" data-id=\"bae7b34\" data-element_type=\"container\" data-e-type=\"container\" data-settings=\"{&quot;background_background&quot;:&quot;classic&quot;}\">\n\t\t<div class=\"elementor-element elementor-element-8e64d0f e-con-full e-flex e-con e-child\" data-id=\"8e64d0f\" data-element_type=\"container\" data-e-type=\"container\">\n\t\t\t\t<div class=\"elementor-element elementor-element-60c6922 elementor-view-default elementor-widget elementor-widget-icon\" data-id=\"60c6922\" data-element_type=\"widget\" data-e-type=\"widget\" data-widget_type=\"icon.default\">\n\t\t\t\t\t\t\t<div class=\"elementor-icon-wrapper\">\n\t\t\t<div class=\"elementor-icon\">\n\t\t\t<svg xmlns=\"http:\/\/www.w3.org\/2000\/svg\" width=\"24\" height=\"24\" viewbox=\"0 0 24 24\"><path fill=\"#048099\" d=\"M10.68 2.105a2.63 2.63 0 0 1 2.64 0l.001.001l6.611 3.8A2.65 2.65 0 0 1 21.25 8.2v7.603a2.66 2.66 0 0 1-1.318 2.291l-.003.002l-6.608 3.799h-.002a2.63 2.63 0 0 1-2.639 0h-.001l-6.608-3.8h-.003A2.64 2.64 0 0 1 2.75 15.8V8.198a2.66 2.66 0 0 1 1.318-2.291l.003-.002zM13.5 8a.75.75 0 0 0-1.191-.607l-2.75 2a.75.75 0 1 0 .882 1.214l1.56-1.134V16a.75.75 0 1 0 1.5 0z\"><\/path><\/svg>\t\t\t<\/div>\n\t\t<\/div>\n\t\t\t\t\t\t<\/div>\n\t\t\t\t<\/div>\n\t\t<div class=\"elementor-element elementor-element-c144b42 e-con-full e-flex e-con e-child\" data-id=\"c144b42\" data-element_type=\"container\" data-e-type=\"container\">\n\t\t<div class=\"elementor-element elementor-element-ed4b1e4 e-con-full e-flex e-con e-child\" data-id=\"ed4b1e4\" data-element_type=\"container\" data-e-type=\"container\">\n\t\t\t\t<div class=\"elementor-element elementor-element-aa4cecc elementor-widget elementor-widget-heading\" data-id=\"aa4cecc\" data-element_type=\"widget\" data-e-type=\"widget\" data-widget_type=\"heading.default\">\n\t\t\t\t\t<h2 class=\"elementor-heading-title elementor-size-default\">Service \"Info &amp; Nego\" - Sparen Sie Zeit, vermeiden Sie b\u00f6se \u00dcberraschungen<\/h2>\t\t\t\t<\/div>\n\t\t\t\t<div class=\"elementor-element elementor-element-0e90ee9 elementor-hidden-mobile elementor-widget-divider--view-line elementor-widget elementor-widget-divider\" data-id=\"0e90ee9\" data-element_type=\"widget\" data-e-type=\"widget\" data-widget_type=\"divider.default\">\n\t\t\t\t\t\t\t<div class=\"elementor-divider\">\n\t\t\t<span class=\"elementor-divider-separator\">\n\t\t\t\t\t\t<\/span>\n\t\t<\/div>\n\t\t\t\t\t\t<\/div>\n\t\t\t\t<\/div>\n\t\t\t\t<div class=\"elementor-element elementor-element-e8268ae elementor-widget elementor-widget-text-editor\" data-id=\"e8268ae\" data-element_type=\"widget\" data-e-type=\"widget\" data-widget_type=\"text-editor.default\">\n\t\t\t\t\t\t\t\t\t<p>Sobald ich mein Fahrzeug gefunden habe (\u00fcber die Plattformen f\u00fcr Autoanzeigen oder die kostenlose personalisierte Suche), w\u00e4hle ich das gew\u00fcnschte Fahrzeug aus.<span class=\"gmail_default\">e Dienst<\/span>\u00a0<strong>\"\u00a0<span style=\"text-decoration: underline;\"><a class=\"__mPS2id\" href=\"\/de\/unsere-angebote\/#info\" target=\"_blank\" rel=\"noopener\">Info &amp; Nego<\/a>\u00a0<\/span>\"<\/strong>. Bei der Bestellung gebe ich einfach den URL-Link der betreffenden Anzeige in das vorgesehene Feld ein.<\/p><p>Innerhalb von 2 Arbeitsstunden,\u00a0<strong>EST TRULUXCARS kontaktiert den Verk\u00e4ufer<\/strong>\u00a0f\u00fcr :<\/p><ul><li>Erhalten Sie<b>\u00a0genaue Infos<\/b>\u00a0auf dem Fahrzeug<\/li><li>Versuchen Sie eine\u00a0<strong>Preisverhandlung<\/strong><\/li><\/ul><p>Anschlie\u00dfend erhalte ich per E-Mail (wenn der Verk\u00e4ufer verf\u00fcgbar ist) :<\/p><ul><li>Eine\u00a0<strong>vollst\u00e4ndiger Bericht<\/strong>\u00a0des Austauschs<\/li><li>Die\u00a0<strong>Kopien der Fahrzeugpapiere<\/strong>\u00a0(im Rahmen dessen, was der Verk\u00e4ufer zu versenden bereit ist)<\/li><\/ul><p><strong>Gut zu wissen<\/strong>\u00a0: Wenn das Fahrzeug zum Zeitpunkt des Anrufs bereits verkauft ist, bleibt mein Service drei Monate lang g\u00fcltig.<\/p><p><strong>\ud83d\udc49 Option \"Check Histo\" - Europ\u00e4ische Datei<\/strong><br \/>O<span class=\"gmail_default\">btenez<\/span>\u00a0einen detaillierten Bericht, um die Geschichte des Fahrzeugs zu \u00fcberpr\u00fcfen: Diebstahl, Unf\u00e4lle, Wartungen...<\/p>\t\t\t\t\t\t\t\t<\/div>\n\t\t\t\t<\/div>\n\t\t\t\t<\/div>\n\t\t<div class=\"elementor-element elementor-element-08cfe02 e-con-full e-flex e-con e-child\" data-id=\"08cfe02\" data-element_type=\"container\" data-e-type=\"container\" data-settings=\"{&quot;background_background&quot;:&quot;classic&quot;}\">\n\t\t<div class=\"elementor-element elementor-element-a0e9764 e-con-full e-flex e-con e-child\" data-id=\"a0e9764\" data-element_type=\"container\" data-e-type=\"container\">\n\t\t\t\t<div class=\"elementor-element elementor-element-e0d0309 elementor-view-default elementor-widget elementor-widget-icon\" data-id=\"e0d0309\" data-element_type=\"widget\" data-e-type=\"widget\" data-widget_type=\"icon.default\">\n\t\t\t\t\t\t\t<div class=\"elementor-icon-wrapper\">\n\t\t\t<div class=\"elementor-icon\">\n\t\t\t<svg xmlns=\"http:\/\/www.w3.org\/2000\/svg\" width=\"24\" height=\"24\" viewbox=\"0 0 24 24\"><path fill=\"#048099\" d=\"M10.68 2.105a2.63 2.63 0 0 1 2.64 0l.001.001l6.611 3.8A2.65 2.65 0 0 1 21.25 8.2v7.603a2.66 2.66 0 0 1-1.318 2.291l-.003.002l-6.608 3.799h-.002a2.63 2.63 0 0 1-2.639 0h-.001l-6.608-3.8h-.003A2.64 2.64 0 0 1 2.75 15.8V8.198a2.66 2.66 0 0 1 1.318-2.291l.003-.002zm-.43 8.232c0-.579.207-.956.473-1.195c.279-.251.67-.392 1.085-.392s.806.14 1.085.392c.265.239.472.616.472 1.195c0 .862-.564 1.771-1.49 2.704c-.692.698-1.484 1.313-2.195 1.864q-.34.264-.65.51a.75.75 0 0 0 .47 1.335h5a.75.75 0 1 0 0-1.5h-2.84c.433-.357.876-.745 1.28-1.153c.982-.99 1.925-2.271 1.925-3.76c0-.98-.37-1.77-.969-2.31c-.587-.528-1.349-.777-2.088-.777s-1.502.249-2.089.777c-.6.54-.969 1.33-.969 2.31a.75.75 0 0 0 1.5 0\"><\/path><\/svg>\t\t\t<\/div>\n\t\t<\/div>\n\t\t\t\t\t\t<\/div>\n\t\t\t\t<\/div>\n\t\t<div class=\"elementor-element elementor-element-c6e5b10 e-con-full e-flex e-con e-child\" data-id=\"c6e5b10\" data-element_type=\"container\" data-e-type=\"container\">\n\t\t<div class=\"elementor-element elementor-element-17306c6 e-con-full e-flex e-con e-child\" data-id=\"17306c6\" data-element_type=\"container\" data-e-type=\"container\">\n\t\t\t\t<div class=\"elementor-element elementor-element-56f0310 elementor-widget elementor-widget-heading\" data-id=\"56f0310\" data-element_type=\"widget\" data-e-type=\"widget\" data-widget_type=\"heading.default\">\n\t\t\t\t\t<h2 class=\"elementor-heading-title elementor-size-default\">Video- &amp; Pr\u00fcfservice - Mit Vertrauen einkaufen<\/h2>\t\t\t\t<\/div>\n\t\t\t\t<div class=\"elementor-element elementor-element-8863679 elementor-hidden-mobile elementor-widget-divider--view-line elementor-widget elementor-widget-divider\" data-id=\"8863679\" data-element_type=\"widget\" data-e-type=\"widget\" data-widget_type=\"divider.default\">\n\t\t\t\t\t\t\t<div class=\"elementor-divider\">\n\t\t\t<span class=\"elementor-divider-separator\">\n\t\t\t\t\t\t<\/span>\n\t\t<\/div>\n\t\t\t\t\t\t<\/div>\n\t\t\t\t<\/div>\n\t\t\t\t<div class=\"elementor-element elementor-element-cff5f62 elementor-widget elementor-widget-text-editor\" data-id=\"cff5f62\" data-element_type=\"widget\" data-e-type=\"widget\" data-widget_type=\"text-editor.default\">\n\t\t\t\t\t\t\t\t\t<p>Nach Erhalt meines \"Info &amp; Nego\"-Berichts kann ich eine\u00a0<a class=\"__mPS2id\" href=\"\/de\/unsere-angebote\/#inspection\" target=\"_blank\" rel=\"noopener\"><strong><span style=\"text-decoration: underline;\">ausf\u00fchrliches Video des Fahrzeugs<\/span><\/strong>,<\/a>\u00a0Motor eingeschaltet, um mich besser projizieren zu k\u00f6nnen.<\/p><p><strong>Einfaches Verfahren<\/strong>\u00a0: Ich antworte direkt auf die E-Mail mit dem Bericht, um diesen Dienst zu aktivieren.<br \/><strong>\ud83d\udc49\u00a0<\/strong>Ich stelle den Dienst nur ein\u00a0<strong>dass nach dem Erhalt des Videos<\/strong>\u00a0von IST TRULUXCARS.<\/p><p>Zus\u00e4tzlich f\u00fchrt EST TRULUXCARS Folgendes durch\u00a0<strong>zwei \u00dcberpr\u00fcfungen des Unternehmens des Verk\u00e4ufers<\/strong>\u00a0+ ein\u00a0<strong>E-Reputations-Check<\/strong>\u00a0:<\/p><ul><li>G\u00fcltigkeit des\u00a0<strong>europ\u00e4ische Umsatzsteuer-Identifikationsnummer<\/strong><\/li><li>Anmeldung am\u00a0<strong>Unternehmensregister<\/strong><\/li><li>\u00dcberblick \u00fcber die\u00a0<strong>Online-Kundenmeinungen<\/strong><\/li><\/ul><p><strong>Optional<\/strong>\u00a0: M\u00f6glichkeit, eine\u00a0<strong>physische Inspektion des Fahrzeugs vor Ort<\/strong>beim Verk\u00e4ufer (in\u00a0<strong>Italien<\/strong>\u00a0und in\u00a0<strong>Deutschland<\/strong>\u00a0nur). \u2192\u00a0<strong>Kontaktieren Sie uns<\/strong>\u00a0f\u00fcr weitere Informationen.<\/p>\t\t\t\t\t\t\t\t<\/div>\n\t\t\t\t<\/div>\n\t\t\t\t<\/div>\n\t\t<div class=\"elementor-element elementor-element-ddc8af5 e-con-full e-flex e-con e-child\" data-id=\"ddc8af5\" data-element_type=\"container\" data-e-type=\"container\" data-settings=\"{&quot;background_background&quot;:&quot;classic&quot;}\">\n\t\t<div class=\"elementor-element elementor-element-44dcc7e e-con-full e-flex e-con e-child\" data-id=\"44dcc7e\" data-element_type=\"container\" data-e-type=\"container\">\n\t\t\t\t<div class=\"elementor-element elementor-element-ff8612c elementor-view-default elementor-widget elementor-widget-icon\" data-id=\"ff8612c\" data-element_type=\"widget\" data-e-type=\"widget\" data-widget_type=\"icon.default\">\n\t\t\t\t\t\t\t<div class=\"elementor-icon-wrapper\">\n\t\t\t<div class=\"elementor-icon\">\n\t\t\t<svg xmlns=\"http:\/\/www.w3.org\/2000\/svg\" width=\"24\" height=\"24\" viewbox=\"0 0 24 24\"><path fill=\"#048099\" d=\"M10.68 2.105a2.63 2.63 0 0 1 2.64 0l.001.001l6.611 3.8A2.65 2.65 0 0 1 21.25 8.2v7.603a2.66 2.66 0 0 1-1.318 2.291l-.003.002l-6.608 3.799h-.002a2.63 2.63 0 0 1-2.639 0h-.001l-6.608-3.8h-.003A2.64 2.64 0 0 1 2.75 15.8V8.198a2.66 2.66 0 0 1 1.318-2.291l.003-.002zm4.57 7.89c0-.936-.453-1.652-1.097-2.108c-.622-.441-1.408-.637-2.153-.637s-1.531.196-2.153.637c-.643.456-1.097 1.172-1.097 2.107a.75.75 0 1 0 1.5 0c0-.394.172-.675.465-.884c.316-.224.78-.36 1.285-.36s.969.136 1.285.36c.292.207.463.486.465.877l-.002.027c-.003.03-.008.08-.021.141a1.4 1.4 0 0 1-.176.445c-.166.267-.542.65-1.551.65a.75.75 0 0 0 0 1.5c1.01 0 1.385.383 1.551.65a1.4 1.4 0 0 1 .199.613c-.002.39-.173.67-.465.877c-.316.224-.78.36-1.285.36s-.969-.136-1.285-.36c-.293-.209-.465-.49-.465-.884a.75.75 0 1 0-1.5 0c0 .935.454 1.65 1.097 2.107c.622.441 1.408.637 2.153.637s1.531-.196 2.153-.637c.643-.456 1.097-1.172 1.097-2.107v-.002a2.9 2.9 0 0 0-.426-1.398a2.7 2.7 0 0 0-.517-.606c.211-.184.382-.39.517-.606a2.9 2.9 0 0 0 .426-1.398z\"><\/path><\/svg>\t\t\t<\/div>\n\t\t<\/div>\n\t\t\t\t\t\t<\/div>\n\t\t\t\t<\/div>\n\t\t<div class=\"elementor-element elementor-element-70a1719 e-con-full e-flex e-con e-child\" data-id=\"70a1719\" data-element_type=\"container\" data-e-type=\"container\">\n\t\t<div class=\"elementor-element elementor-element-b25cb07 e-con-full e-flex e-con e-child\" data-id=\"b25cb07\" data-element_type=\"container\" data-e-type=\"container\">\n\t\t\t\t<div class=\"elementor-element elementor-element-b6fef4e elementor-widget elementor-widget-heading\" data-id=\"b6fef4e\" data-element_type=\"widget\" data-e-type=\"widget\" data-widget_type=\"heading.default\">\n\t\t\t\t\t<h2 class=\"elementor-heading-title elementor-size-default\">Import &amp; Formalit\u00e4ten - EST TRULUXCARS k\u00fcmmert sich um (fast) alles<\/h2>\t\t\t\t<\/div>\n\t\t\t\t<div class=\"elementor-element elementor-element-8cd2231 elementor-hidden-mobile elementor-widget-divider--view-line elementor-widget elementor-widget-divider\" data-id=\"8cd2231\" data-element_type=\"widget\" data-e-type=\"widget\" data-widget_type=\"divider.default\">\n\t\t\t\t\t\t\t<div class=\"elementor-divider\">\n\t\t\t<span class=\"elementor-divider-separator\">\n\t\t\t\t\t\t<\/span>\n\t\t<\/div>\n\t\t\t\t\t\t<\/div>\n\t\t\t\t<\/div>\n\t\t\t\t<div class=\"elementor-element elementor-element-0feecc6 elementor-widget elementor-widget-text-editor\" data-id=\"0feecc6\" data-element_type=\"widget\" data-e-type=\"widget\" data-widget_type=\"text-editor.default\">\n\t\t\t\t\t\t\t\t\t<div><p>Ich bin bereit, das Fahrzeug zu kaufen: Ich best\u00e4tige den Dienst\u00a0<strong>\"\u00a0<span style=\"text-decoration: underline;\"><a class=\"__mPS2id\" href=\"\/de\/unsere-angebote\/#importation\" target=\"_blank\" rel=\"noopener\">Importieren &amp;<\/a><a class=\"__mPS2id\" href=\"\/de\/unsere-angebote\/#importation\" target=\"_blank\" rel=\"noopener\">\u00a0Formalit\u00e4ten <\/a><\/span>\"<\/strong>.<\/p><p>EST TRULUXCARS kontaktiert dann den Verk\u00e4ufer, um\u00a0<strong>das Fahrzeug auf meinen Namen reservieren<\/strong>\u00a0und erhalten den\u00a0<strong>Kaufvertrag<\/strong>.<\/p><p>Anschlie\u00dfend erhalte ich meinen Vertrag mit den\u00a0<strong>wichtige Hinweise ins Franz\u00f6sische \u00fcbersetzt<\/strong>.<br \/><strong>\ud83d\udc49\u00a0<\/strong>Im Falle eines Fehlers oder Vergessens (h\u00e4ufig bei 80 % der Vertr\u00e4ge) k\u00fcmmert sich EST TRULUXCARS um Folgendes\u00a0<strong>das Dokument korrigieren lassen<\/strong>\u00a0beim Verk\u00e4ufer.<\/p><p>Sobald der Vertrag fertiggestellt ist, unterschreibe ich ihn elektronisch \u00fcber\u00a0<strong>Yousign<\/strong>und dann\u00a0<strong>Zahlung per Bank\u00fcberweisung<\/strong>,\u00a0<strong>direkt an den Verk\u00e4ufer<\/strong>\u00a0(Gelder werden nicht \u00fcber EST TRULUXCARS geleitet).<\/p><p>\u00a0<\/p><\/div><div><p><span style=\"text-decoration: underline;\"><strong><a class=\"__mPS2id\" href=\"\/de\/unsere-angebote\/#importation\" target=\"_blank\" rel=\"noopener\">Wiederherstellungsmodus<\/a><\/strong><\/span><\/p><p><strong>Pers\u00f6nliche Abholung oder Lieferung - Meine Wahl!<\/strong><\/p><p>Es gibt zwei M\u00f6glichkeiten:<\/p><ul><li><strong>Ich hole das Fahrzeug selbst ab<\/strong>\u00a0direkt beim Verk\u00e4ufer, dann fahre ich auf der Stra\u00dfe zur\u00fcck mit einer\u00a0<strong>Transitplatte<\/strong>\u00a0des Herkunftslandes.<\/li><li><strong>Ich w\u00e4hle die Lieferung nach Hause<\/strong>\u00a0und fordert einen\u00a0<strong>individueller Kostenvoranschlag<\/strong>\u00a0in IST TRULUXCARS.<br \/>Mein Fahrzeug wird an eine Adresse meiner Wahl geliefert, sofern diese Adresse mit einem Lkw von ca.\u00a0<strong>20 Meter lang<\/strong>.<\/li><\/ul><p>\u2705 Der Transporteur ist\u00a0<strong>Versicherte<\/strong>und der\u00a0<strong>Fahrer spricht Franz\u00f6sisch<\/strong>.<\/p><\/div>\t\t\t\t\t\t\t\t<\/div>\n\t\t\t\t<\/div>\n\t\t\t\t<\/div>\n\t\t<div class=\"elementor-element elementor-element-f53b7a2 e-con-full e-flex e-con e-child\" data-id=\"f53b7a2\" data-element_type=\"container\" data-e-type=\"container\" data-settings=\"{&quot;background_background&quot;:&quot;classic&quot;}\">\n\t\t<div class=\"elementor-element elementor-element-f7ca6ce e-con-full e-flex e-con e-child\" data-id=\"f7ca6ce\" data-element_type=\"container\" data-e-type=\"container\">\n\t\t\t\t<div class=\"elementor-element elementor-element-46eaae8 elementor-view-default elementor-widget elementor-widget-icon\" data-id=\"46eaae8\" data-element_type=\"widget\" data-e-type=\"widget\" data-widget_type=\"icon.default\">\n\t\t\t\t\t\t\t<div class=\"elementor-icon-wrapper\">\n\t\t\t<div class=\"elementor-icon\">\n\t\t\t<svg xmlns=\"http:\/\/www.w3.org\/2000\/svg\" width=\"24\" height=\"24\" viewbox=\"0 0 24 24\"><path fill=\"#048099\" d=\"M10.68 2.105a2.63 2.63 0 0 1 2.64 0l.001.001l6.611 3.8A2.65 2.65 0 0 1 21.25 8.2v7.603a2.66 2.66 0 0 1-1.318 2.291l-.003.002l-6.608 3.799h-.002a2.63 2.63 0 0 1-2.639 0h-.001l-6.608-3.8h-.003A2.64 2.64 0 0 1 2.75 15.8V8.198a2.66 2.66 0 0 1 1.318-2.291l.003-.002zm2.626 6.096a.75.75 0 1 0-1.445-.402c-.383 1.378-1.16 2.67-1.863 3.634a16 16 0 0 1-1.185 1.44l-.072.075l-.018.018l-.004.004a.75.75 0 0 0 .531 1.28h3V16a.75.75 0 0 0 1.5 0v-1.75h.5a.75.75 0 0 0 0-1.5h-.5V12a.75.75 0 0 0-1.5 0v.75h-1.366q.159-.203.326-.433c.755-1.035 1.645-2.494 2.096-4.116\"><\/path><\/svg>\t\t\t<\/div>\n\t\t<\/div>\n\t\t\t\t\t\t<\/div>\n\t\t\t\t<\/div>\n\t\t<div class=\"elementor-element elementor-element-d7edd6c e-con-full e-flex e-con e-child\" data-id=\"d7edd6c\" data-element_type=\"container\" data-e-type=\"container\">\n\t\t<div class=\"elementor-element elementor-element-6b6b43f e-con-full e-flex e-con e-child\" data-id=\"6b6b43f\" data-element_type=\"container\" data-e-type=\"container\">\n\t\t\t\t<div class=\"elementor-element elementor-element-ba89040 elementor-widget elementor-widget-heading\" data-id=\"ba89040\" data-element_type=\"widget\" data-e-type=\"widget\" data-widget_type=\"heading.default\">\n\t\t\t\t\t<h2 class=\"elementor-heading-title elementor-size-default\">Immatrikulation<\/h2>\t\t\t\t<\/div>\n\t\t\t\t<div class=\"elementor-element elementor-element-d935ba1 elementor-hidden-mobile elementor-widget-divider--view-line elementor-widget elementor-widget-divider\" data-id=\"d935ba1\" data-element_type=\"widget\" data-e-type=\"widget\" data-widget_type=\"divider.default\">\n\t\t\t\t\t\t\t<div class=\"elementor-divider\">\n\t\t\t<span class=\"elementor-divider-separator\">\n\t\t\t\t\t\t<\/span>\n\t\t<\/div>\n\t\t\t\t\t\t<\/div>\n\t\t\t\t<\/div>\n\t\t\t\t<div class=\"elementor-element elementor-element-a220df8 elementor-widget elementor-widget-text-editor\" data-id=\"a220df8\" data-element_type=\"widget\" data-e-type=\"widget\" data-widget_type=\"text-editor.default\">\n\t\t\t\t\t\t\t\t\t<p>EST TRULUXCARS kann mir eine\u00a0<b><a class=\"__mPS2id\" href=\"\/de\/unsere-angebote\/#immatriculation\" target=\"_blank\" rel=\"noopener\">franz\u00f6sische vorl\u00e4ufige Zulassung<\/a>\u00a0(WW), 4 Monate g\u00fcltig, innerhalb von 24 Stunden.<\/b>\u00a0Damit kann ich mich bis zur endg\u00fcltigen Zulassung frei bewegen. Ich erhalte zum richtigen Zeitpunkt eine zusammenfassende E-Mail mit einer Liste der Dokumente, die ich einreichen muss.<\/p><p>EST TRULUXCARS kann auch die <b>Anfrage<\/b>\u00a0von\u00a0<strong>Steuerbefreiung<\/strong>\u00a0und die<a class=\"__mPS2id\" href=\"https:\/\/www.bolidem.com\/nos-services\/#service4\" target=\"_blank\" rel=\"noopener\"><b><span style=\"text-decoration: underline;\">endg\u00fcltige franz\u00f6sische Zulassung<\/span><\/b><\/a>\u00a0meines Fahrzeugs \u00fcber seinen spezialisierten Partner.\u00a0<b>Ein spezieller Agent wird mich bei jedem Schritt begleiten, bis ich meinen Fahrzeugschein erhalte.<\/b>\u00a0direkt zu Hause.<\/p>\t\t\t\t\t\t\t\t<\/div>\n\t\t\t\t<\/div>\n\t\t\t\t<\/div>\n\t\t\t\t\t<\/div>\n\t\t\t\t<\/div>\n\t\t\t\t<\/div>","protected":false},"excerpt":{"rendered":"<p>J\u2019effectue moi-m\u00eame ma recherche sur les principaux sites d\u2019annonces automobiles europ\u00e9ens :\u00a0autoscout24.fr\u00a0et\u00a0automobile.fr, ou encore\u00a0subito.it, maarktplatz,\u00a0coches.es,\u00a0blocket.se\u00a0\u2026 https:\/\/truluxcars.com\/wp-content\/uploads\/2025\/11\/Importer-Vehicule-EST-TRULUXCARS.mp4 Service \u00ab\u00a0Info &amp; N\u00e9go\u00a0\u00bb \u2013 Gagnez du temps, \u00e9vitez les mauvaises surprises Une fois mon v\u00e9hicule rep\u00e9r\u00e9 (via les plateformes d\u2019annonces auto ou la recherche personnalis\u00e9e gratuite), je s\u00e9lectionne le service\u00a0\u00ab\u00a0Info &amp; N\u00e9go\u00a0\u00bb. Lors de la commande, j\u2019indique simplement [&hellip;]<\/p>","protected":false},"author":1,"featured_media":0,"parent":0,"menu_order":0,"comment_status":"closed","ping_status":"closed","template":"","meta":{"footnotes":""},"class_list":["post-28078","page","type-page","status-publish","hentry"],"jetpack_sharing_enabled":true,"_links":{"self":[{"href":"https:\/\/truluxcars.com\/de\/wp-json\/wp\/v2\/pages\/28078","targetHints":{"allow":["GET"]}}],"collection":[{"href":"https:\/\/truluxcars.com\/de\/wp-json\/wp\/v2\/pages"}],"about":[{"href":"https:\/\/truluxcars.com\/de\/wp-json\/wp\/v2\/types\/page"}],"author":[{"embeddable":true,"href":"https:\/\/truluxcars.com\/de\/wp-json\/wp\/v2\/users\/1"}],"replies":[{"embeddable":true,"href":"https:\/\/truluxcars.com\/de\/wp-json\/wp\/v2\/comments?post=28078"}],"version-history":[{"count":6,"href":"https:\/\/truluxcars.com\/de\/wp-json\/wp\/v2\/pages\/28078\/revisions"}],"predecessor-version":[{"id":28327,"href":"https:\/\/truluxcars.com\/de\/wp-json\/wp\/v2\/pages\/28078\/revisions\/28327"}],"wp:attachment":[{"href":"https:\/\/truluxcars.com\/de\/wp-json\/wp\/v2\/media?parent=28078"}],"curies":[{"name":"wp","href":"https:\/\/api.w.org\/{rel}","templated":true}]}}