{"id":1535,"date":"2019-07-17T14:30:15","date_gmt":"2019-07-17T14:30:15","guid":{"rendered":"http:\/\/mycars.digitalatlas.io\/?page_id=1535"},"modified":"2025-09-29T05:09:55","modified_gmt":"2025-09-29T03:09:55","slug":"a-propos","status":"publish","type":"page","link":"https:\/\/truluxcars.com\/es\/a-propos\/","title":{"rendered":"Qui\u00e9nes somos"},"content":{"rendered":"<div data-elementor-type=\"wp-post\" data-elementor-id=\"1535\" class=\"elementor elementor-1535\" data-elementor-post-type=\"page\">\n\t\t\t\t<div class=\"elementor-element elementor-element-4fbe424 e-flex e-con-boxed e-con e-parent\" data-id=\"4fbe424\" data-element_type=\"container\" data-e-type=\"container\">\n\t\t\t\t\t<div class=\"e-con-inner\">\n\t\t\t\t<div class=\"elementor-element elementor-element-67f71eb elementor-widget-tablet__width-initial elementor-widget elementor-widget-heading\" data-id=\"67f71eb\" data-element_type=\"widget\" data-e-type=\"widget\" data-widget_type=\"heading.default\">\n\t\t\t\t\t<h1 class=\"elementor-heading-title elementor-size-default\">Qui\u00e9nes somos<\/h1>\t\t\t\t<\/div>\n\t\t\t\t<div class=\"elementor-element elementor-element-e44c09e elementor-widget-tablet__width-initial elementor-widget elementor-widget-heading\" data-id=\"e44c09e\" data-element_type=\"widget\" data-e-type=\"widget\" data-widget_type=\"heading.default\">\n\t\t\t\t\t<h1 class=\"elementor-heading-title elementor-size-default\">Nuestra empresa<\/h1>\t\t\t\t<\/div>\n\t\t\t\t<div class=\"elementor-element elementor-element-e8a7c2a elementor-widget-tablet__width-initial elementor-widget elementor-widget-text-editor\" data-id=\"e8a7c2a\" data-element_type=\"widget\" data-e-type=\"widget\" data-widget_type=\"text-editor.default\">\n\t\t\t\t\t\t\t\t\t<p>Con varios a\u00f1os de experiencia en la industria del autom\u00f3vil, <strong>EST Truluxcars<\/strong> se ha consolidado como un actor de confianza en la importaci\u00f3n de veh\u00edculos procedentes de Europa. Como especialistas en los mercados alem\u00e1n y europeo, ponemos nuestros conocimientos t\u00e9cnicos al servicio de todos aquellos que deseen adquirir un veh\u00edculo a un precio competitivo.<\/p><p>Como empresa a escala humana, cultivamos un enfoque basado en la proximidad y la escucha. Nuestro equipo comparte la pasi\u00f3n por los coches y un agudo sentido del servicio, lo que nos permite ofrecer a nuestros clientes una asistencia personalizada, fiable y transparente.<\/p>\t\t\t\t\t\t\t\t<\/div>\n\t\t\t\t<div class=\"elementor-element elementor-element-601d021 elementor-widget-tablet__width-initial elementor-widget elementor-widget-heading\" data-id=\"601d021\" data-element_type=\"widget\" data-e-type=\"widget\" data-widget_type=\"heading.default\">\n\t\t\t\t\t<h1 class=\"elementor-heading-title elementor-size-default\">Lo que nos diferencia<\/h1>\t\t\t\t<\/div>\n\t\t\t\t<div class=\"elementor-element elementor-element-0c6cb64 elementor-widget-tablet__width-initial elementor-widget elementor-widget-text-editor\" data-id=\"0c6cb64\" data-element_type=\"widget\" data-e-type=\"widget\" data-widget_type=\"text-editor.default\">\n\t\t\t\t\t\t\t\t\t<p>En <strong>EST Truluxcars<\/strong>Pero no nos limitamos a buscar veh\u00edculos: le guiamos en todas las fases de su proyecto, desde la selecci\u00f3n del modelo hasta la negociaci\u00f3n, la administraci\u00f3n y la entrega.<br \/>S\u00f3lo trabajamos con socios de confianza y sabemos descifrar las pr\u00e1cticas comerciales vigentes en los distintos pa\u00edses europeos. Esta experiencia, combinada con nuestro dominio de los idiomas y procedimientos locales, nos permite asegurar cada transacci\u00f3n y evitar sorpresas desagradables a nuestros clientes.<\/p><p><strong>Nuestro compromiso<\/strong><\/p><p>Asesorarle con claridad y precisi\u00f3n,<\/p><p>Ponemos a su disposici\u00f3n nuestra red y nuestra experiencia,<\/p><p>Ofrecerle un servicio fiable y profesional,<\/p><p>Para garantizarle una compra sencilla, transparente y segura.<\/p>\t\t\t\t\t\t\t\t<\/div>\n\t\t\t\t<div class=\"elementor-element elementor-element-c53f19e elementor-widget-tablet__width-initial elementor-widget elementor-widget-heading\" data-id=\"c53f19e\" data-element_type=\"widget\" data-e-type=\"widget\" data-widget_type=\"heading.default\">\n\t\t\t\t\t<h1 class=\"elementor-heading-title elementor-size-default\">\u00bfPor qu\u00e9 elegir EST Truluxcars?<\/h1>\t\t\t\t<\/div>\n\t\t\t\t<div class=\"elementor-element elementor-element-67b44ff elementor-widget-tablet__width-initial elementor-widget elementor-widget-text-editor\" data-id=\"67b44ff\" data-element_type=\"widget\" data-e-type=\"widget\" data-widget_type=\"text-editor.default\">\n\t\t\t\t\t\t\t\t\t<p>Comprar un coche en el extranjero puede parecer complejo, incluso arriesgado. Con EST Truluxcars, nunca estar\u00e1 solo. Somos su interlocutor \u00fanico, desde el primer contacto hasta la entrega de las llaves. Se beneficiar\u00e1 de un asesoramiento personalizado, de una rigurosa selecci\u00f3n de veh\u00edculos adaptados a sus necesidades y de una asistencia completa, sin sorpresas desagradables.<\/p>\n<p>Nuestro objetivo no es s\u00f3lo ayudarle a comprar un coche: es ofrecerle una experiencia de compra tranquila y sin complicaciones, convirtiendo lo que podr\u00eda ser una fuente de estr\u00e9s en un aut\u00e9ntico placer.<\/p>\n<p>En EST Truluxcars, cada cliente es \u00fanico. Tanto si busca un coche urbano, una berlina de alta gama, un todoterreno o un veh\u00edculo comercial, hacemos todo lo posible para encontrar el modelo que se adapte perfectamente a sus necesidades, gustos y presupuesto.<\/p>\n<p>Creemos que la relaci\u00f3n de confianza que establecemos con nuestros clientes es la clave de nuestro \u00e9xito. Por eso damos prioridad a un servicio humano, basado en la escucha, la disponibilidad y el cumplimiento de nuestros compromisos.<\/p>\n<p><strong>&nbsp; &nbsp; &nbsp; &nbsp; &nbsp; &nbsp; &nbsp; &nbsp; &nbsp; &nbsp; &nbsp; &nbsp; &nbsp; &nbsp; &nbsp; &nbsp; &nbsp;EST Truluxcars - Conf\u00ede en su movilidad.<\/strong><\/p>\t\t\t\t\t\t\t\t<\/div>\n\t\t\t\t\t<\/div>\n\t\t\t\t<\/div>\n\t\t\t\t<\/div>","protected":false},"excerpt":{"rendered":"<p>\u00c0 propos de nous Notre soci\u00e9t\u00e9 Avec plusieurs ann\u00e9es d\u2019exp\u00e9rience dans le domaine de l\u2019automobile, EST Truluxcars s\u2019est impos\u00e9 comme un acteur de confiance dans l\u2019importation de v\u00e9hicules en provenance d\u2019Europe. Sp\u00e9cialistes du march\u00e9 allemand et europ\u00e9en, nous mettons notre savoir-faire au service de tous ceux qui souhaitent acqu\u00e9rir un v\u00e9hicule \u00e0 un prix comp\u00e9titif. [&hellip;]<\/p>","protected":false},"author":1,"featured_media":0,"parent":0,"menu_order":0,"comment_status":"closed","ping_status":"closed","template":"","meta":{"footnotes":""},"class_list":["post-1535","page","type-page","status-publish","hentry"],"jetpack_sharing_enabled":true,"_links":{"self":[{"href":"https:\/\/truluxcars.com\/es\/wp-json\/wp\/v2\/pages\/1535","targetHints":{"allow":["GET"]}}],"collection":[{"href":"https:\/\/truluxcars.com\/es\/wp-json\/wp\/v2\/pages"}],"about":[{"href":"https:\/\/truluxcars.com\/es\/wp-json\/wp\/v2\/types\/page"}],"author":[{"embeddable":true,"href":"https:\/\/truluxcars.com\/es\/wp-json\/wp\/v2\/users\/1"}],"replies":[{"embeddable":true,"href":"https:\/\/truluxcars.com\/es\/wp-json\/wp\/v2\/comments?post=1535"}],"version-history":[{"count":5,"href":"https:\/\/truluxcars.com\/es\/wp-json\/wp\/v2\/pages\/1535\/revisions"}],"predecessor-version":[{"id":28219,"href":"https:\/\/truluxcars.com\/es\/wp-json\/wp\/v2\/pages\/1535\/revisions\/28219"}],"wp:attachment":[{"href":"https:\/\/truluxcars.com\/es\/wp-json\/wp\/v2\/media?parent=1535"}],"curies":[{"name":"wp","href":"https:\/\/api.w.org\/{rel}","templated":true}]}}