{"id":23535,"date":"2024-03-07T08:33:00","date_gmt":"2024-03-07T07:33:00","guid":{"rendered":"https:\/\/agepauto.fr\/?page_id=23535"},"modified":"2025-09-26T19:53:59","modified_gmt":"2025-09-26T17:53:59","slug":"informacion-legal","status":"publish","type":"page","link":"https:\/\/truluxcars.com\/es\/informacion-legal\/","title":{"rendered":"Informaci\u00f3n jur\u00eddica"},"content":{"rendered":"<div data-elementor-type=\"wp-page\" data-elementor-id=\"23535\" class=\"elementor elementor-23535\" data-elementor-post-type=\"page\">\n\t\t\t\t<div class=\"elementor-element elementor-element-ad45e5d e-flex e-con-boxed e-con e-parent\" data-id=\"ad45e5d\" data-element_type=\"container\" data-e-type=\"container\">\n\t\t\t\t\t<div class=\"e-con-inner\">\n\t\t\t\t<div class=\"elementor-element elementor-element-1601cc2 elementor-widget-tablet__width-initial elementor-widget elementor-widget-heading\" data-id=\"1601cc2\" data-element_type=\"widget\" data-e-type=\"widget\" data-widget_type=\"heading.default\">\n\t\t\t\t\t<h1 class=\"elementor-heading-title elementor-size-default\">Informaci\u00f3n jur\u00eddica<\/h1>\t\t\t\t<\/div>\n\t\t\t\t<div class=\"elementor-element elementor-element-f2a9bd9 elementor-widget-tablet__width-initial elementor-widget elementor-widget-heading\" data-id=\"f2a9bd9\" data-element_type=\"widget\" data-e-type=\"widget\" data-widget_type=\"heading.default\">\n\t\t\t\t\t<h1 class=\"elementor-heading-title elementor-size-default\">PROPIEDAD<\/h1>\t\t\t\t<\/div>\n\t\t\t\t<div class=\"elementor-element elementor-element-19ad913 elementor-widget-tablet__width-initial elementor-widget elementor-widget-text-editor\" data-id=\"19ad913\" data-element_type=\"widget\" data-e-type=\"widget\" data-widget_type=\"text-editor.default\">\n\t\t\t\t\t\t\t\t\t<p>El sitio (EST TRULUXCARS) <strong style=\"\"><u>www.truluxcars.com<\/u> <\/strong>es la propiedad de <strong>AUTOS VELIU<\/strong>una empresa individual inscrita en el Registre du Commerce et des Soci\u00e9t\u00e9s de <strong>Mulhouse 750 707 465<\/strong>Sede social: 15 Rue de Saint-Louis 68100 Mulhouse.<\/p>\t\t\t\t\t\t\t\t<\/div>\n\t\t\t\t<div class=\"elementor-element elementor-element-f9043d2 elementor-icon-list--layout-traditional elementor-list-item-link-full_width elementor-widget elementor-widget-icon-list\" data-id=\"f9043d2\" data-element_type=\"widget\" data-e-type=\"widget\" data-widget_type=\"icon-list.default\">\n\t\t\t\t\t\t\t<ul class=\"elementor-icon-list-items\">\n\t\t\t\t\t\t\t<li class=\"elementor-icon-list-item\">\n\t\t\t\t\t\t\t\t\t\t\t<span class=\"elementor-icon-list-icon\">\n\t\t\t\t\t\t\t<svg aria-hidden=\"true\" class=\"e-font-icon-svg e-fas-circle\" viewbox=\"0 0 512 512\" xmlns=\"http:\/\/www.w3.org\/2000\/svg\"><path d=\"M256 8C119 8 8 119 8 256s111 248 248 248 248-111 248-248S393 8 256 8z\"><\/path><\/svg>\t\t\t\t\t\t<\/span>\n\t\t\t\t\t\t\t\t\t\t<span class=\"elementor-icon-list-text\">N\u00famero SIRET : <b>75070746500035<\/b><\/span>\n\t\t\t\t\t\t\t\t\t<\/li>\n\t\t\t\t\t\t\t\t<li class=\"elementor-icon-list-item\">\n\t\t\t\t\t\t\t\t\t\t\t<span class=\"elementor-icon-list-icon\">\n\t\t\t\t\t\t\t<svg aria-hidden=\"true\" class=\"e-font-icon-svg e-fas-circle\" viewbox=\"0 0 512 512\" xmlns=\"http:\/\/www.w3.org\/2000\/svg\"><path d=\"M256 8C119 8 8 119 8 256s111 248 248 248 248-111 248-248S393 8 256 8z\"><\/path><\/svg>\t\t\t\t\t\t<\/span>\n\t\t\t\t\t\t\t\t\t\t<span class=\"elementor-icon-list-text\">N\u00famero de IVA : <b>FR75750707465<\/b><\/span>\n\t\t\t\t\t\t\t\t\t<\/li>\n\t\t\t\t\t\t\t\t<li class=\"elementor-icon-list-item\">\n\t\t\t\t\t\t\t\t\t\t\t<span class=\"elementor-icon-list-icon\">\n\t\t\t\t\t\t\t<svg aria-hidden=\"true\" class=\"e-font-icon-svg e-fas-circle\" viewbox=\"0 0 512 512\" xmlns=\"http:\/\/www.w3.org\/2000\/svg\"><path d=\"M256 8C119 8 8 119 8 256s111 248 248 248 248-111 248-248S393 8 256 8z\"><\/path><\/svg>\t\t\t\t\t\t<\/span>\n\t\t\t\t\t\t\t\t\t\t<span class=\"elementor-icon-list-text\">Responsable de la publicaci\u00f3n : <b>Sr. Xhelal Veliu<\/b><\/span>\n\t\t\t\t\t\t\t\t\t<\/li>\n\t\t\t\t\t\t<\/ul>\n\t\t\t\t\t\t<\/div>\n\t\t\t\t<div class=\"elementor-element elementor-element-aa76354 elementor-widget-tablet__width-initial elementor-widget elementor-widget-heading\" data-id=\"aa76354\" data-element_type=\"widget\" data-e-type=\"widget\" data-widget_type=\"heading.default\">\n\t\t\t\t\t<h1 class=\"elementor-heading-title elementor-size-default\">DERECHOS DE PROPIEDAD INTELECTUAL<\/h1>\t\t\t\t<\/div>\n\t\t\t\t<div class=\"elementor-element elementor-element-f90d753 elementor-widget-tablet__width-initial elementor-widget elementor-widget-text-editor\" data-id=\"f90d753\" data-element_type=\"widget\" data-e-type=\"widget\" data-widget_type=\"text-editor.default\">\n\t\t\t\t\t\t\t\t\tEST Truluxcars advierte a los usuarios del Sitio que muchos elementos del Sitio :\n\nEst\u00e1n protegidos por la legislaci\u00f3n sobre derechos de autor: esto puede incluir fotograf\u00edas, art\u00edculos, dibujos, secuencias animadas, grabaciones digitales de audio o v\u00eddeo, etc.\nY\/o est\u00e1n protegidos por la legislaci\u00f3n sobre dise\u00f1os y modelos: estos pueden incluir modelos de veh\u00edculos que aparecen en el Sitio.\nEst\u00e1n protegidos por la legislaci\u00f3n sobre marcas: en particular, las marcas \"PEUGEOT\", RENAULT, CITROEN, MERCEDES, BMW, etc.\nLos elementos as\u00ed protegidos son propiedad de EST Truluxcars, de sus filiales o de terceros que les hayan autorizado a utilizarlos.\n\nEn consecuencia, queda prohibida toda reproducci\u00f3n, representaci\u00f3n, utilizaci\u00f3n, adaptaci\u00f3n, modificaci\u00f3n, incorporaci\u00f3n, traducci\u00f3n o comercializaci\u00f3n, total o parcial, por cualquier procedimiento y en cualquier soporte (papel, digital, etc.) sin la autorizaci\u00f3n previa y por escrito de EST Truluxcars, sin perjuicio de las excepciones previstas en el art\u00edculo L122.5 del C\u00f3digo franc\u00e9s de la Propiedad Intelectual, so pena de constituir una infracci\u00f3n de los derechos de autor y\/o de los dise\u00f1os y modelos y\/o de las marcas, sancionada con dos a\u00f1os de prisi\u00f3n y una multa de 150.000 euros.\n\nLas marcas de software que puedan aparecer en el Sitio son propiedad respectiva de las empresas que las explotan y no podr\u00e1n utilizarse sin el consentimiento previo por escrito del propietario de dichas marcas. Este software est\u00e1 protegido por derechos de autor y su uso requiere la celebraci\u00f3n de un contrato de licencia directamente entre su propietario y el usuario de Internet.\t\t\t\t\t\t\t\t<\/div>\n\t\t\t\t<div class=\"elementor-element elementor-element-b9be550 elementor-widget-tablet__width-initial elementor-widget elementor-widget-heading\" data-id=\"b9be550\" data-element_type=\"widget\" data-e-type=\"widget\" data-widget_type=\"heading.default\">\n\t\t\t\t\t<h1 class=\"elementor-heading-title elementor-size-default\">PROTECCI\u00d3N DE DATOS <\/h1>\t\t\t\t<\/div>\n\t\t\t\t<div class=\"elementor-element elementor-element-d0e3b51 elementor-widget-tablet__width-initial elementor-widget elementor-widget-text-editor\" data-id=\"d0e3b51\" data-element_type=\"widget\" data-e-type=\"widget\" data-widget_type=\"text-editor.default\">\n\t\t\t\t\t\t\t\t\tEl Sitio puede consultarse sin que el internauta tenga que revelar necesariamente su identidad o cualquier otro dato personal que le concierna.\n\nEl internauta dispone de un derecho de acceso, modificaci\u00f3n, rectificaci\u00f3n y\/o supresi\u00f3n de los datos personales que se le soliciten, en particular con motivo de la apertura de una cuenta o de la reserva de un veh\u00edculo en l\u00ednea, de conformidad con la Ley n\u00ba 78-17 de 6 de enero de 1978, modificada, relativa a la protecci\u00f3n de las personas f\u00edsicas en lo que respecta al tratamiento de datos personales.\n\nLa informaci\u00f3n recogida es para uso exclusivo de EST Truluxcars. Esta informaci\u00f3n puede ser utilizada con fines comerciales o de marketing o como base para estudios y an\u00e1lisis.\n\nEsta informaci\u00f3n personal se conservar\u00e1 en una forma que permita identificar a las personas afectadas durante un per\u00edodo no superior al necesario para los fines para los que se recoge y\/o trata.\t\t\t\t\t\t\t\t<\/div>\n\t\t\t\t<div class=\"elementor-element elementor-element-32f4bb2 elementor-widget-tablet__width-initial elementor-widget elementor-widget-heading\" data-id=\"32f4bb2\" data-element_type=\"widget\" data-e-type=\"widget\" data-widget_type=\"heading.default\">\n\t\t\t\t\t<h1 class=\"elementor-heading-title elementor-size-default\">COOKIES<\/h1>\t\t\t\t<\/div>\n\t\t\t\t<div class=\"elementor-element elementor-element-0677d82 elementor-widget-tablet__width-initial elementor-widget elementor-widget-text-editor\" data-id=\"0677d82\" data-element_type=\"widget\" data-e-type=\"widget\" data-widget_type=\"text-editor.default\">\n\t\t\t\t\t\t\t\t\tUna cookie es un peque\u00f1o archivo de texto enviado por el Sitio al navegador del internauta y almacenado en el ordenador de \u00e9ste. Se utiliza para registrar datos relativos a la navegaci\u00f3n del ordenador en el Sitio (se almacena en el ordenador durante 10 a\u00f1os) y para ofrecer informaci\u00f3n personalizada al permitir al servidor identificar al internauta.\n\nEl internauta puede desactivar esta opci\u00f3n en su navegador configurando adecuadamente su ordenador en funci\u00f3n del navegador de Internet que utilice. Para ello, puede consultar las instrucciones de uso de su programa o sistema operativo.\t\t\t\t\t\t\t\t<\/div>\n\t\t\t\t<div class=\"elementor-element elementor-element-b1f9488 elementor-widget-tablet__width-initial elementor-widget elementor-widget-heading\" data-id=\"b1f9488\" data-element_type=\"widget\" data-e-type=\"widget\" data-widget_type=\"heading.default\">\n\t\t\t\t\t<h1 class=\"elementor-heading-title elementor-size-default\">ENLACES<\/h1>\t\t\t\t<\/div>\n\t\t\t\t<div class=\"elementor-element elementor-element-2124d18 elementor-widget-tablet__width-initial elementor-widget elementor-widget-text-editor\" data-id=\"2124d18\" data-element_type=\"widget\" data-e-type=\"widget\" data-widget_type=\"text-editor.default\">\n\t\t\t\t\t\t\t\t\tLa creaci\u00f3n de un enlace de hipertexto al Sitio requiere la autorizaci\u00f3n previa por escrito de EST Truluxcars.\nEn ning\u00fan caso EST Truluxcars se hace responsable por el contenido, productos o servicios ofrecidos en los sitios a los que el Sitio puede estar vinculado por enlaces de hipertexto o cualquier otro tipo de enlace.\t\t\t\t\t\t\t\t<\/div>\n\t\t\t\t<div class=\"elementor-element elementor-element-600029d elementor-widget-tablet__width-initial elementor-widget elementor-widget-heading\" data-id=\"600029d\" data-element_type=\"widget\" data-e-type=\"widget\" data-widget_type=\"heading.default\">\n\t\t\t\t\t<h1 class=\"elementor-heading-title elementor-size-default\">SEGURIDAD<\/h1>\t\t\t\t<\/div>\n\t\t\t\t<div class=\"elementor-element elementor-element-815a4b1 elementor-widget-tablet__width-initial elementor-widget elementor-widget-text-editor\" data-id=\"815a4b1\" data-element_type=\"widget\" data-e-type=\"widget\" data-widget_type=\"text-editor.default\">\n\t\t\t\t\t\t\t\t\t<p>Al utilizar el Sitio, el internauta se compromete a no realizar manipulaciones susceptibles de provocar virus inform\u00e1ticos o aver\u00edas, fallos funcionales o aver\u00edas de cualquier tipo que puedan afectar al funcionamiento del Sitio o de cualquier servidor o servicio accesible a trav\u00e9s del Sitio. En particular, el internauta se compromete \u00fanicamente a poner a disposici\u00f3n, en el espacio constituido por el Sitio, informaciones, datos, documentos y ficheros fiables, inofensivos y que no puedan afectar al funcionamiento del Sitio o de cualquier servidor o servicio accesible a trav\u00e9s del Sitio.<\/p><p>El uso que se haga del Sitio o de cualquier servidor o servicio accesible a trav\u00e9s del Sitio:<\/p><ul><li>cumplir todas las leyes y reglamentos nacionales e internacionales aplicables, as\u00ed como los derechos de terceros<\/li><li>no debe perjudicar en modo alguno la imagen de EST Truluxcars.<\/li><\/ul><p>En particular, el usuario de Internet garantiza EST Truluxcars contra cualquier acci\u00f3n de un tercero en relaci\u00f3n con el contenido de la informaci\u00f3n puesta a disposici\u00f3n por el usuario de Internet en el espacio constituido por el Sitio, en particular los resultantes de una infracci\u00f3n de los derechos de la personalidad, derechos de propiedad intelectual, orden p\u00fablico, decencia p\u00fablica, respeto a la vida privada (derechos de imagen, etc.) o las disposiciones penales de la legislaci\u00f3n nacional y \/ o internacional en vigor. En este sentido, el usuario de Internet se compromete a indemnizar a EST Truluxcars por todos los costos, cargos y gastos en que pueda incurrir como resultado, incluidos los honorarios y gastos razonables de los asesores de EST Truluxcars.<\/p><p>Los usuarios de Internet utilizan el Sitio Web bajo su propia responsabilidad. EST Truluxcars y sus filiales no se hacen responsables de cualquier da\u00f1o directo o indirecto, como la p\u00e9rdida de material, p\u00e9rdida de datos o programas, o p\u00e9rdidas financieras, resultantes de la utilizaci\u00f3n del Sitio Web o cualquier sitio web vinculado a \u00e9l.<\/p><p>EST Truluxcars llama la atenci\u00f3n del internauta sobre el hecho de que determinados productos o servicios presentados en el Sitio pueden estar sujetos a reglamentaciones especiales o incluso a restricciones y\/o prohibiciones en determinados pa\u00edses.<\/p>\t\t\t\t\t\t\t\t<\/div>\n\t\t\t\t<div class=\"elementor-element elementor-element-f50e425 elementor-widget-tablet__width-initial elementor-widget elementor-widget-heading\" data-id=\"f50e425\" data-element_type=\"widget\" data-e-type=\"widget\" data-widget_type=\"heading.default\">\n\t\t\t\t\t<h1 class=\"elementor-heading-title elementor-size-default\">ACCESO Y CONEXI\u00d3N<\/h1>\t\t\t\t<\/div>\n\t\t\t\t<div class=\"elementor-element elementor-element-8601e68 elementor-widget-tablet__width-initial elementor-widget elementor-widget-text-editor\" data-id=\"8601e68\" data-element_type=\"widget\" data-e-type=\"widget\" data-widget_type=\"text-editor.default\">\n\t\t\t\t\t\t\t\t\t<p>El Sitio es accesible a trav\u00e9s de Internet. Internet es una red abierta e informal, formada por la interconexi\u00f3n internacional de redes inform\u00e1ticas. La gesti\u00f3n de Internet no est\u00e1 sujeta a ninguna entidad central y cada parte de esta red pertenece a un organismo p\u00fablico o privado independiente. Su funcionamiento se basa, por tanto, en la cooperaci\u00f3n entre los operadores de las distintas redes, sin que exista obligaci\u00f3n de suministro o calidad de suministro entre operadores. Las redes pueden tener capacidades de transmisi\u00f3n desiguales y pol\u00edticas de uso propias. Nadie puede garantizar el buen funcionamiento de Internet en su conjunto. En consecuencia, EST Truluxcars no acepta ninguna responsabilidad o garant\u00eda en caso de mal funcionamiento de Internet (retrasos en las transmisiones o cualquier otro mal funcionamiento).<\/p><p>EST Truluxcars podr\u00e1 suspender el acceso al sitio en cualquier momento, de forma temporal o no, en caso de :<\/p><ul><li>cualquier incumplimiento de estos t\u00e9rminos y condiciones por parte del usuario de Internet, sin perjuicio de cualesquiera otros derechos y acciones a favor de EST Truluxcars<\/li><li>problemas t\u00e9cnicos relacionados con la infraestructura creada para poner el Sitio en l\u00ednea y hacerlo funcionar<\/li><li>Mantenimiento del sitio<\/li><\/ul>\t\t\t\t\t\t\t\t<\/div>\n\t\t\t\t<div class=\"elementor-element elementor-element-ea587f5 elementor-widget-tablet__width-initial elementor-widget elementor-widget-heading\" data-id=\"ea587f5\" data-element_type=\"widget\" data-e-type=\"widget\" data-widget_type=\"heading.default\">\n\t\t\t\t\t<h1 class=\"elementor-heading-title elementor-size-default\">LEGISLACI\u00d3N APLICABLE<\/h1>\t\t\t\t<\/div>\n\t\t\t\t<div class=\"elementor-element elementor-element-d019eb0 elementor-widget-tablet__width-initial elementor-widget elementor-widget-text-editor\" data-id=\"d019eb0\" data-element_type=\"widget\" data-e-type=\"widget\" data-widget_type=\"text-editor.default\">\n\t\t\t\t\t\t\t\t\tEn virtud del art\u00edculo R. 631-3, el consumidor puede presentar su litigio bien ante uno de los tribunales territorialmente competentes en virtud de la Ley de Enjuiciamiento Civil, bien ante el tribunal del lugar donde resid\u00eda en el momento de la celebraci\u00f3n del contrato o cuando se produjo el hecho da\u00f1oso.\nEn virtud del art\u00edculo L612-1, todo consumidor tiene derecho a recurrir gratuitamente a un mediador de consumo con vistas a la resoluci\u00f3n amistosa de un litigio entre \u00e9l y un profesional. Para ello, el profesional garantiza al consumidor el recurso efectivo a un sistema de mediaci\u00f3n de consumo. El profesional podr\u00e1 crear su propio sistema de mediaci\u00f3n de consumo u ofrecer al consumidor el recurso a cualquier otro mediador de consumo que cumpla los requisitos del presente t\u00edtulo. Cuando exista un mediador de consumo cuya competencia se extienda a todas las empresas de un determinado sector de actividad econ\u00f3mica, el comerciante deber\u00e1 permitir siempre al consumidor recurrir a dicho mediador. Las condiciones de aplicaci\u00f3n de la mediaci\u00f3n se precisan por decreto en Conseil d'Etat. (v\u00e9anse los art\u00edculos R.612-1 a R.612-5).\t\t\t\t\t\t\t\t<\/div>\n\t\t\t\t\t<\/div>\n\t\t\t\t<\/div>\n\t\t\t\t<\/div>","protected":false},"excerpt":{"rendered":"<p>PROPRI\u00c9T\u00c9 Le site (EST TRULUXCARS) www.truluxcars.com est la propri\u00e9t\u00e9 de AUTOS VELIU, entreprise individuelle immatricul\u00e9e aupr\u00e8s du registre du commerce et des soci\u00e9t\u00e9s de Mulhouse 750 707 465, Si\u00e8ge&nbsp;: 15 Rue de Saint-Louis 68100 Mulhouse. Num\u00e9ro SIRET : 75070746500035 Num\u00e9ro TVA : FR75750707465 Responsable de la publication : Monsieur Xhelal Veliu DROITS DE PROPRI\u00c9T\u00c9 INTELLECTUELLE [&hellip;]<\/p>","protected":false},"author":1,"featured_media":0,"parent":0,"menu_order":0,"comment_status":"closed","ping_status":"closed","template":"","meta":{"footnotes":""},"class_list":["post-23535","page","type-page","status-publish","hentry"],"jetpack_sharing_enabled":true,"_links":{"self":[{"href":"https:\/\/truluxcars.com\/es\/wp-json\/wp\/v2\/pages\/23535","targetHints":{"allow":["GET"]}}],"collection":[{"href":"https:\/\/truluxcars.com\/es\/wp-json\/wp\/v2\/pages"}],"about":[{"href":"https:\/\/truluxcars.com\/es\/wp-json\/wp\/v2\/types\/page"}],"author":[{"embeddable":true,"href":"https:\/\/truluxcars.com\/es\/wp-json\/wp\/v2\/users\/1"}],"replies":[{"embeddable":true,"href":"https:\/\/truluxcars.com\/es\/wp-json\/wp\/v2\/comments?post=23535"}],"version-history":[{"count":5,"href":"https:\/\/truluxcars.com\/es\/wp-json\/wp\/v2\/pages\/23535\/revisions"}],"predecessor-version":[{"id":27906,"href":"https:\/\/truluxcars.com\/es\/wp-json\/wp\/v2\/pages\/23535\/revisions\/27906"}],"wp:attachment":[{"href":"https:\/\/truluxcars.com\/es\/wp-json\/wp\/v2\/media?parent=23535"}],"curies":[{"name":"wp","href":"https:\/\/api.w.org\/{rel}","templated":true}]}}