{"id":28035,"date":"2025-09-28T08:28:07","date_gmt":"2025-09-28T06:28:07","guid":{"rendered":"https:\/\/truluxcars.com\/?page_id=28035"},"modified":"2026-04-13T15:08:43","modified_gmt":"2026-04-13T13:08:43","slug":"concesionario","status":"publish","type":"page","link":"https:\/\/truluxcars.com\/es\/concesionario\/","title":{"rendered":"Mandataire Auto"},"content":{"rendered":"<div data-elementor-type=\"wp-page\" data-elementor-id=\"28035\" class=\"elementor elementor-28035\" data-elementor-post-type=\"page\">\n\t\t\t\t<div class=\"elementor-element elementor-element-3d78c4a e-flex e-con-boxed e-con e-parent\" data-id=\"3d78c4a\" data-element_type=\"container\" data-e-type=\"container\" data-settings=\"{&quot;background_background&quot;:&quot;classic&quot;}\">\n\t\t\t\t\t<div class=\"e-con-inner\">\n\t\t\t\t<div class=\"elementor-element elementor-element-368225d elementor-widget elementor-widget-heading\" data-id=\"368225d\" data-element_type=\"widget\" data-e-type=\"widget\" data-widget_type=\"heading.default\">\n\t\t\t\t\t<h2 class=\"elementor-heading-title elementor-size-default\">Mandataire Auto<\/h2>\t\t\t\t<\/div>\n\t\t\t\t<div class=\"elementor-element elementor-element-c8aaa91 elementor-widget elementor-widget-heading\" data-id=\"c8aaa91\" data-element_type=\"widget\" data-e-type=\"widget\" data-widget_type=\"heading.default\">\n\t\t\t\t\t<h2 class=\"elementor-heading-title elementor-size-default\">Alemania, Italia, Pa\u00edses Bajos, Austria, B\u00e9lgica y Suecia<\/h2>\t\t\t\t<\/div>\n\t\t\t\t<div class=\"elementor-element elementor-element-45f109f elementor-widget__width-initial elementor-widget elementor-widget-heading\" data-id=\"45f109f\" data-element_type=\"widget\" data-e-type=\"widget\" data-widget_type=\"heading.default\">\n\t\t\t\t\t<h2 class=\"elementor-heading-title elementor-size-default\">Con <b>EST TRULUXCARS<\/b>su socio en Alemania, obtenga la mejor oferta comprando directamente a los mayores concesionarios.<\/h2>\t\t\t\t<\/div>\n\t\t\t\t\t<\/div>\n\t\t\t\t<\/div>\n\t\t<div class=\"elementor-element elementor-element-c4514dd e-flex e-con-boxed e-con e-parent\" data-id=\"c4514dd\" data-element_type=\"container\" data-e-type=\"container\">\n\t\t\t\t\t<div class=\"e-con-inner\">\n\t\t<div class=\"elementor-element elementor-element-62d382e e-con-full e-flex e-con e-child\" data-id=\"62d382e\" data-element_type=\"container\" data-e-type=\"container\" data-settings=\"{&quot;background_background&quot;:&quot;classic&quot;}\">\n\t\t\t\t<div class=\"elementor-element elementor-element-d7f573e elementor-widget elementor-widget-heading\" data-id=\"d7f573e\" data-element_type=\"widget\" data-e-type=\"widget\" data-widget_type=\"heading.default\">\n\t\t\t\t\t<h2 class=\"elementor-heading-title elementor-size-default\">Busca tu propio coche\nbuscar coche en<\/h2>\t\t\t\t<\/div>\n\t\t<div class=\"elementor-element elementor-element-36f5c53 e-con-full e-flex e-con e-child\" data-id=\"36f5c53\" data-element_type=\"container\" data-e-type=\"container\">\n\t\t\t\t<div class=\"elementor-element elementor-element-cb7d0f4 elementor-widget elementor-widget-image\" data-id=\"cb7d0f4\" data-element_type=\"widget\" data-e-type=\"widget\" data-widget_type=\"image.default\">\n\t\t\t\t\t\t\t\t\t\t\t\t\t\t\t\t<a href=\"https:\/\/www.autoscout24.fr\/\" target=\"_blank\" rel=\"noopener\">\n\t\t\t\t\t\t\t<img decoding=\"async\" width=\"235\" height=\"56\" src=\"https:\/\/truluxcars.com\/wp-content\/uploads\/2025\/09\/logo-autoscout-mini.webp\" class=\"attachment-full size-full wp-image-28043\" alt=\"\" srcset=\"https:\/\/truluxcars.com\/wp-content\/uploads\/2025\/09\/logo-autoscout-mini.webp 235w, https:\/\/truluxcars.com\/wp-content\/uploads\/2025\/09\/logo-autoscout-mini-18x4.webp 18w\" sizes=\"(max-width: 235px) 100vw, 235px\" \/>\t\t\t\t\t\t\t\t<\/a>\n\t\t\t\t\t\t\t\t\t\t\t\t\t\t\t<\/div>\n\t\t\t\t<div class=\"elementor-element elementor-element-e9bf97e elementor-widget elementor-widget-image\" data-id=\"e9bf97e\" data-element_type=\"widget\" data-e-type=\"widget\" data-widget_type=\"image.default\">\n\t\t\t\t\t\t\t\t\t\t\t\t\t\t\t\t<a href=\"https:\/\/www.automobile.fr\/\" target=\"_blank\" rel=\"noopener\">\n\t\t\t\t\t\t\t<img decoding=\"async\" width=\"249\" height=\"44\" src=\"https:\/\/truluxcars.com\/wp-content\/uploads\/2025\/09\/Mobile-fr-logo-mini.webp\" class=\"attachment-full size-full wp-image-28042\" alt=\"\" srcset=\"https:\/\/truluxcars.com\/wp-content\/uploads\/2025\/09\/Mobile-fr-logo-mini.webp 249w, https:\/\/truluxcars.com\/wp-content\/uploads\/2025\/09\/Mobile-fr-logo-mini-18x3.webp 18w\" sizes=\"(max-width: 249px) 100vw, 249px\" \/>\t\t\t\t\t\t\t\t<\/a>\n\t\t\t\t\t\t\t\t\t\t\t\t\t\t\t<\/div>\n\t\t\t\t<\/div>\n\t\t\t\t<\/div>\n\t\t<div class=\"elementor-element elementor-element-ee86df7 e-con-full e-flex e-con e-child\" data-id=\"ee86df7\" data-element_type=\"container\" data-e-type=\"container\" data-settings=\"{&quot;background_background&quot;:&quot;classic&quot;}\">\n\t\t\t\t<div class=\"elementor-element elementor-element-da25bac elementor-widget elementor-widget-heading\" data-id=\"da25bac\" data-element_type=\"widget\" data-e-type=\"widget\" data-widget_type=\"heading.default\">\n\t\t\t\t\t<h2 class=\"elementor-heading-title elementor-size-default\">\"\u00bfHa encontrado un veh\u00edculo que le interesa y quiere saber m\u00e1s?\n\n<b>Llamamos al vendedor para obtener informaci\u00f3n y negociar<\/b> \"<\/h2>\t\t\t\t<\/div>\n\t\t\t\t<div class=\"elementor-element elementor-element-6c92f0e elementor-align-center elementor-widget elementor-widget-button\" data-id=\"6c92f0e\" data-element_type=\"widget\" data-e-type=\"widget\" data-widget_type=\"button.default\">\n\t\t\t\t\t\t\t\t\t\t<a class=\"elementor-button elementor-button-link elementor-size-sm\" href=\"\/es\/nuestras-ofertas\/\">\n\t\t\t\t\t\t<span class=\"elementor-button-content-wrapper\">\n\t\t\t\t\t\t\t\t\t<span class=\"elementor-button-text\">M\u00e1s informaci\u00f3n<\/span>\n\t\t\t\t\t<\/span>\n\t\t\t\t\t<\/a>\n\t\t\t\t\t\t\t\t<\/div>\n\t\t\t\t<\/div>\n\t\t\t\t\t<\/div>\n\t\t\t\t<\/div>\n\t\t<div class=\"elementor-element elementor-element-15e5306 e-flex e-con-boxed e-con e-parent\" data-id=\"15e5306\" data-element_type=\"container\" data-e-type=\"container\">\n\t\t\t\t\t<div class=\"e-con-inner\">\n\t\t<div class=\"elementor-element elementor-element-8b244e9 e-con-full e-flex e-con e-child\" data-id=\"8b244e9\" data-element_type=\"container\" data-e-type=\"container\" data-settings=\"{&quot;background_background&quot;:&quot;classic&quot;}\">\n\t\t<div class=\"elementor-element elementor-element-f41080a e-flex e-con-boxed e-con e-child\" data-id=\"f41080a\" data-element_type=\"container\" data-e-type=\"container\">\n\t\t\t\t\t<div class=\"e-con-inner\">\n\t\t\t\t<div class=\"elementor-element elementor-element-d46b1eb elementor-widget elementor-widget-heading\" data-id=\"d46b1eb\" data-element_type=\"widget\" data-e-type=\"widget\" data-widget_type=\"heading.default\">\n\t\t\t\t\t<h2 class=\"elementor-heading-title elementor-size-default\">Las ventajas de recurrir a un concesionario<\/h2>\t\t\t\t<\/div>\n\t\t\t\t<div class=\"elementor-element elementor-element-4fe81fa elementor-widget-divider--view-line elementor-widget elementor-widget-divider\" data-id=\"4fe81fa\" data-element_type=\"widget\" data-e-type=\"widget\" data-widget_type=\"divider.default\">\n\t\t\t\t\t\t\t<div class=\"elementor-divider\">\n\t\t\t<span class=\"elementor-divider-separator\">\n\t\t\t\t\t\t<\/span>\n\t\t<\/div>\n\t\t\t\t\t\t<\/div>\n\t\t\t\t\t<\/div>\n\t\t\t\t<\/div>\n\t\t\t\t<div class=\"elementor-element elementor-element-51f112e elementor-widget elementor-widget-text-editor\" data-id=\"51f112e\" data-element_type=\"widget\" data-e-type=\"widget\" data-widget_type=\"text-editor.default\">\n\t\t\t\t\t\t\t\t\t<p>Comprar un coche en Europa puede ser complejo. Afortunadamente, un <b>concesionario<\/b> puede simplificar este proceso. Como intermediario entre comprador y vendedor, permite adquirir veh\u00edculos a precios competitivos, a menudo inferiores a los que ofrecen los concesionarios locales.<\/p>\t\t\t\t\t\t\t\t<\/div>\n\t\t<div class=\"elementor-element elementor-element-cf32b9f e-flex e-con-boxed e-con e-child\" data-id=\"cf32b9f\" data-element_type=\"container\" data-e-type=\"container\">\n\t\t\t\t\t<div class=\"e-con-inner\">\n\t\t\t\t<div class=\"elementor-element elementor-element-039aec2 elementor-widget elementor-widget-heading\" data-id=\"039aec2\" data-element_type=\"widget\" data-e-type=\"widget\" data-widget_type=\"heading.default\">\n\t\t\t\t\t<h2 class=\"elementor-heading-title elementor-size-default\">\u00bfPor qu\u00e9 elegir un concesionario?<\/h2>\t\t\t\t<\/div>\n\t\t\t\t<div class=\"elementor-element elementor-element-de6c702 elementor-widget-divider--view-line elementor-widget elementor-widget-divider\" data-id=\"de6c702\" data-element_type=\"widget\" data-e-type=\"widget\" data-widget_type=\"divider.default\">\n\t\t\t\t\t\t\t<div class=\"elementor-divider\">\n\t\t\t<span class=\"elementor-divider-separator\">\n\t\t\t\t\t\t<\/span>\n\t\t<\/div>\n\t\t\t\t\t\t<\/div>\n\t\t\t\t\t<\/div>\n\t\t\t\t<\/div>\n\t\t\t\t<div class=\"elementor-element elementor-element-8a816f2 elementor-widget elementor-widget-text-editor\" data-id=\"8a816f2\" data-element_type=\"widget\" data-e-type=\"widget\" data-widget_type=\"text-editor.default\">\n\t\t\t\t\t\t\t\t\t<ul><li><strong>Precios atractivos<\/strong>\u00a0Los concesionarios de autom\u00f3viles negocian tarifas ventajosas comprando veh\u00edculos en grandes cantidades.<\/li><li><strong>Amplia gama de veh\u00edculos<\/strong>\u00a0Un amplio inventario de modelos nuevos y usados.<\/li><li><strong>Transparencia<\/strong>\u00a0Recomendaci\u00f3n: los agentes ofrecen informaci\u00f3n clara sobre los veh\u00edculos, incluido su historial.<\/li><li><strong>Servicio llave en mano<\/strong>\u00a0Desde la b\u00fasqueda del veh\u00edculo hasta la entrega, el agente se encarga de todo.<\/li><\/ul><p>Al elegir un\u00a0<strong>concesionario<\/strong>\u00a0para su compra, usted se beneficia de una experiencia sin estr\u00e9s, con la seguridad de obtener un veh\u00edculo de calidad al mejor precio.<\/p>\t\t\t\t\t\t\t\t<\/div>\n\t\t<div class=\"elementor-element elementor-element-319ac85 e-flex e-con-boxed e-con e-child\" data-id=\"319ac85\" data-element_type=\"container\" data-e-type=\"container\">\n\t\t\t\t\t<div class=\"e-con-inner\">\n\t\t\t\t<div class=\"elementor-element elementor-element-cab1635 elementor-widget elementor-widget-heading\" data-id=\"cab1635\" data-element_type=\"widget\" data-e-type=\"widget\" data-widget_type=\"heading.default\">\n\t\t\t\t\t<h2 class=\"elementor-heading-title elementor-size-default\">Encontrar un concesionario de coches en distintos pa\u00edses europeos<\/h2>\t\t\t\t<\/div>\n\t\t\t\t<div class=\"elementor-element elementor-element-c142627 elementor-widget-divider--view-line elementor-widget elementor-widget-divider\" data-id=\"c142627\" data-element_type=\"widget\" data-e-type=\"widget\" data-widget_type=\"divider.default\">\n\t\t\t\t\t\t\t<div class=\"elementor-divider\">\n\t\t\t<span class=\"elementor-divider-separator\">\n\t\t\t\t\t\t<\/span>\n\t\t<\/div>\n\t\t\t\t\t\t<\/div>\n\t\t\t\t\t<\/div>\n\t\t\t\t<\/div>\n\t\t\t\t<div class=\"elementor-element elementor-element-07b7258 elementor-widget elementor-widget-text-editor\" data-id=\"07b7258\" data-element_type=\"widget\" data-e-type=\"widget\" data-widget_type=\"text-editor.default\">\n\t\t\t\t\t\t\t\t\t<p>Cada pa\u00eds europeo ofrece oportunidades \u00fanicas para la compra de coches. He aqu\u00ed algunos ejemplos de destinos populares para los corredores de coches:<\/p>\t\t\t\t\t\t\t\t<\/div>\n\t\t\t\t<div class=\"elementor-element elementor-element-831edfb elementor-widget elementor-widget-icon-box\" data-id=\"831edfb\" data-element_type=\"widget\" data-e-type=\"widget\" data-widget_type=\"icon-box.default\">\n\t\t\t\t\t\t\t<div class=\"elementor-icon-box-wrapper\">\n\n\t\t\t\n\t\t\t\t\t\t<div class=\"elementor-icon-box-content\">\n\n\t\t\t\t\t\t\t\t\t<h3 class=\"elementor-icon-box-title\">\n\t\t\t\t\t\t<span  >\n\t\t\t\t\t\t\tMandataire auto en Allemagne\t\t\t\t\t\t<\/span>\n\t\t\t\t\t<\/h3>\n\t\t\t\t\n\t\t\t\t\t\t\t\t\t<p class=\"elementor-icon-box-description\">\n\t\t\t\t\t\tAlemania es famosa por sus coches de alta calidad. Utilizar un br\u00f3ker de coches alem\u00e1n puede darle acceso a veh\u00edculos prestigiosos a precios competitivos. M\u00e1s informaci\u00f3n sobre nuestro servicio en Alemania. \t\t\t\t\t<\/p>\n\t\t\t\t\n\t\t\t<\/div>\n\t\t\t\n\t\t<\/div>\n\t\t\t\t\t\t<\/div>\n\t\t\t\t<div class=\"elementor-element elementor-element-da49fe3 elementor-widget elementor-widget-icon-box\" data-id=\"da49fe3\" data-element_type=\"widget\" data-e-type=\"widget\" data-widget_type=\"icon-box.default\">\n\t\t\t\t\t\t\t<div class=\"elementor-icon-box-wrapper\">\n\n\t\t\t\n\t\t\t\t\t\t<div class=\"elementor-icon-box-content\">\n\n\t\t\t\t\t\t\t\t\t<h3 class=\"elementor-icon-box-title\">\n\t\t\t\t\t\t<span  >\n\t\t\t\t\t\t\tAgencia de coches en Espa\u00f1a\t\t\t\t\t\t<\/span>\n\t\t\t\t\t<\/h3>\n\t\t\t\t\n\t\t\t\t\t\t\t\t\t<p class=\"elementor-icon-box-description\">\n\t\t\t\t\t\tEspa\u00f1a tambi\u00e9n ofrece grandes ofertas en coches, especialmente en modelos de segunda mano. Un br\u00f3ker de coches en Espa\u00f1a te ayudar\u00e1 a encontrar el veh\u00edculo ideal para tus necesidades.\n\n\t\t\t\t\t<\/p>\n\t\t\t\t\n\t\t\t<\/div>\n\t\t\t\n\t\t<\/div>\n\t\t\t\t\t\t<\/div>\n\t\t\t\t<div class=\"elementor-element elementor-element-6e5491c elementor-widget elementor-widget-icon-box\" data-id=\"6e5491c\" data-element_type=\"widget\" data-e-type=\"widget\" data-widget_type=\"icon-box.default\">\n\t\t\t\t\t\t\t<div class=\"elementor-icon-box-wrapper\">\n\n\t\t\t\n\t\t\t\t\t\t<div class=\"elementor-icon-box-content\">\n\n\t\t\t\t\t\t\t\t\t<h3 class=\"elementor-icon-box-title\">\n\t\t\t\t\t\t<span  >\n\t\t\t\t\t\t\tMandataire auto en Italie\t\t\t\t\t\t<\/span>\n\t\t\t\t\t<\/h3>\n\t\t\t\t\n\t\t\t\t\t\t\t\t\t<p class=\"elementor-icon-box-description\">\n\t\t\t\t\t\tItalia es famosa por sus coches deportivos y sus modelos elegantes. Un concesionario italiano puede ayudarte a comprar estos veh\u00edculos. \t\t\t\t\t<\/p>\n\t\t\t\t\n\t\t\t<\/div>\n\t\t\t\n\t\t<\/div>\n\t\t\t\t\t\t<\/div>\n\t\t\t\t<div class=\"elementor-element elementor-element-010f515 elementor-widget elementor-widget-icon-box\" data-id=\"010f515\" data-element_type=\"widget\" data-e-type=\"widget\" data-widget_type=\"icon-box.default\">\n\t\t\t\t\t\t\t<div class=\"elementor-icon-box-wrapper\">\n\n\t\t\t\n\t\t\t\t\t\t<div class=\"elementor-icon-box-content\">\n\n\t\t\t\t\t\t\t\t\t<h3 class=\"elementor-icon-box-title\">\n\t\t\t\t\t\t<span  >\n\t\t\t\t\t\t\tAgencia de coches en Austria\t\t\t\t\t\t<\/span>\n\t\t\t\t\t<\/h3>\n\t\t\t\t\n\t\t\t\t\t\t\t\t\t<p class=\"elementor-icon-box-description\">\n\t\t\t\t\t\tAustria es un destino menos conocido pero interesante para comprar coches. Un corredor de coches en Austria puede encontrar ofertas atractivas en el pa\u00eds.\t\t\t\t\t<\/p>\n\t\t\t\t\n\t\t\t<\/div>\n\t\t\t\n\t\t<\/div>\n\t\t\t\t\t\t<\/div>\n\t\t\t\t<div class=\"elementor-element elementor-element-b2b48fb elementor-widget elementor-widget-icon-box\" data-id=\"b2b48fb\" data-element_type=\"widget\" data-e-type=\"widget\" data-widget_type=\"icon-box.default\">\n\t\t\t\t\t\t\t<div class=\"elementor-icon-box-wrapper\">\n\n\t\t\t\n\t\t\t\t\t\t<div class=\"elementor-icon-box-content\">\n\n\t\t\t\t\t\t\t\t\t<h3 class=\"elementor-icon-box-title\">\n\t\t\t\t\t\t<span  >\n\t\t\t\t\t\t\tMandataire auto en Belgique\t\t\t\t\t\t<\/span>\n\t\t\t\t\t<\/h3>\n\t\t\t\t\n\t\t\t\t\t\t\t\t\t<p class=\"elementor-icon-box-description\">\n\t\t\t\t\t\tB\u00e9lgica es un excelente punto de partida para comprar coches usados. Un agente autorizado en B\u00e9lgica le guiar\u00e1 a trav\u00e9s del proceso belga.\t\t\t\t\t<\/p>\n\t\t\t\t\n\t\t\t<\/div>\n\t\t\t\n\t\t<\/div>\n\t\t\t\t\t\t<\/div>\n\t\t\t\t<div class=\"elementor-element elementor-element-343ed3f elementor-widget elementor-widget-icon-box\" data-id=\"343ed3f\" data-element_type=\"widget\" data-e-type=\"widget\" data-widget_type=\"icon-box.default\">\n\t\t\t\t\t\t\t<div class=\"elementor-icon-box-wrapper\">\n\n\t\t\t\n\t\t\t\t\t\t<div class=\"elementor-icon-box-content\">\n\n\t\t\t\t\t\t\t\t\t<h3 class=\"elementor-icon-box-title\">\n\t\t\t\t\t\t<span  >\n\t\t\t\t\t\t\tAgencia de autom\u00f3viles en los Pa\u00edses Bajos\t\t\t\t\t\t<\/span>\n\t\t\t\t\t<\/h3>\n\t\t\t\t\n\t\t\t\t\t\t\t\t\t<p class=\"elementor-icon-box-description\">\n\t\t\t\t\t\tLos Pa\u00edses Bajos ofrecen una amplia gama de veh\u00edculos a precios competitivos. Un intermediario de coches en los Pa\u00edses Bajos puede ayudarte a encontrar el veh\u00edculo perfecto.\t\t\t\t\t<\/p>\n\t\t\t\t\n\t\t\t<\/div>\n\t\t\t\n\t\t<\/div>\n\t\t\t\t\t\t<\/div>\n\t\t<div class=\"elementor-element elementor-element-0b13164 e-con-full e-flex e-con e-child\" data-id=\"0b13164\" data-element_type=\"container\" data-e-type=\"container\">\n\t\t\t\t<div class=\"elementor-element elementor-element-b139d01 elementor-widget elementor-widget-heading\" data-id=\"b139d01\" data-element_type=\"widget\" data-e-type=\"widget\" data-widget_type=\"heading.default\">\n\t\t\t\t\t<h2 class=\"elementor-heading-title elementor-size-default\">Opciones de veh\u00edculos disponibles a trav\u00e9s de un agente autorizado<\/h2>\t\t\t\t<\/div>\n\t\t\t\t<div class=\"elementor-element elementor-element-2753cd6 elementor-widget-divider--view-line elementor-widget elementor-widget-divider\" data-id=\"2753cd6\" data-element_type=\"widget\" data-e-type=\"widget\" data-widget_type=\"divider.default\">\n\t\t\t\t\t\t\t<div class=\"elementor-divider\">\n\t\t\t<span class=\"elementor-divider-separator\">\n\t\t\t\t\t\t<\/span>\n\t\t<\/div>\n\t\t\t\t\t\t<\/div>\n\t\t\t\t<\/div>\n\t\t\t\t<div class=\"elementor-element elementor-element-fefe542 elementor-widget elementor-widget-text-editor\" data-id=\"fefe542\" data-element_type=\"widget\" data-e-type=\"widget\" data-widget_type=\"text-editor.default\">\n\t\t\t\t\t\t\t\t\t<p>Una de las principales ventajas de trabajar con un\u00a0<strong>concesionario<\/strong>\u00a0es la variedad de veh\u00edculos disponibles. Tanto si buscas un coche nuevo como de segunda mano, las opciones son amplias y variadas.<\/p><h3>Mandataire voiture: una amplia gama de opciones<\/h3><p>A trav\u00e9s de un\u00a0<strong>concesionario<\/strong>Aqu\u00ed podr\u00e1 acceder a modelos de diferentes marcas, tama\u00f1os y precios. Los veh\u00edculos disponibles incluyen :<\/p><ul><li>Coches nuevos: para los que quieren un modelo reciente con la \u00faltima tecnolog\u00eda.<\/li><li><strong>Mandataire auto occasion<\/strong>\u00a0Para los que buscan una opci\u00f3n m\u00e1s asequible, tambi\u00e9n hay disponibles veh\u00edculos usados de calidad.<\/li><\/ul><h3>Agente de coches usados<\/h3><p>Para los compradores preocupados por el presupuesto, un\u00a0<strong>agente de coches usados<\/strong>\u00a0es una excelente opci\u00f3n. Puede encontrar coches recientes y en buen estado a precios muy inferiores a los de los veh\u00edculos nuevos. Los agentes garantizan la calidad y transparencia de los veh\u00edculos ofertados.<\/p><h3>Agentes de autom\u00f3viles en distintos pa\u00edses<\/h3><p>Cada pa\u00eds ofrece oportunidades \u00fanicas para comprar coches usados. Por ejemplo :<\/p><ul><li><strong>Mandataire voiture Espa\u00f1a<\/strong>\u00a0veh\u00edculos bien mantenidos que ofrecen una buena relaci\u00f3n calidad-precio.<\/li><li><strong>Mandataire voiture Belgique<\/strong>\u00a0Variedad de modelos a precios competitivos.<\/li><\/ul>\t\t\t\t\t\t\t\t<\/div>\n\t\t<div class=\"elementor-element elementor-element-9360513 e-con-full e-flex e-con e-child\" data-id=\"9360513\" data-element_type=\"container\" data-e-type=\"container\">\n\t\t\t\t<div class=\"elementor-element elementor-element-4dbf266 elementor-widget elementor-widget-heading\" data-id=\"4dbf266\" data-element_type=\"widget\" data-e-type=\"widget\" data-widget_type=\"heading.default\">\n\t\t\t\t\t<h2 class=\"elementor-heading-title elementor-size-default\">\u00bfC\u00f3mo elegir el concesionario adecuado?<\/h2>\t\t\t\t<\/div>\n\t\t\t\t<div class=\"elementor-element elementor-element-2e4e03e elementor-widget-divider--view-line elementor-widget elementor-widget-divider\" data-id=\"2e4e03e\" data-element_type=\"widget\" data-e-type=\"widget\" data-widget_type=\"divider.default\">\n\t\t\t\t\t\t\t<div class=\"elementor-divider\">\n\t\t\t<span class=\"elementor-divider-separator\">\n\t\t\t\t\t\t<\/span>\n\t\t<\/div>\n\t\t\t\t\t\t<\/div>\n\t\t\t\t<\/div>\n\t\t\t\t<div class=\"elementor-element elementor-element-a65b4b5 elementor-widget elementor-widget-text-editor\" data-id=\"a65b4b5\" data-element_type=\"widget\" data-e-type=\"widget\" data-widget_type=\"text-editor.default\">\n\t\t\t\t\t\t\t\t\t<p>Es esencial elegir el concesionario de coches adecuado para garantizar una compra segura y sin preocupaciones.<\/p><h3>Criterios de selecci\u00f3n de un agente de autom\u00f3viles<\/h3><ul><li><strong>Reputaci\u00f3n y opiniones de los clientes<\/strong>\u00a0Busque opiniones y testimonios para evaluar la fiabilidad del agente.<\/li><li><strong>Transparencia de los servicios<\/strong>\u00a0Aseg\u00farese de que el agente ofrece total transparencia sobre veh\u00edculos y costes.<\/li><li><strong>Servicios ofrecidos<\/strong>\u00a0Compruebe que el agente ofrece un servicio completo, que incluye la b\u00fasqueda de veh\u00edculos, la negociaci\u00f3n del precio y la entrega.<\/li><\/ul>\t\t\t\t\t\t\t\t<\/div>\n\t\t<div class=\"elementor-element elementor-element-1048a6d e-con-full e-flex e-con e-child\" data-id=\"1048a6d\" data-element_type=\"container\" data-e-type=\"container\">\n\t\t\t\t<div class=\"elementor-element elementor-element-ba5802b elementor-widget elementor-widget-heading\" data-id=\"ba5802b\" data-element_type=\"widget\" data-e-type=\"widget\" data-widget_type=\"heading.default\">\n\t\t\t\t\t<h2 class=\"elementor-heading-title elementor-size-default\">Concesionarios de coches en Europa<\/h2>\t\t\t\t<\/div>\n\t\t\t\t<div class=\"elementor-element elementor-element-bde05c2 elementor-widget-divider--view-line elementor-widget elementor-widget-divider\" data-id=\"bde05c2\" data-element_type=\"widget\" data-e-type=\"widget\" data-widget_type=\"divider.default\">\n\t\t\t\t\t\t\t<div class=\"elementor-divider\">\n\t\t\t<span class=\"elementor-divider-separator\">\n\t\t\t\t\t\t<\/span>\n\t\t<\/div>\n\t\t\t\t\t\t<\/div>\n\t\t\t\t<\/div>\n\t\t\t\t<div class=\"elementor-element elementor-element-c1ecdae elementor-widget elementor-widget-text-editor\" data-id=\"c1ecdae\" data-element_type=\"widget\" data-e-type=\"widget\" data-widget_type=\"text-editor.default\">\n\t\t\t\t\t\t\t\t\t<p>En funci\u00f3n de sus necesidades, puede elegir un corredor de coches especializado en importaciones de un pa\u00eds concreto:<\/p><ul><li><strong>Agente auto Alemania<\/strong>\u00a0para veh\u00edculos de alta calidad.<\/li><li><strong>Agente auto Espa\u00f1a<\/strong>\u00a0para grandes ofertas en coches usados.<\/li><li><strong>Concesionario italiano<\/strong>\u00a0para coches elegantes y deportivos.<\/li><li><strong>Agencia de coches Austria<\/strong>\u00a0para modelos menos comunes pero atractivos.<\/li><li><strong>Agente auto B\u00e9lgica<\/strong>\u00a0para una amplia gama de veh\u00edculos a precios competitivos.<\/li><li><strong>Agencia de coches Pa\u00edses Bajos<\/strong>\u00a0para una amplia gama de coches asequibles.<\/li><\/ul><p>Elija una\u00a0<strong>concesionario<\/strong>\u00a0para la compra de su coche en Europa le ofrece un sinf\u00edn de ventajas, desde precios atractivos hasta una amplia gama de opciones. Conf\u00ede en un representante para encontrar el veh\u00edculo que se adapte a sus necesidades y a su presupuesto.<\/p>\t\t\t\t\t\t\t\t<\/div>\n\t\t\t\t<\/div>\n\t\t\t\t\t<\/div>\n\t\t\t\t<\/div>\n\t\t\t\t<\/div>","protected":false},"excerpt":{"rendered":"<p>Allemagne, Italie, Pays-Bas, Autriche, Belgique et Su\u00e8de Avec EST TRULUXCARS, votre partenaire mandataire auto Allemagne, r\u00e9alisez la bonne affaire en achetant directement dans les plus grandes concessions. Effectuez vous-m\u00eame votre recherche auto sur les sites \u00ab Vous avez trouv\u00e9 un v\u00e9hicule qui vous int\u00e9resse et vous voulez en savoir plus ? Nous appelons le vendeur [&hellip;]<\/p>","protected":false},"author":1,"featured_media":0,"parent":0,"menu_order":0,"comment_status":"closed","ping_status":"closed","template":"","meta":{"footnotes":""},"class_list":["post-28035","page","type-page","status-publish","hentry"],"jetpack_sharing_enabled":true,"_links":{"self":[{"href":"https:\/\/truluxcars.com\/es\/wp-json\/wp\/v2\/pages\/28035","targetHints":{"allow":["GET"]}}],"collection":[{"href":"https:\/\/truluxcars.com\/es\/wp-json\/wp\/v2\/pages"}],"about":[{"href":"https:\/\/truluxcars.com\/es\/wp-json\/wp\/v2\/types\/page"}],"author":[{"embeddable":true,"href":"https:\/\/truluxcars.com\/es\/wp-json\/wp\/v2\/users\/1"}],"replies":[{"embeddable":true,"href":"https:\/\/truluxcars.com\/es\/wp-json\/wp\/v2\/comments?post=28035"}],"version-history":[{"count":5,"href":"https:\/\/truluxcars.com\/es\/wp-json\/wp\/v2\/pages\/28035\/revisions"}],"predecessor-version":[{"id":30951,"href":"https:\/\/truluxcars.com\/es\/wp-json\/wp\/v2\/pages\/28035\/revisions\/30951"}],"wp:attachment":[{"href":"https:\/\/truluxcars.com\/es\/wp-json\/wp\/v2\/media?parent=28035"}],"curies":[{"name":"wp","href":"https:\/\/api.w.org\/{rel}","templated":true}]}}