{"id":1535,"date":"2019-07-17T14:30:15","date_gmt":"2019-07-17T14:30:15","guid":{"rendered":"http:\/\/mycars.digitalatlas.io\/?page_id=1535"},"modified":"2025-09-29T05:09:55","modified_gmt":"2025-09-29T03:09:55","slug":"a-propos","status":"publish","type":"page","link":"https:\/\/truluxcars.com\/it\/a-propos\/","title":{"rendered":"Chi siamo"},"content":{"rendered":"<div data-elementor-type=\"wp-post\" data-elementor-id=\"1535\" class=\"elementor elementor-1535\" data-elementor-post-type=\"page\">\n\t\t\t\t<div class=\"elementor-element elementor-element-4fbe424 e-flex e-con-boxed e-con e-parent\" data-id=\"4fbe424\" data-element_type=\"container\" data-e-type=\"container\">\n\t\t\t\t\t<div class=\"e-con-inner\">\n\t\t\t\t<div class=\"elementor-element elementor-element-67f71eb elementor-widget-tablet__width-initial elementor-widget elementor-widget-heading\" data-id=\"67f71eb\" data-element_type=\"widget\" data-e-type=\"widget\" data-widget_type=\"heading.default\">\n\t\t\t\t\t<h1 class=\"elementor-heading-title elementor-size-default\">Chi siamo<\/h1>\t\t\t\t<\/div>\n\t\t\t\t<div class=\"elementor-element elementor-element-e44c09e elementor-widget-tablet__width-initial elementor-widget elementor-widget-heading\" data-id=\"e44c09e\" data-element_type=\"widget\" data-e-type=\"widget\" data-widget_type=\"heading.default\">\n\t\t\t\t\t<h1 class=\"elementor-heading-title elementor-size-default\">La nostra azienda<\/h1>\t\t\t\t<\/div>\n\t\t\t\t<div class=\"elementor-element elementor-element-e8a7c2a elementor-widget-tablet__width-initial elementor-widget elementor-widget-text-editor\" data-id=\"e8a7c2a\" data-element_type=\"widget\" data-e-type=\"widget\" data-widget_type=\"text-editor.default\">\n\t\t\t\t\t\t\t\t\t<p>Con diversi anni di esperienza nell'industria automobilistica, <strong>EST Truluxcars<\/strong> si \u00e8 affermata come operatore di fiducia nell'importazione di veicoli dall'Europa. In qualit\u00e0 di specialisti del mercato tedesco ed europeo, mettiamo il nostro know-how al servizio di tutti coloro che desiderano acquistare un veicolo a un prezzo competitivo.<\/p><p>Come azienda a misura d'uomo, coltiviamo un approccio basato sulla vicinanza e sull'ascolto. Il nostro team condivide la passione per le auto e un acuto senso del servizio, che ci permette di offrire ai nostri clienti un'assistenza personalizzata, affidabile e trasparente.<\/p>\t\t\t\t\t\t\t\t<\/div>\n\t\t\t\t<div class=\"elementor-element elementor-element-601d021 elementor-widget-tablet__width-initial elementor-widget elementor-widget-heading\" data-id=\"601d021\" data-element_type=\"widget\" data-e-type=\"widget\" data-widget_type=\"heading.default\">\n\t\t\t\t\t<h1 class=\"elementor-heading-title elementor-size-default\">Cosa ci rende diversi<\/h1>\t\t\t\t<\/div>\n\t\t\t\t<div class=\"elementor-element elementor-element-0c6cb64 elementor-widget-tablet__width-initial elementor-widget elementor-widget-text-editor\" data-id=\"0c6cb64\" data-element_type=\"widget\" data-e-type=\"widget\" data-widget_type=\"text-editor.default\">\n\t\t\t\t\t\t\t\t\t<p>A <strong>EST Truluxcars<\/strong>Ma non ci limitiamo a cercare i veicoli: vi guidiamo in ogni fase del progetto, dalla scelta del modello alla negoziazione, all'amministrazione e alla consegna.<br \/>Lavoriamo solo con partner fidati e sappiamo come decifrare le pratiche commerciali in vigore nei vari Paesi europei. Questa competenza, unita alla padronanza delle lingue e delle procedure locali, ci permette di garantire ogni transazione ed evitare spiacevoli sorprese ai nostri clienti.<\/p><p><strong>Il nostro impegno<\/strong><\/p><p>Per consigliarvi in modo chiaro e preciso,<\/p><p>Vi offriamo il vantaggio della nostra rete e della nostra esperienza,<\/p><p>Per offrirvi un servizio affidabile e professionale,<\/p><p>Per garantirvi un acquisto semplice, trasparente e sicuro.<\/p>\t\t\t\t\t\t\t\t<\/div>\n\t\t\t\t<div class=\"elementor-element elementor-element-c53f19e elementor-widget-tablet__width-initial elementor-widget elementor-widget-heading\" data-id=\"c53f19e\" data-element_type=\"widget\" data-e-type=\"widget\" data-widget_type=\"heading.default\">\n\t\t\t\t\t<h1 class=\"elementor-heading-title elementor-size-default\">Perch\u00e9 scegliere EST Truluxcars?<\/h1>\t\t\t\t<\/div>\n\t\t\t\t<div class=\"elementor-element elementor-element-67b44ff elementor-widget-tablet__width-initial elementor-widget elementor-widget-text-editor\" data-id=\"67b44ff\" data-element_type=\"widget\" data-e-type=\"widget\" data-widget_type=\"text-editor.default\">\n\t\t\t\t\t\t\t\t\t<p>L'acquisto di un'auto all'estero pu\u00f2 sembrare complesso, persino rischioso. Con EST Truluxcars, non siete mai soli. Siamo il vostro unico punto di riferimento, dal primo contatto al momento della consegna delle chiavi. Potrete beneficiare di una consulenza personalizzata, di una rigorosa selezione di veicoli su misura per le vostre esigenze e di un'assistenza completa, senza spiacevoli sorprese.<\/p>\n<p>Il nostro obiettivo non \u00e8 solo quello di aiutarvi a comprare un'auto: \u00e8 quello di offrirvi un'esperienza di acquisto fluida e rassicurante, trasformando quella che potrebbe essere una fonte di stress in un vero piacere.<\/p>\n<p>Alla EST Truluxcars ogni cliente \u00e8 unico. Che siate alla ricerca di una city car, di una berlina di alta gamma, di un SUV o di un veicolo commerciale, facciamo del nostro meglio per trovare il modello che corrisponde perfettamente alle vostre esigenze, ai vostri gusti e al vostro budget.<\/p>\n<p>Crediamo che il rapporto di fiducia che instauriamo con i nostri clienti sia la chiave del nostro successo. Per questo diamo priorit\u00e0 a un servizio umano, basato sull'ascolto, sulla disponibilit\u00e0 e sul rispetto degli impegni presi.<\/p>\n<p><strong>&nbsp; &nbsp; &nbsp; &nbsp; &nbsp; &nbsp; &nbsp; &nbsp; &nbsp; &nbsp; &nbsp; &nbsp; &nbsp; &nbsp; &nbsp; &nbsp; &nbsp;EST Truluxcars - Fiducia nella vostra mobilit\u00e0.<\/strong><\/p>\t\t\t\t\t\t\t\t<\/div>\n\t\t\t\t\t<\/div>\n\t\t\t\t<\/div>\n\t\t\t\t<\/div>","protected":false},"excerpt":{"rendered":"<p>\u00c0 propos de nous Notre soci\u00e9t\u00e9 Avec plusieurs ann\u00e9es d\u2019exp\u00e9rience dans le domaine de l\u2019automobile, EST Truluxcars s\u2019est impos\u00e9 comme un acteur de confiance dans l\u2019importation de v\u00e9hicules en provenance d\u2019Europe. Sp\u00e9cialistes du march\u00e9 allemand et europ\u00e9en, nous mettons notre savoir-faire au service de tous ceux qui souhaitent acqu\u00e9rir un v\u00e9hicule \u00e0 un prix comp\u00e9titif. [&hellip;]<\/p>","protected":false},"author":1,"featured_media":0,"parent":0,"menu_order":0,"comment_status":"closed","ping_status":"closed","template":"","meta":{"footnotes":""},"class_list":["post-1535","page","type-page","status-publish","hentry"],"jetpack_sharing_enabled":true,"_links":{"self":[{"href":"https:\/\/truluxcars.com\/it\/wp-json\/wp\/v2\/pages\/1535","targetHints":{"allow":["GET"]}}],"collection":[{"href":"https:\/\/truluxcars.com\/it\/wp-json\/wp\/v2\/pages"}],"about":[{"href":"https:\/\/truluxcars.com\/it\/wp-json\/wp\/v2\/types\/page"}],"author":[{"embeddable":true,"href":"https:\/\/truluxcars.com\/it\/wp-json\/wp\/v2\/users\/1"}],"replies":[{"embeddable":true,"href":"https:\/\/truluxcars.com\/it\/wp-json\/wp\/v2\/comments?post=1535"}],"version-history":[{"count":5,"href":"https:\/\/truluxcars.com\/it\/wp-json\/wp\/v2\/pages\/1535\/revisions"}],"predecessor-version":[{"id":28219,"href":"https:\/\/truluxcars.com\/it\/wp-json\/wp\/v2\/pages\/1535\/revisions\/28219"}],"wp:attachment":[{"href":"https:\/\/truluxcars.com\/it\/wp-json\/wp\/v2\/media?parent=1535"}],"curies":[{"name":"wp","href":"https:\/\/api.w.org\/{rel}","templated":true}]}}