{"id":23535,"date":"2024-03-07T08:33:00","date_gmt":"2024-03-07T07:33:00","guid":{"rendered":"https:\/\/agepauto.fr\/?page_id=23535"},"modified":"2025-09-26T19:53:59","modified_gmt":"2025-09-26T17:53:59","slug":"informazioni-legali","status":"publish","type":"page","link":"https:\/\/truluxcars.com\/it\/informazioni-legali\/","title":{"rendered":"Informazioni legali"},"content":{"rendered":"<div data-elementor-type=\"wp-page\" data-elementor-id=\"23535\" class=\"elementor elementor-23535\" data-elementor-post-type=\"page\">\n\t\t\t\t<div class=\"elementor-element elementor-element-ad45e5d e-flex e-con-boxed e-con e-parent\" data-id=\"ad45e5d\" data-element_type=\"container\" data-e-type=\"container\">\n\t\t\t\t\t<div class=\"e-con-inner\">\n\t\t\t\t<div class=\"elementor-element elementor-element-1601cc2 elementor-widget-tablet__width-initial elementor-widget elementor-widget-heading\" data-id=\"1601cc2\" data-element_type=\"widget\" data-e-type=\"widget\" data-widget_type=\"heading.default\">\n\t\t\t\t\t<h1 class=\"elementor-heading-title elementor-size-default\">Informazioni legali<\/h1>\t\t\t\t<\/div>\n\t\t\t\t<div class=\"elementor-element elementor-element-f2a9bd9 elementor-widget-tablet__width-initial elementor-widget elementor-widget-heading\" data-id=\"f2a9bd9\" data-element_type=\"widget\" data-e-type=\"widget\" data-widget_type=\"heading.default\">\n\t\t\t\t\t<h1 class=\"elementor-heading-title elementor-size-default\">PROPRIET\u00c0<\/h1>\t\t\t\t<\/div>\n\t\t\t\t<div class=\"elementor-element elementor-element-19ad913 elementor-widget-tablet__width-initial elementor-widget elementor-widget-text-editor\" data-id=\"19ad913\" data-element_type=\"widget\" data-e-type=\"widget\" data-widget_type=\"text-editor.default\">\n\t\t\t\t\t\t\t\t\t<p>Il sito (EST TRULUXCARS) <strong style=\"\"><u>www.truluxcars.com<\/u> <\/strong>\u00e8 la propriet\u00e0 di <strong>AUTOS VELIU<\/strong>una ditta individuale registrata presso il Registre du Commerce et des Soci\u00e9t\u00e9s di <strong>Mulhouse 750 707 465<\/strong>Sede centrale: 15 Rue de Saint-Louis 68100 Mulhouse.<\/p>\t\t\t\t\t\t\t\t<\/div>\n\t\t\t\t<div class=\"elementor-element elementor-element-f9043d2 elementor-icon-list--layout-traditional elementor-list-item-link-full_width elementor-widget elementor-widget-icon-list\" data-id=\"f9043d2\" data-element_type=\"widget\" data-e-type=\"widget\" data-widget_type=\"icon-list.default\">\n\t\t\t\t\t\t\t<ul class=\"elementor-icon-list-items\">\n\t\t\t\t\t\t\t<li class=\"elementor-icon-list-item\">\n\t\t\t\t\t\t\t\t\t\t\t<span class=\"elementor-icon-list-icon\">\n\t\t\t\t\t\t\t<svg aria-hidden=\"true\" class=\"e-font-icon-svg e-fas-circle\" viewbox=\"0 0 512 512\" xmlns=\"http:\/\/www.w3.org\/2000\/svg\"><path d=\"M256 8C119 8 8 119 8 256s111 248 248 248 248-111 248-248S393 8 256 8z\"><\/path><\/svg>\t\t\t\t\t\t<\/span>\n\t\t\t\t\t\t\t\t\t\t<span class=\"elementor-icon-list-text\">Numero SIRET : <b>75070746500035<\/b><\/span>\n\t\t\t\t\t\t\t\t\t<\/li>\n\t\t\t\t\t\t\t\t<li class=\"elementor-icon-list-item\">\n\t\t\t\t\t\t\t\t\t\t\t<span class=\"elementor-icon-list-icon\">\n\t\t\t\t\t\t\t<svg aria-hidden=\"true\" class=\"e-font-icon-svg e-fas-circle\" viewbox=\"0 0 512 512\" xmlns=\"http:\/\/www.w3.org\/2000\/svg\"><path d=\"M256 8C119 8 8 119 8 256s111 248 248 248 248-111 248-248S393 8 256 8z\"><\/path><\/svg>\t\t\t\t\t\t<\/span>\n\t\t\t\t\t\t\t\t\t\t<span class=\"elementor-icon-list-text\">Partita IVA : <b>FR75750707465<\/b><\/span>\n\t\t\t\t\t\t\t\t\t<\/li>\n\t\t\t\t\t\t\t\t<li class=\"elementor-icon-list-item\">\n\t\t\t\t\t\t\t\t\t\t\t<span class=\"elementor-icon-list-icon\">\n\t\t\t\t\t\t\t<svg aria-hidden=\"true\" class=\"e-font-icon-svg e-fas-circle\" viewbox=\"0 0 512 512\" xmlns=\"http:\/\/www.w3.org\/2000\/svg\"><path d=\"M256 8C119 8 8 119 8 256s111 248 248 248 248-111 248-248S393 8 256 8z\"><\/path><\/svg>\t\t\t\t\t\t<\/span>\n\t\t\t\t\t\t\t\t\t\t<span class=\"elementor-icon-list-text\">Responsabile della pubblicazione : <b>Sig. Xhelal Veliu<\/b><\/span>\n\t\t\t\t\t\t\t\t\t<\/li>\n\t\t\t\t\t\t<\/ul>\n\t\t\t\t\t\t<\/div>\n\t\t\t\t<div class=\"elementor-element elementor-element-aa76354 elementor-widget-tablet__width-initial elementor-widget elementor-widget-heading\" data-id=\"aa76354\" data-element_type=\"widget\" data-e-type=\"widget\" data-widget_type=\"heading.default\">\n\t\t\t\t\t<h1 class=\"elementor-heading-title elementor-size-default\">DIRITTI DI PROPRIET\u00c0 INTELLETTUALE<\/h1>\t\t\t\t<\/div>\n\t\t\t\t<div class=\"elementor-element elementor-element-f90d753 elementor-widget-tablet__width-initial elementor-widget elementor-widget-text-editor\" data-id=\"f90d753\" data-element_type=\"widget\" data-e-type=\"widget\" data-widget_type=\"text-editor.default\">\n\t\t\t\t\t\t\t\t\tEST Truluxcars informa gli utenti del Sito che molti elementi del Sito :\n\nSono protetti dalla legislazione sul diritto d'autore: ci\u00f2 pu\u00f2 includere fotografie, articoli, disegni, sequenze animate, registrazioni digitali audio o video, ecc.\ne\/o sono protetti dalla legislazione su disegni e modelli: questi possono includere i modelli di veicoli che appaiono sul Sito.\nSono protetti dalla legislazione sui marchi: in particolare i marchi \"PEUGEOT\", RENAULT, CITROEN, MERCEDES, BMW ecc.\nGli elementi cos\u00ec protetti sono di propriet\u00e0 di EST Truluxcars, delle sue filiali o di terzi che ne hanno autorizzato l'uso.\n\nDi conseguenza, \u00e8 vietata la riproduzione, la rappresentazione, l'utilizzo, l'adattamento, la modifica, l'incorporazione, la traduzione o la commercializzazione, parziale o totale, con qualsiasi procedimento e su qualsiasi supporto (cartaceo, digitale, ecc.) senza la preventiva autorizzazione scritta di EST Truluxcars, fatte salve le eccezioni di cui all'articolo L122.5 del Codice della Propriet\u00e0 Intellettuale francese, pena una violazione del diritto d'autore e\/o dei disegni e modelli e\/o dei marchi, punibile con due anni di reclusione e una multa di 150.000 euro.\n\nI marchi di software che possono essere visualizzati sul Sito sono di propriet\u00e0 delle societ\u00e0 che li gestiscono e non possono essere utilizzati senza il previo consenso scritto del proprietario di tali marchi. Questo software \u00e8 protetto da copyright e il suo utilizzo richiede la stipula di un contratto di licenza direttamente tra il suo proprietario e l'utente di Internet.\t\t\t\t\t\t\t\t<\/div>\n\t\t\t\t<div class=\"elementor-element elementor-element-b9be550 elementor-widget-tablet__width-initial elementor-widget elementor-widget-heading\" data-id=\"b9be550\" data-element_type=\"widget\" data-e-type=\"widget\" data-widget_type=\"heading.default\">\n\t\t\t\t\t<h1 class=\"elementor-heading-title elementor-size-default\">PROTEZIONE DEI DATI <\/h1>\t\t\t\t<\/div>\n\t\t\t\t<div class=\"elementor-element elementor-element-d0e3b51 elementor-widget-tablet__width-initial elementor-widget elementor-widget-text-editor\" data-id=\"d0e3b51\" data-element_type=\"widget\" data-e-type=\"widget\" data-widget_type=\"text-editor.default\">\n\t\t\t\t\t\t\t\t\tIl Sito pu\u00f2 essere consultato senza che l'utente di Internet debba necessariamente rivelare la propria identit\u00e0 o altri dati personali che lo riguardano.\n\nGli utenti di Internet hanno il diritto di accedere, modificare, rettificare e\/o cancellare i dati personali che possono essere loro richiesti, in particolare al momento dell'apertura di un conto o della prenotazione di un veicolo online, in conformit\u00e0 con la legge modificata n. 78-17 del 6 gennaio 1978 sulla protezione delle persone fisiche in relazione al trattamento dei dati personali.\n\nLe informazioni raccolte sono ad uso esclusivo di EST Truluxcars. Tali informazioni possono essere utilizzate a fini commerciali o di marketing o come base per studi e analisi.\n\nTali informazioni personali saranno conservate in una forma che consenta l'identificazione delle persone interessate per un periodo di tempo non superiore a quello necessario per gli scopi per i quali sono state raccolte e\/o elaborate.\t\t\t\t\t\t\t\t<\/div>\n\t\t\t\t<div class=\"elementor-element elementor-element-32f4bb2 elementor-widget-tablet__width-initial elementor-widget elementor-widget-heading\" data-id=\"32f4bb2\" data-element_type=\"widget\" data-e-type=\"widget\" data-widget_type=\"heading.default\">\n\t\t\t\t\t<h1 class=\"elementor-heading-title elementor-size-default\">COCCOLE<\/h1>\t\t\t\t<\/div>\n\t\t\t\t<div class=\"elementor-element elementor-element-0677d82 elementor-widget-tablet__width-initial elementor-widget elementor-widget-text-editor\" data-id=\"0677d82\" data-element_type=\"widget\" data-e-type=\"widget\" data-widget_type=\"text-editor.default\">\n\t\t\t\t\t\t\t\t\tUn cookie \u00e8 un piccolo file di testo inviato dal Sito al browser dell'utente Internet e memorizzato sul computer dell'utente. Viene utilizzato per registrare i dati relativi alla navigazione del computer sul Sito (che vengono memorizzati sul computer per 10 anni) e per offrire informazioni personalizzate consentendo al server di identificare l'utente Internet.\n\nGli utenti di Internet possono disattivare questa opzione nel proprio browser configurando il proprio computer in modo appropriato in base al browser Internet utilizzato. A tal fine, possono consultare le istruzioni per l'uso del proprio software o sistema operativo.\t\t\t\t\t\t\t\t<\/div>\n\t\t\t\t<div class=\"elementor-element elementor-element-b1f9488 elementor-widget-tablet__width-initial elementor-widget elementor-widget-heading\" data-id=\"b1f9488\" data-element_type=\"widget\" data-e-type=\"widget\" data-widget_type=\"heading.default\">\n\t\t\t\t\t<h1 class=\"elementor-heading-title elementor-size-default\">LINK<\/h1>\t\t\t\t<\/div>\n\t\t\t\t<div class=\"elementor-element elementor-element-2124d18 elementor-widget-tablet__width-initial elementor-widget elementor-widget-text-editor\" data-id=\"2124d18\" data-element_type=\"widget\" data-e-type=\"widget\" data-widget_type=\"text-editor.default\">\n\t\t\t\t\t\t\t\t\tLa creazione di un collegamento ipertestuale al Sito richiede la previa autorizzazione scritta di EST Truluxcars.\nIn nessun caso EST Truluxcars sar\u00e0 responsabile del contenuto, dei prodotti o dei servizi offerti sui siti ai quali il Sito pu\u00f2 essere collegato tramite link ipertestuali o qualsiasi altro tipo di link.\t\t\t\t\t\t\t\t<\/div>\n\t\t\t\t<div class=\"elementor-element elementor-element-600029d elementor-widget-tablet__width-initial elementor-widget elementor-widget-heading\" data-id=\"600029d\" data-element_type=\"widget\" data-e-type=\"widget\" data-widget_type=\"heading.default\">\n\t\t\t\t\t<h1 class=\"elementor-heading-title elementor-size-default\">SICUREZZA<\/h1>\t\t\t\t<\/div>\n\t\t\t\t<div class=\"elementor-element elementor-element-815a4b1 elementor-widget-tablet__width-initial elementor-widget elementor-widget-text-editor\" data-id=\"815a4b1\" data-element_type=\"widget\" data-e-type=\"widget\" data-widget_type=\"text-editor.default\">\n\t\t\t\t\t\t\t\t\t<p>Durante l'utilizzo del Sito, l'utente di Internet si impegna a non effettuare manipolazioni che possano causare virus o guasti informatici, guasti funzionali o guasti di qualsiasi tipo che possano compromettere il funzionamento del Sito o di qualsiasi server o servizio accessibile tramite il Sito. In particolare, l'utente di Internet si impegna unicamente a mettere a disposizione, nello spazio costituito dal Sito, informazioni, dati, documenti e file affidabili, innocui e non suscettibili di pregiudicare il funzionamento del Sito o di qualsiasi server o servizio accessibile tramite il Sito.<\/p><p>L'utilizzo del Sito o di qualsiasi server o servizio accessibile tramite il Sito:<\/p><ul><li>rispettare tutte le leggi e i regolamenti nazionali e internazionali applicabili, nonch\u00e9 i diritti di terzi<\/li><li>non deve danneggiare in alcun modo l'immagine di EST Truluxcars.<\/li><\/ul><p>In particolare, l'utente di Internet garantisce EST Truluxcars contro qualsiasi azione da parte di terzi relativa al contenuto delle informazioni messe a disposizione dall'utente di Internet nello spazio costituito dal Sito, in particolare quelle derivanti da una violazione dei diritti della personalit\u00e0, dei diritti di propriet\u00e0 intellettuale, dell'ordine pubblico, della pubblica decenza, del rispetto della vita privata (diritti di immagine, ecc.) o delle disposizioni penali del diritto nazionale e\/o internazionale in vigore. A questo proposito, l'utente di Internet si impegna a risarcire EST Truluxcars per tutti i costi, gli oneri e le spese che potrebbero essere sostenuti di conseguenza, compresi gli onorari e i costi ragionevoli dei consulenti di EST Truluxcars.<\/p><p>Gli utenti di Internet utilizzano il Sito a proprio rischio. EST Truluxcars e le sue filiali non possono essere ritenute responsabili per qualsiasi danno diretto o indiretto, come la perdita di materiale, la perdita di dati o programmi, o la perdita finanziaria, derivanti dall'uso del Sito o di qualsiasi sito web ad esso collegato.<\/p><p>EST Truluxcars richiama l'attenzione dell'utente di Internet sul fatto che alcuni prodotti o servizi presentati sul Sito possono essere soggetti a normative speciali o addirittura a restrizioni e\/o divieti in alcuni Paesi.<\/p>\t\t\t\t\t\t\t\t<\/div>\n\t\t\t\t<div class=\"elementor-element elementor-element-f50e425 elementor-widget-tablet__width-initial elementor-widget elementor-widget-heading\" data-id=\"f50e425\" data-element_type=\"widget\" data-e-type=\"widget\" data-widget_type=\"heading.default\">\n\t\t\t\t\t<h1 class=\"elementor-heading-title elementor-size-default\">ACCESSO E CONNESSIONE<\/h1>\t\t\t\t<\/div>\n\t\t\t\t<div class=\"elementor-element elementor-element-8601e68 elementor-widget-tablet__width-initial elementor-widget elementor-widget-text-editor\" data-id=\"8601e68\" data-element_type=\"widget\" data-e-type=\"widget\" data-widget_type=\"text-editor.default\">\n\t\t\t\t\t\t\t\t\t<p>Il Sito \u00e8 accessibile tramite Internet. Internet \u00e8 una rete aperta e informale, formata dall'interconnessione internazionale di reti di computer. La gestione di Internet non \u00e8 soggetta ad alcuna entit\u00e0 centrale e ogni porzione di questa rete appartiene a un ente pubblico o privato indipendente. Il suo funzionamento si basa quindi sulla cooperazione tra gli operatori delle varie reti, senza alcun obbligo di fornitura o di qualit\u00e0 della fornitura tra gli operatori. Le reti possono avere capacit\u00e0 di trasmissione disuguali e politiche di utilizzo proprie. Nessuno pu\u00f2 garantire il corretto funzionamento di Internet nel suo complesso. Di conseguenza, EST Truluxcars non si assume alcuna responsabilit\u00e0 o garanzia in caso di malfunzionamento di Internet (ritardi nelle trasmissioni o qualsiasi altro malfunzionamento).<\/p><p>EST Truluxcars pu\u00f2 sospendere l'accesso al sito in qualsiasi momento, temporaneamente o meno, in caso di :<\/p><ul><li>qualsiasi violazione dei presenti termini e condizioni da parte dell'utente di Internet, senza pregiudizio di qualsiasi altro diritto e azione a favore di EST Truluxcars<\/li><li>problemi tecnici relativi all'infrastruttura messa in atto per mettere online il Sito e farlo funzionare<\/li><li>Manutenzione del sito<\/li><\/ul>\t\t\t\t\t\t\t\t<\/div>\n\t\t\t\t<div class=\"elementor-element elementor-element-ea587f5 elementor-widget-tablet__width-initial elementor-widget elementor-widget-heading\" data-id=\"ea587f5\" data-element_type=\"widget\" data-e-type=\"widget\" data-widget_type=\"heading.default\">\n\t\t\t\t\t<h1 class=\"elementor-heading-title elementor-size-default\">LEGGE APPLICABILE<\/h1>\t\t\t\t<\/div>\n\t\t\t\t<div class=\"elementor-element elementor-element-d019eb0 elementor-widget-tablet__width-initial elementor-widget elementor-widget-text-editor\" data-id=\"d019eb0\" data-element_type=\"widget\" data-e-type=\"widget\" data-widget_type=\"text-editor.default\">\n\t\t\t\t\t\t\t\t\tAi sensi dell'articolo R. 631-3, il consumatore pu\u00f2 portare la propria controversia davanti a uno dei tribunali territorialmente competenti ai sensi del Codice di procedura civile, oppure davanti al tribunale del luogo in cui viveva al momento della conclusione del contratto o del verificarsi dell'evento dannoso.\nAi sensi dell'articolo L612-1, tutti i consumatori hanno il diritto di ricorrere gratuitamente a un mediatore per i consumatori al fine di risolvere in modo amichevole una controversia tra loro e un professionista. A tal fine, il professionista garantisce al consumatore il ricorso effettivo a un programma di mediazione per i consumatori. Il professionista pu\u00f2 istituire un proprio programma di mediazione per i consumatori o offrire al consumatore il ricorso a qualsiasi altro mediatore per i consumatori che soddisfi i requisiti del presente titolo. Se esiste un mediatore dei consumatori il cui mandato si estende a tutte le imprese di un settore di attivit\u00e0 economica a cui appartiene, il professionista deve sempre consentire al consumatore di farvi ricorso. I termini e le condizioni di attuazione del processo di mediazione sono specificati per decreto dal Consiglio di Stato. (cfr. articoli da R.612-1 a R.612-5).\t\t\t\t\t\t\t\t<\/div>\n\t\t\t\t\t<\/div>\n\t\t\t\t<\/div>\n\t\t\t\t<\/div>","protected":false},"excerpt":{"rendered":"<p>PROPRI\u00c9T\u00c9 Le site (EST TRULUXCARS) www.truluxcars.com est la propri\u00e9t\u00e9 de AUTOS VELIU, entreprise individuelle immatricul\u00e9e aupr\u00e8s du registre du commerce et des soci\u00e9t\u00e9s de Mulhouse 750 707 465, Si\u00e8ge&nbsp;: 15 Rue de Saint-Louis 68100 Mulhouse. Num\u00e9ro SIRET : 75070746500035 Num\u00e9ro TVA : FR75750707465 Responsable de la publication : Monsieur Xhelal Veliu DROITS DE PROPRI\u00c9T\u00c9 INTELLECTUELLE [&hellip;]<\/p>","protected":false},"author":1,"featured_media":0,"parent":0,"menu_order":0,"comment_status":"closed","ping_status":"closed","template":"","meta":{"footnotes":""},"class_list":["post-23535","page","type-page","status-publish","hentry"],"jetpack_sharing_enabled":true,"_links":{"self":[{"href":"https:\/\/truluxcars.com\/it\/wp-json\/wp\/v2\/pages\/23535","targetHints":{"allow":["GET"]}}],"collection":[{"href":"https:\/\/truluxcars.com\/it\/wp-json\/wp\/v2\/pages"}],"about":[{"href":"https:\/\/truluxcars.com\/it\/wp-json\/wp\/v2\/types\/page"}],"author":[{"embeddable":true,"href":"https:\/\/truluxcars.com\/it\/wp-json\/wp\/v2\/users\/1"}],"replies":[{"embeddable":true,"href":"https:\/\/truluxcars.com\/it\/wp-json\/wp\/v2\/comments?post=23535"}],"version-history":[{"count":5,"href":"https:\/\/truluxcars.com\/it\/wp-json\/wp\/v2\/pages\/23535\/revisions"}],"predecessor-version":[{"id":27906,"href":"https:\/\/truluxcars.com\/it\/wp-json\/wp\/v2\/pages\/23535\/revisions\/27906"}],"wp:attachment":[{"href":"https:\/\/truluxcars.com\/it\/wp-json\/wp\/v2\/media?parent=23535"}],"curies":[{"name":"wp","href":"https:\/\/api.w.org\/{rel}","templated":true}]}}