{"id":28035,"date":"2025-09-28T08:28:07","date_gmt":"2025-09-28T06:28:07","guid":{"rendered":"https:\/\/truluxcars.com\/?page_id=28035"},"modified":"2026-04-13T15:08:43","modified_gmt":"2026-04-13T13:08:43","slug":"concessionario-auto","status":"publish","type":"page","link":"https:\/\/truluxcars.com\/it\/concessionario-auto\/","title":{"rendered":"Mandataire Auto"},"content":{"rendered":"<div data-elementor-type=\"wp-page\" data-elementor-id=\"28035\" class=\"elementor elementor-28035\" data-elementor-post-type=\"page\">\n\t\t\t\t<div class=\"elementor-element elementor-element-3d78c4a e-flex e-con-boxed e-con e-parent\" data-id=\"3d78c4a\" data-element_type=\"container\" data-e-type=\"container\" data-settings=\"{&quot;background_background&quot;:&quot;classic&quot;}\">\n\t\t\t\t\t<div class=\"e-con-inner\">\n\t\t\t\t<div class=\"elementor-element elementor-element-368225d elementor-widget elementor-widget-heading\" data-id=\"368225d\" data-element_type=\"widget\" data-e-type=\"widget\" data-widget_type=\"heading.default\">\n\t\t\t\t\t<h2 class=\"elementor-heading-title elementor-size-default\">Mandataire Auto<\/h2>\t\t\t\t<\/div>\n\t\t\t\t<div class=\"elementor-element elementor-element-c8aaa91 elementor-widget elementor-widget-heading\" data-id=\"c8aaa91\" data-element_type=\"widget\" data-e-type=\"widget\" data-widget_type=\"heading.default\">\n\t\t\t\t\t<h2 class=\"elementor-heading-title elementor-size-default\">Germania, Italia, Paesi Bassi, Austria, Belgio e Svezia<\/h2>\t\t\t\t<\/div>\n\t\t\t\t<div class=\"elementor-element elementor-element-45f109f elementor-widget__width-initial elementor-widget elementor-widget-heading\" data-id=\"45f109f\" data-element_type=\"widget\" data-e-type=\"widget\" data-widget_type=\"heading.default\">\n\t\t\t\t\t<h2 class=\"elementor-heading-title elementor-size-default\">Con <b>EST TRULUXCARS<\/b>il vostro partner in Germania, ottenete le migliori offerte acquistando direttamente dai maggiori concessionari.<\/h2>\t\t\t\t<\/div>\n\t\t\t\t\t<\/div>\n\t\t\t\t<\/div>\n\t\t<div class=\"elementor-element elementor-element-c4514dd e-flex e-con-boxed e-con e-parent\" data-id=\"c4514dd\" data-element_type=\"container\" data-e-type=\"container\">\n\t\t\t\t\t<div class=\"e-con-inner\">\n\t\t<div class=\"elementor-element elementor-element-62d382e e-con-full e-flex e-con e-child\" data-id=\"62d382e\" data-element_type=\"container\" data-e-type=\"container\" data-settings=\"{&quot;background_background&quot;:&quot;classic&quot;}\">\n\t\t\t\t<div class=\"elementor-element elementor-element-d7f573e elementor-widget elementor-widget-heading\" data-id=\"d7f573e\" data-element_type=\"widget\" data-e-type=\"widget\" data-widget_type=\"heading.default\">\n\t\t\t\t\t<h2 class=\"elementor-heading-title elementor-size-default\">Effettuate la vostra ricerca auto\nricerca auto su<\/h2>\t\t\t\t<\/div>\n\t\t<div class=\"elementor-element elementor-element-36f5c53 e-con-full e-flex e-con e-child\" data-id=\"36f5c53\" data-element_type=\"container\" data-e-type=\"container\">\n\t\t\t\t<div class=\"elementor-element elementor-element-cb7d0f4 elementor-widget elementor-widget-image\" data-id=\"cb7d0f4\" data-element_type=\"widget\" data-e-type=\"widget\" data-widget_type=\"image.default\">\n\t\t\t\t\t\t\t\t\t\t\t\t\t\t\t\t<a href=\"https:\/\/www.autoscout24.fr\/\" target=\"_blank\" rel=\"noopener\">\n\t\t\t\t\t\t\t<img decoding=\"async\" width=\"235\" height=\"56\" src=\"https:\/\/truluxcars.com\/wp-content\/uploads\/2025\/09\/logo-autoscout-mini.webp\" class=\"attachment-full size-full wp-image-28043\" alt=\"\" srcset=\"https:\/\/truluxcars.com\/wp-content\/uploads\/2025\/09\/logo-autoscout-mini.webp 235w, https:\/\/truluxcars.com\/wp-content\/uploads\/2025\/09\/logo-autoscout-mini-18x4.webp 18w\" sizes=\"(max-width: 235px) 100vw, 235px\" \/>\t\t\t\t\t\t\t\t<\/a>\n\t\t\t\t\t\t\t\t\t\t\t\t\t\t\t<\/div>\n\t\t\t\t<div class=\"elementor-element elementor-element-e9bf97e elementor-widget elementor-widget-image\" data-id=\"e9bf97e\" data-element_type=\"widget\" data-e-type=\"widget\" data-widget_type=\"image.default\">\n\t\t\t\t\t\t\t\t\t\t\t\t\t\t\t\t<a href=\"https:\/\/www.automobile.fr\/\" target=\"_blank\" rel=\"noopener\">\n\t\t\t\t\t\t\t<img decoding=\"async\" width=\"249\" height=\"44\" src=\"https:\/\/truluxcars.com\/wp-content\/uploads\/2025\/09\/Mobile-fr-logo-mini.webp\" class=\"attachment-full size-full wp-image-28042\" alt=\"\" srcset=\"https:\/\/truluxcars.com\/wp-content\/uploads\/2025\/09\/Mobile-fr-logo-mini.webp 249w, https:\/\/truluxcars.com\/wp-content\/uploads\/2025\/09\/Mobile-fr-logo-mini-18x3.webp 18w\" sizes=\"(max-width: 249px) 100vw, 249px\" \/>\t\t\t\t\t\t\t\t<\/a>\n\t\t\t\t\t\t\t\t\t\t\t\t\t\t\t<\/div>\n\t\t\t\t<\/div>\n\t\t\t\t<\/div>\n\t\t<div class=\"elementor-element elementor-element-ee86df7 e-con-full e-flex e-con e-child\" data-id=\"ee86df7\" data-element_type=\"container\" data-e-type=\"container\" data-settings=\"{&quot;background_background&quot;:&quot;classic&quot;}\">\n\t\t\t\t<div class=\"elementor-element elementor-element-da25bac elementor-widget elementor-widget-heading\" data-id=\"da25bac\" data-element_type=\"widget\" data-e-type=\"widget\" data-widget_type=\"heading.default\">\n\t\t\t\t\t<h2 class=\"elementor-heading-title elementor-size-default\">\"Avete trovato un veicolo che vi interessa e volete saperne di pi\u00f9?\n\n<b>Chiamiamo il venditore per ottenere informazioni e negoziare<\/b> \"<\/h2>\t\t\t\t<\/div>\n\t\t\t\t<div class=\"elementor-element elementor-element-6c92f0e elementor-align-center elementor-widget elementor-widget-button\" data-id=\"6c92f0e\" data-element_type=\"widget\" data-e-type=\"widget\" data-widget_type=\"button.default\">\n\t\t\t\t\t\t\t\t\t\t<a class=\"elementor-button elementor-button-link elementor-size-sm\" href=\"\/it\/le-nostre-offerte\/\">\n\t\t\t\t\t\t<span class=\"elementor-button-content-wrapper\">\n\t\t\t\t\t\t\t\t\t<span class=\"elementor-button-text\">Per saperne di pi\u00f9<\/span>\n\t\t\t\t\t<\/span>\n\t\t\t\t\t<\/a>\n\t\t\t\t\t\t\t\t<\/div>\n\t\t\t\t<\/div>\n\t\t\t\t\t<\/div>\n\t\t\t\t<\/div>\n\t\t<div class=\"elementor-element elementor-element-15e5306 e-flex e-con-boxed e-con e-parent\" data-id=\"15e5306\" data-element_type=\"container\" data-e-type=\"container\">\n\t\t\t\t\t<div class=\"e-con-inner\">\n\t\t<div class=\"elementor-element elementor-element-8b244e9 e-con-full e-flex e-con e-child\" data-id=\"8b244e9\" data-element_type=\"container\" data-e-type=\"container\" data-settings=\"{&quot;background_background&quot;:&quot;classic&quot;}\">\n\t\t<div class=\"elementor-element elementor-element-f41080a e-flex e-con-boxed e-con e-child\" data-id=\"f41080a\" data-element_type=\"container\" data-e-type=\"container\">\n\t\t\t\t\t<div class=\"e-con-inner\">\n\t\t\t\t<div class=\"elementor-element elementor-element-d46b1eb elementor-widget elementor-widget-heading\" data-id=\"d46b1eb\" data-element_type=\"widget\" data-e-type=\"widget\" data-widget_type=\"heading.default\">\n\t\t\t\t\t<h2 class=\"elementor-heading-title elementor-size-default\">I vantaggi di rivolgersi a un concessionario auto<\/h2>\t\t\t\t<\/div>\n\t\t\t\t<div class=\"elementor-element elementor-element-4fe81fa elementor-widget-divider--view-line elementor-widget elementor-widget-divider\" data-id=\"4fe81fa\" data-element_type=\"widget\" data-e-type=\"widget\" data-widget_type=\"divider.default\">\n\t\t\t\t\t\t\t<div class=\"elementor-divider\">\n\t\t\t<span class=\"elementor-divider-separator\">\n\t\t\t\t\t\t<\/span>\n\t\t<\/div>\n\t\t\t\t\t\t<\/div>\n\t\t\t\t\t<\/div>\n\t\t\t\t<\/div>\n\t\t\t\t<div class=\"elementor-element elementor-element-51f112e elementor-widget elementor-widget-text-editor\" data-id=\"51f112e\" data-element_type=\"widget\" data-e-type=\"widget\" data-widget_type=\"text-editor.default\">\n\t\t\t\t\t\t\t\t\t<p>L'acquisto di un'auto in Europa pu\u00f2 essere complesso. Fortunatamente, un <b>concessionario auto<\/b> pu\u00f2 semplificare questo processo. In qualit\u00e0 di intermediario tra acquirente e venditore, consente di acquistare veicoli a prezzi competitivi, spesso inferiori a quelli offerti dai concessionari locali.<\/p>\t\t\t\t\t\t\t\t<\/div>\n\t\t<div class=\"elementor-element elementor-element-cf32b9f e-flex e-con-boxed e-con e-child\" data-id=\"cf32b9f\" data-element_type=\"container\" data-e-type=\"container\">\n\t\t\t\t\t<div class=\"e-con-inner\">\n\t\t\t\t<div class=\"elementor-element elementor-element-039aec2 elementor-widget elementor-widget-heading\" data-id=\"039aec2\" data-element_type=\"widget\" data-e-type=\"widget\" data-widget_type=\"heading.default\">\n\t\t\t\t\t<h2 class=\"elementor-heading-title elementor-size-default\">Perch\u00e9 scegliere un concessionario auto?<\/h2>\t\t\t\t<\/div>\n\t\t\t\t<div class=\"elementor-element elementor-element-de6c702 elementor-widget-divider--view-line elementor-widget elementor-widget-divider\" data-id=\"de6c702\" data-element_type=\"widget\" data-e-type=\"widget\" data-widget_type=\"divider.default\">\n\t\t\t\t\t\t\t<div class=\"elementor-divider\">\n\t\t\t<span class=\"elementor-divider-separator\">\n\t\t\t\t\t\t<\/span>\n\t\t<\/div>\n\t\t\t\t\t\t<\/div>\n\t\t\t\t\t<\/div>\n\t\t\t\t<\/div>\n\t\t\t\t<div class=\"elementor-element elementor-element-8a816f2 elementor-widget elementor-widget-text-editor\" data-id=\"8a816f2\" data-element_type=\"widget\" data-e-type=\"widget\" data-widget_type=\"text-editor.default\">\n\t\t\t\t\t\t\t\t\t<ul><li><strong>Prezzi interessanti<\/strong>\u00a0I concessionari di auto negoziano tariffe vantaggiose acquistando veicoli in grandi quantit\u00e0.<\/li><li><strong>Ampia scelta di veicoli<\/strong>\u00a0Un vasto inventario di modelli nuovi e usati.<\/li><li><strong>Trasparenza<\/strong>\u00a0Gli agenti forniscono informazioni chiare sui veicoli, compresa la loro storia.<\/li><li><strong>Servizio chiavi in mano<\/strong>\u00a0Dalla ricerca del veicolo alla consegna, l'agente si occupa di tutto.<\/li><\/ul><p>Scegliendo un\u00a0<strong>concessionario auto<\/strong>\u00a0per il vostro acquisto, potrete beneficiare di un'esperienza senza stress, con la certezza di ottenere un veicolo di qualit\u00e0 al miglior prezzo.<\/p>\t\t\t\t\t\t\t\t<\/div>\n\t\t<div class=\"elementor-element elementor-element-319ac85 e-flex e-con-boxed e-con e-child\" data-id=\"319ac85\" data-element_type=\"container\" data-e-type=\"container\">\n\t\t\t\t\t<div class=\"e-con-inner\">\n\t\t\t\t<div class=\"elementor-element elementor-element-cab1635 elementor-widget elementor-widget-heading\" data-id=\"cab1635\" data-element_type=\"widget\" data-e-type=\"widget\" data-widget_type=\"heading.default\">\n\t\t\t\t\t<h2 class=\"elementor-heading-title elementor-size-default\">Trovare un concessionario auto in diversi paesi europei<\/h2>\t\t\t\t<\/div>\n\t\t\t\t<div class=\"elementor-element elementor-element-c142627 elementor-widget-divider--view-line elementor-widget elementor-widget-divider\" data-id=\"c142627\" data-element_type=\"widget\" data-e-type=\"widget\" data-widget_type=\"divider.default\">\n\t\t\t\t\t\t\t<div class=\"elementor-divider\">\n\t\t\t<span class=\"elementor-divider-separator\">\n\t\t\t\t\t\t<\/span>\n\t\t<\/div>\n\t\t\t\t\t\t<\/div>\n\t\t\t\t\t<\/div>\n\t\t\t\t<\/div>\n\t\t\t\t<div class=\"elementor-element elementor-element-07b7258 elementor-widget elementor-widget-text-editor\" data-id=\"07b7258\" data-element_type=\"widget\" data-e-type=\"widget\" data-widget_type=\"text-editor.default\">\n\t\t\t\t\t\t\t\t\t<p>Ogni Paese europeo offre opportunit\u00e0 uniche per l'acquisto di auto. Ecco alcuni esempi di destinazioni popolari per i broker di auto:<\/p>\t\t\t\t\t\t\t\t<\/div>\n\t\t\t\t<div class=\"elementor-element elementor-element-831edfb elementor-widget elementor-widget-icon-box\" data-id=\"831edfb\" data-element_type=\"widget\" data-e-type=\"widget\" data-widget_type=\"icon-box.default\">\n\t\t\t\t\t\t\t<div class=\"elementor-icon-box-wrapper\">\n\n\t\t\t\n\t\t\t\t\t\t<div class=\"elementor-icon-box-content\">\n\n\t\t\t\t\t\t\t\t\t<h3 class=\"elementor-icon-box-title\">\n\t\t\t\t\t\t<span  >\n\t\t\t\t\t\t\tMandatario auto in Germania\t\t\t\t\t\t<\/span>\n\t\t\t\t\t<\/h3>\n\t\t\t\t\n\t\t\t\t\t\t\t\t\t<p class=\"elementor-icon-box-description\">\n\t\t\t\t\t\tLa Germania \u00e8 rinomata per le sue auto di alta qualit\u00e0. L'utilizzo di un broker di auto tedesche pu\u00f2 darvi accesso a veicoli prestigiosi a prezzi competitivi. Scoprite di pi\u00f9 sul nostro servizio in Germania. \t\t\t\t\t<\/p>\n\t\t\t\t\n\t\t\t<\/div>\n\t\t\t\n\t\t<\/div>\n\t\t\t\t\t\t<\/div>\n\t\t\t\t<div class=\"elementor-element elementor-element-da49fe3 elementor-widget elementor-widget-icon-box\" data-id=\"da49fe3\" data-element_type=\"widget\" data-e-type=\"widget\" data-widget_type=\"icon-box.default\">\n\t\t\t\t\t\t\t<div class=\"elementor-icon-box-wrapper\">\n\n\t\t\t\n\t\t\t\t\t\t<div class=\"elementor-icon-box-content\">\n\n\t\t\t\t\t\t\t\t\t<h3 class=\"elementor-icon-box-title\">\n\t\t\t\t\t\t<span  >\n\t\t\t\t\t\t\tAgenzia auto in Spagna\t\t\t\t\t\t<\/span>\n\t\t\t\t\t<\/h3>\n\t\t\t\t\n\t\t\t\t\t\t\t\t\t<p class=\"elementor-icon-box-description\">\n\t\t\t\t\t\tLa Spagna offre anche ottime offerte per le auto, soprattutto per i modelli di seconda mano. Un broker di auto in Spagna vi aiuter\u00e0 a trovare il veicolo ideale per le vostre esigenze.\n\n\t\t\t\t\t<\/p>\n\t\t\t\t\n\t\t\t<\/div>\n\t\t\t\n\t\t<\/div>\n\t\t\t\t\t\t<\/div>\n\t\t\t\t<div class=\"elementor-element elementor-element-6e5491c elementor-widget elementor-widget-icon-box\" data-id=\"6e5491c\" data-element_type=\"widget\" data-e-type=\"widget\" data-widget_type=\"icon-box.default\">\n\t\t\t\t\t\t\t<div class=\"elementor-icon-box-wrapper\">\n\n\t\t\t\n\t\t\t\t\t\t<div class=\"elementor-icon-box-content\">\n\n\t\t\t\t\t\t\t\t\t<h3 class=\"elementor-icon-box-title\">\n\t\t\t\t\t\t<span  >\n\t\t\t\t\t\t\tMandatario auto in Italia\t\t\t\t\t\t<\/span>\n\t\t\t\t\t<\/h3>\n\t\t\t\t\n\t\t\t\t\t\t\t\t\t<p class=\"elementor-icon-box-description\">\n\t\t\t\t\t\tL'Italia \u00e8 famosa per le sue auto sportive e i suoi modelli eleganti. Un concessionario italiano pu\u00f2 aiutarvi ad acquistare questi veicoli. \t\t\t\t\t<\/p>\n\t\t\t\t\n\t\t\t<\/div>\n\t\t\t\n\t\t<\/div>\n\t\t\t\t\t\t<\/div>\n\t\t\t\t<div class=\"elementor-element elementor-element-010f515 elementor-widget elementor-widget-icon-box\" data-id=\"010f515\" data-element_type=\"widget\" data-e-type=\"widget\" data-widget_type=\"icon-box.default\">\n\t\t\t\t\t\t\t<div class=\"elementor-icon-box-wrapper\">\n\n\t\t\t\n\t\t\t\t\t\t<div class=\"elementor-icon-box-content\">\n\n\t\t\t\t\t\t\t\t\t<h3 class=\"elementor-icon-box-title\">\n\t\t\t\t\t\t<span  >\n\t\t\t\t\t\t\tAgenzia auto in Austria\t\t\t\t\t\t<\/span>\n\t\t\t\t\t<\/h3>\n\t\t\t\t\n\t\t\t\t\t\t\t\t\t<p class=\"elementor-icon-box-description\">\n\t\t\t\t\t\tL'Austria \u00e8 una destinazione meno conosciuta ma interessante per l'acquisto di auto. Un broker di auto in Austria pu\u00f2 trovare offerte interessanti nel Paese.\t\t\t\t\t<\/p>\n\t\t\t\t\n\t\t\t<\/div>\n\t\t\t\n\t\t<\/div>\n\t\t\t\t\t\t<\/div>\n\t\t\t\t<div class=\"elementor-element elementor-element-b2b48fb elementor-widget elementor-widget-icon-box\" data-id=\"b2b48fb\" data-element_type=\"widget\" data-e-type=\"widget\" data-widget_type=\"icon-box.default\">\n\t\t\t\t\t\t\t<div class=\"elementor-icon-box-wrapper\">\n\n\t\t\t\n\t\t\t\t\t\t<div class=\"elementor-icon-box-content\">\n\n\t\t\t\t\t\t\t\t\t<h3 class=\"elementor-icon-box-title\">\n\t\t\t\t\t\t<span  >\n\t\t\t\t\t\t\tMandatario auto in Belgio\t\t\t\t\t\t<\/span>\n\t\t\t\t\t<\/h3>\n\t\t\t\t\n\t\t\t\t\t\t\t\t\t<p class=\"elementor-icon-box-description\">\n\t\t\t\t\t\tIl Belgio \u00e8 un ottimo punto di partenza per l'acquisto di auto usate. Un agente autorizzato in Belgio vi guider\u00e0 attraverso il processo belga.\t\t\t\t\t<\/p>\n\t\t\t\t\n\t\t\t<\/div>\n\t\t\t\n\t\t<\/div>\n\t\t\t\t\t\t<\/div>\n\t\t\t\t<div class=\"elementor-element elementor-element-343ed3f elementor-widget elementor-widget-icon-box\" data-id=\"343ed3f\" data-element_type=\"widget\" data-e-type=\"widget\" data-widget_type=\"icon-box.default\">\n\t\t\t\t\t\t\t<div class=\"elementor-icon-box-wrapper\">\n\n\t\t\t\n\t\t\t\t\t\t<div class=\"elementor-icon-box-content\">\n\n\t\t\t\t\t\t\t\t\t<h3 class=\"elementor-icon-box-title\">\n\t\t\t\t\t\t<span  >\n\t\t\t\t\t\t\tAgenzia auto nei Paesi Bassi\t\t\t\t\t\t<\/span>\n\t\t\t\t\t<\/h3>\n\t\t\t\t\n\t\t\t\t\t\t\t\t\t<p class=\"elementor-icon-box-description\">\n\t\t\t\t\t\tI Paesi Bassi offrono un'ampia gamma di veicoli a prezzi competitivi. Un broker di auto nei Paesi Bassi pu\u00f2 aiutarvi a trovare il veicolo perfetto.\t\t\t\t\t<\/p>\n\t\t\t\t\n\t\t\t<\/div>\n\t\t\t\n\t\t<\/div>\n\t\t\t\t\t\t<\/div>\n\t\t<div class=\"elementor-element elementor-element-0b13164 e-con-full e-flex e-con e-child\" data-id=\"0b13164\" data-element_type=\"container\" data-e-type=\"container\">\n\t\t\t\t<div class=\"elementor-element elementor-element-b139d01 elementor-widget elementor-widget-heading\" data-id=\"b139d01\" data-element_type=\"widget\" data-e-type=\"widget\" data-widget_type=\"heading.default\">\n\t\t\t\t\t<h2 class=\"elementor-heading-title elementor-size-default\">Opzioni del veicolo disponibili tramite un agente autorizzato<\/h2>\t\t\t\t<\/div>\n\t\t\t\t<div class=\"elementor-element elementor-element-2753cd6 elementor-widget-divider--view-line elementor-widget elementor-widget-divider\" data-id=\"2753cd6\" data-element_type=\"widget\" data-e-type=\"widget\" data-widget_type=\"divider.default\">\n\t\t\t\t\t\t\t<div class=\"elementor-divider\">\n\t\t\t<span class=\"elementor-divider-separator\">\n\t\t\t\t\t\t<\/span>\n\t\t<\/div>\n\t\t\t\t\t\t<\/div>\n\t\t\t\t<\/div>\n\t\t\t\t<div class=\"elementor-element elementor-element-fefe542 elementor-widget elementor-widget-text-editor\" data-id=\"fefe542\" data-element_type=\"widget\" data-e-type=\"widget\" data-widget_type=\"text-editor.default\">\n\t\t\t\t\t\t\t\t\t<p>Uno dei principali vantaggi di lavorare con un\u00a0<strong>concessionario auto<\/strong>\u00a0\u00e8 la variet\u00e0 di veicoli disponibili. Che siate alla ricerca di un'auto nuova o usata, le opzioni sono vaste e variegate.<\/p><h3>Mandataire voiture: un'ampia gamma di scelte<\/h3><p>Attraverso un\u00a0<strong>concessionario auto<\/strong>Qui \u00e8 possibile accedere a modelli di diverse marche, dimensioni e fasce di prezzo. I veicoli disponibili includono :<\/p><ul><li>Auto nuove: per chi vuole un modello recente con le ultime tecnologie.<\/li><li><strong>Mandato auto occasionale<\/strong>\u00a0Per chi cerca un'opzione pi\u00f9 economica, sono disponibili anche veicoli usati di qualit\u00e0.<\/li><\/ul><h3>Agente di auto usate<\/h3><p>Per gli acquirenti attenti al budget, un\u00a0<strong>agente di auto usate<\/strong>\u00a0\u00e8 un'opzione eccellente. \u00c8 possibile trovare auto recenti e ben tenute a prezzi nettamente inferiori a quelli dei veicoli nuovi. Gli agenti garantiscono la qualit\u00e0 e la trasparenza dei veicoli offerti.<\/p><h3>Agenti auto in diversi paesi<\/h3><p>Ogni Paese offre opportunit\u00e0 uniche per l'acquisto di auto usate. Ad esempio :<\/p><ul><li><strong>Mandato voiture Spagna<\/strong>\u00a0veicoli ben tenuti che offrono un buon rapporto qualit\u00e0-prezzo.<\/li><li><strong>Mandato voiture Belgique<\/strong>\u00a0Una variet\u00e0 di modelli a prezzi competitivi.<\/li><\/ul>\t\t\t\t\t\t\t\t<\/div>\n\t\t<div class=\"elementor-element elementor-element-9360513 e-con-full e-flex e-con e-child\" data-id=\"9360513\" data-element_type=\"container\" data-e-type=\"container\">\n\t\t\t\t<div class=\"elementor-element elementor-element-4dbf266 elementor-widget elementor-widget-heading\" data-id=\"4dbf266\" data-element_type=\"widget\" data-e-type=\"widget\" data-widget_type=\"heading.default\">\n\t\t\t\t\t<h2 class=\"elementor-heading-title elementor-size-default\">Come scegliere il concessionario giusto?<\/h2>\t\t\t\t<\/div>\n\t\t\t\t<div class=\"elementor-element elementor-element-2e4e03e elementor-widget-divider--view-line elementor-widget elementor-widget-divider\" data-id=\"2e4e03e\" data-element_type=\"widget\" data-e-type=\"widget\" data-widget_type=\"divider.default\">\n\t\t\t\t\t\t\t<div class=\"elementor-divider\">\n\t\t\t<span class=\"elementor-divider-separator\">\n\t\t\t\t\t\t<\/span>\n\t\t<\/div>\n\t\t\t\t\t\t<\/div>\n\t\t\t\t<\/div>\n\t\t\t\t<div class=\"elementor-element elementor-element-a65b4b5 elementor-widget elementor-widget-text-editor\" data-id=\"a65b4b5\" data-element_type=\"widget\" data-e-type=\"widget\" data-widget_type=\"text-editor.default\">\n\t\t\t\t\t\t\t\t\t<p>\u00c8 fondamentale scegliere il concessionario giusto per garantire un acquisto sicuro e senza preoccupazioni.<\/p><h3>Criteri di selezione di un agente auto<\/h3><ul><li><strong>Reputazione e recensioni dei clienti<\/strong>\u00a0Cercate recensioni e testimonianze per valutare l'affidabilit\u00e0 dell'agente.<\/li><li><strong>Trasparenza dei servizi<\/strong>\u00a0Assicuratevi che l'agente offra piena trasparenza su veicoli e costi.<\/li><li><strong>Servizi offerti<\/strong>\u00a0Verificate che l'agente offra un servizio completo, che comprenda la ricerca del veicolo, la negoziazione del prezzo e la consegna.<\/li><\/ul>\t\t\t\t\t\t\t\t<\/div>\n\t\t<div class=\"elementor-element elementor-element-1048a6d e-con-full e-flex e-con e-child\" data-id=\"1048a6d\" data-element_type=\"container\" data-e-type=\"container\">\n\t\t\t\t<div class=\"elementor-element elementor-element-ba5802b elementor-widget elementor-widget-heading\" data-id=\"ba5802b\" data-element_type=\"widget\" data-e-type=\"widget\" data-widget_type=\"heading.default\">\n\t\t\t\t\t<h2 class=\"elementor-heading-title elementor-size-default\">Concessionari di auto in Europa<\/h2>\t\t\t\t<\/div>\n\t\t\t\t<div class=\"elementor-element elementor-element-bde05c2 elementor-widget-divider--view-line elementor-widget elementor-widget-divider\" data-id=\"bde05c2\" data-element_type=\"widget\" data-e-type=\"widget\" data-widget_type=\"divider.default\">\n\t\t\t\t\t\t\t<div class=\"elementor-divider\">\n\t\t\t<span class=\"elementor-divider-separator\">\n\t\t\t\t\t\t<\/span>\n\t\t<\/div>\n\t\t\t\t\t\t<\/div>\n\t\t\t\t<\/div>\n\t\t\t\t<div class=\"elementor-element elementor-element-c1ecdae elementor-widget elementor-widget-text-editor\" data-id=\"c1ecdae\" data-element_type=\"widget\" data-e-type=\"widget\" data-widget_type=\"text-editor.default\">\n\t\t\t\t\t\t\t\t\t<p>A seconda delle vostre esigenze, potete scegliere un broker specializzato in importazioni da un paese specifico:<\/p><ul><li><strong>Agente auto Germania<\/strong>\u00a0per veicoli di alta qualit\u00e0.<\/li><li><strong>Agenzia auto Spagna<\/strong>\u00a0per trovare offerte vantaggiose sulle auto usate.<\/li><li><strong>Concessionario italiano di auto<\/strong>\u00a0per auto eleganti e sportive.<\/li><li><strong>Agenzia auto Austria<\/strong>\u00a0per modelli meno comuni ma attraenti.<\/li><li><strong>Agente auto Belgio<\/strong>\u00a0per un'ampia gamma di veicoli a prezzi competitivi.<\/li><li><strong>Agenzia auto Paesi Bassi<\/strong>\u00a0per un'ampia gamma di auto a prezzi accessibili.<\/li><\/ul><p>Scegliere un\u00a0<strong>concessionario auto<\/strong>\u00a0per l'acquisto di un'auto in Europa vi offre una serie di vantaggi, dai prezzi interessanti all'ampia gamma di scelte. Affidatevi a un rappresentante per trovare il veicolo pi\u00f9 adatto alle vostre esigenze e al vostro budget.<\/p>\t\t\t\t\t\t\t\t<\/div>\n\t\t\t\t<\/div>\n\t\t\t\t\t<\/div>\n\t\t\t\t<\/div>\n\t\t\t\t<\/div>","protected":false},"excerpt":{"rendered":"<p>Allemagne, Italie, Pays-Bas, Autriche, Belgique et Su\u00e8de Avec EST TRULUXCARS, votre partenaire mandataire auto Allemagne, r\u00e9alisez la bonne affaire en achetant directement dans les plus grandes concessions. Effectuez vous-m\u00eame votre recherche auto sur les sites \u00ab Vous avez trouv\u00e9 un v\u00e9hicule qui vous int\u00e9resse et vous voulez en savoir plus ? Nous appelons le vendeur [&hellip;]<\/p>","protected":false},"author":1,"featured_media":0,"parent":0,"menu_order":0,"comment_status":"closed","ping_status":"closed","template":"","meta":{"footnotes":""},"class_list":["post-28035","page","type-page","status-publish","hentry"],"jetpack_sharing_enabled":true,"_links":{"self":[{"href":"https:\/\/truluxcars.com\/it\/wp-json\/wp\/v2\/pages\/28035","targetHints":{"allow":["GET"]}}],"collection":[{"href":"https:\/\/truluxcars.com\/it\/wp-json\/wp\/v2\/pages"}],"about":[{"href":"https:\/\/truluxcars.com\/it\/wp-json\/wp\/v2\/types\/page"}],"author":[{"embeddable":true,"href":"https:\/\/truluxcars.com\/it\/wp-json\/wp\/v2\/users\/1"}],"replies":[{"embeddable":true,"href":"https:\/\/truluxcars.com\/it\/wp-json\/wp\/v2\/comments?post=28035"}],"version-history":[{"count":5,"href":"https:\/\/truluxcars.com\/it\/wp-json\/wp\/v2\/pages\/28035\/revisions"}],"predecessor-version":[{"id":30951,"href":"https:\/\/truluxcars.com\/it\/wp-json\/wp\/v2\/pages\/28035\/revisions\/30951"}],"wp:attachment":[{"href":"https:\/\/truluxcars.com\/it\/wp-json\/wp\/v2\/media?parent=28035"}],"curies":[{"name":"wp","href":"https:\/\/api.w.org\/{rel}","templated":true}]}}