{"id":28035,"date":"2025-09-28T08:28:07","date_gmt":"2025-09-28T06:28:07","guid":{"rendered":"https:\/\/truluxcars.com\/?page_id=28035"},"modified":"2026-04-13T15:08:43","modified_gmt":"2026-04-13T13:08:43","slug":"autodealer","status":"publish","type":"page","link":"https:\/\/truluxcars.com\/nl\/autodealer\/","title":{"rendered":"Mandataire Auto"},"content":{"rendered":"<div data-elementor-type=\"wp-page\" data-elementor-id=\"28035\" class=\"elementor elementor-28035\" data-elementor-post-type=\"page\">\n\t\t\t\t<div class=\"elementor-element elementor-element-3d78c4a e-flex e-con-boxed e-con e-parent\" data-id=\"3d78c4a\" data-element_type=\"container\" data-e-type=\"container\" data-settings=\"{&quot;background_background&quot;:&quot;classic&quot;}\">\n\t\t\t\t\t<div class=\"e-con-inner\">\n\t\t\t\t<div class=\"elementor-element elementor-element-368225d elementor-widget elementor-widget-heading\" data-id=\"368225d\" data-element_type=\"widget\" data-e-type=\"widget\" data-widget_type=\"heading.default\">\n\t\t\t\t\t<h2 class=\"elementor-heading-title elementor-size-default\">Mandataire Auto<\/h2>\t\t\t\t<\/div>\n\t\t\t\t<div class=\"elementor-element elementor-element-c8aaa91 elementor-widget elementor-widget-heading\" data-id=\"c8aaa91\" data-element_type=\"widget\" data-e-type=\"widget\" data-widget_type=\"heading.default\">\n\t\t\t\t\t<h2 class=\"elementor-heading-title elementor-size-default\">Duitsland, Itali\u00eb, Nederland, Oostenrijk, Belgi\u00eb en Zweden<\/h2>\t\t\t\t<\/div>\n\t\t\t\t<div class=\"elementor-element elementor-element-45f109f elementor-widget__width-initial elementor-widget elementor-widget-heading\" data-id=\"45f109f\" data-element_type=\"widget\" data-e-type=\"widget\" data-widget_type=\"heading.default\">\n\t\t\t\t\t<h2 class=\"elementor-heading-title elementor-size-default\">Met <b>EST TRULUXCARS<\/b>je partner in Duitsland, krijg je de beste deal door rechtstreeks bij de grootste dealers te kopen.<\/h2>\t\t\t\t<\/div>\n\t\t\t\t\t<\/div>\n\t\t\t\t<\/div>\n\t\t<div class=\"elementor-element elementor-element-c4514dd e-flex e-con-boxed e-con e-parent\" data-id=\"c4514dd\" data-element_type=\"container\" data-e-type=\"container\">\n\t\t\t\t\t<div class=\"e-con-inner\">\n\t\t<div class=\"elementor-element elementor-element-62d382e e-con-full e-flex e-con e-child\" data-id=\"62d382e\" data-element_type=\"container\" data-e-type=\"container\" data-settings=\"{&quot;background_background&quot;:&quot;classic&quot;}\">\n\t\t\t\t<div class=\"elementor-element elementor-element-d7f573e elementor-widget elementor-widget-heading\" data-id=\"d7f573e\" data-element_type=\"widget\" data-e-type=\"widget\" data-widget_type=\"heading.default\">\n\t\t\t\t\t<h2 class=\"elementor-heading-title elementor-size-default\">Zelf een auto zoeken\nauto zoeken op<\/h2>\t\t\t\t<\/div>\n\t\t<div class=\"elementor-element elementor-element-36f5c53 e-con-full e-flex e-con e-child\" data-id=\"36f5c53\" data-element_type=\"container\" data-e-type=\"container\">\n\t\t\t\t<div class=\"elementor-element elementor-element-cb7d0f4 elementor-widget elementor-widget-image\" data-id=\"cb7d0f4\" data-element_type=\"widget\" data-e-type=\"widget\" data-widget_type=\"image.default\">\n\t\t\t\t\t\t\t\t\t\t\t\t\t\t\t\t<a href=\"https:\/\/www.autoscout24.fr\/\" target=\"_blank\" rel=\"noopener\">\n\t\t\t\t\t\t\t<img decoding=\"async\" width=\"235\" height=\"56\" src=\"https:\/\/truluxcars.com\/wp-content\/uploads\/2025\/09\/logo-autoscout-mini.webp\" class=\"attachment-full size-full wp-image-28043\" alt=\"\" srcset=\"https:\/\/truluxcars.com\/wp-content\/uploads\/2025\/09\/logo-autoscout-mini.webp 235w, https:\/\/truluxcars.com\/wp-content\/uploads\/2025\/09\/logo-autoscout-mini-18x4.webp 18w\" sizes=\"(max-width: 235px) 100vw, 235px\" \/>\t\t\t\t\t\t\t\t<\/a>\n\t\t\t\t\t\t\t\t\t\t\t\t\t\t\t<\/div>\n\t\t\t\t<div class=\"elementor-element elementor-element-e9bf97e elementor-widget elementor-widget-image\" data-id=\"e9bf97e\" data-element_type=\"widget\" data-e-type=\"widget\" data-widget_type=\"image.default\">\n\t\t\t\t\t\t\t\t\t\t\t\t\t\t\t\t<a href=\"https:\/\/www.automobile.fr\/\" target=\"_blank\" rel=\"noopener\">\n\t\t\t\t\t\t\t<img decoding=\"async\" width=\"249\" height=\"44\" src=\"https:\/\/truluxcars.com\/wp-content\/uploads\/2025\/09\/Mobile-fr-logo-mini.webp\" class=\"attachment-full size-full wp-image-28042\" alt=\"\" srcset=\"https:\/\/truluxcars.com\/wp-content\/uploads\/2025\/09\/Mobile-fr-logo-mini.webp 249w, https:\/\/truluxcars.com\/wp-content\/uploads\/2025\/09\/Mobile-fr-logo-mini-18x3.webp 18w\" sizes=\"(max-width: 249px) 100vw, 249px\" \/>\t\t\t\t\t\t\t\t<\/a>\n\t\t\t\t\t\t\t\t\t\t\t\t\t\t\t<\/div>\n\t\t\t\t<\/div>\n\t\t\t\t<\/div>\n\t\t<div class=\"elementor-element elementor-element-ee86df7 e-con-full e-flex e-con e-child\" data-id=\"ee86df7\" data-element_type=\"container\" data-e-type=\"container\" data-settings=\"{&quot;background_background&quot;:&quot;classic&quot;}\">\n\t\t\t\t<div class=\"elementor-element elementor-element-da25bac elementor-widget elementor-widget-heading\" data-id=\"da25bac\" data-element_type=\"widget\" data-e-type=\"widget\" data-widget_type=\"heading.default\">\n\t\t\t\t\t<h2 class=\"elementor-heading-title elementor-size-default\">\"Heb je een voertuig gevonden waarin je ge\u00efnteresseerd bent en wil je meer weten?\n\n<b>We bellen de verkoper om informatie in te winnen en te onderhandelen<\/b> \"<\/h2>\t\t\t\t<\/div>\n\t\t\t\t<div class=\"elementor-element elementor-element-6c92f0e elementor-align-center elementor-widget elementor-widget-button\" data-id=\"6c92f0e\" data-element_type=\"widget\" data-e-type=\"widget\" data-widget_type=\"button.default\">\n\t\t\t\t\t\t\t\t\t\t<a class=\"elementor-button elementor-button-link elementor-size-sm\" href=\"\/nl\/onze-aanbiedingen\/\">\n\t\t\t\t\t\t<span class=\"elementor-button-content-wrapper\">\n\t\t\t\t\t\t\t\t\t<span class=\"elementor-button-text\">Lees meer<\/span>\n\t\t\t\t\t<\/span>\n\t\t\t\t\t<\/a>\n\t\t\t\t\t\t\t\t<\/div>\n\t\t\t\t<\/div>\n\t\t\t\t\t<\/div>\n\t\t\t\t<\/div>\n\t\t<div class=\"elementor-element elementor-element-15e5306 e-flex e-con-boxed e-con e-parent\" data-id=\"15e5306\" data-element_type=\"container\" data-e-type=\"container\">\n\t\t\t\t\t<div class=\"e-con-inner\">\n\t\t<div class=\"elementor-element elementor-element-8b244e9 e-con-full e-flex e-con e-child\" data-id=\"8b244e9\" data-element_type=\"container\" data-e-type=\"container\" data-settings=\"{&quot;background_background&quot;:&quot;classic&quot;}\">\n\t\t<div class=\"elementor-element elementor-element-f41080a e-flex e-con-boxed e-con e-child\" data-id=\"f41080a\" data-element_type=\"container\" data-e-type=\"container\">\n\t\t\t\t\t<div class=\"e-con-inner\">\n\t\t\t\t<div class=\"elementor-element elementor-element-d46b1eb elementor-widget elementor-widget-heading\" data-id=\"d46b1eb\" data-element_type=\"widget\" data-e-type=\"widget\" data-widget_type=\"heading.default\">\n\t\t\t\t\t<h2 class=\"elementor-heading-title elementor-size-default\">De voordelen van een autodealer<\/h2>\t\t\t\t<\/div>\n\t\t\t\t<div class=\"elementor-element elementor-element-4fe81fa elementor-widget-divider--view-line elementor-widget elementor-widget-divider\" data-id=\"4fe81fa\" data-element_type=\"widget\" data-e-type=\"widget\" data-widget_type=\"divider.default\">\n\t\t\t\t\t\t\t<div class=\"elementor-divider\">\n\t\t\t<span class=\"elementor-divider-separator\">\n\t\t\t\t\t\t<\/span>\n\t\t<\/div>\n\t\t\t\t\t\t<\/div>\n\t\t\t\t\t<\/div>\n\t\t\t\t<\/div>\n\t\t\t\t<div class=\"elementor-element elementor-element-51f112e elementor-widget elementor-widget-text-editor\" data-id=\"51f112e\" data-element_type=\"widget\" data-e-type=\"widget\" data-widget_type=\"text-editor.default\">\n\t\t\t\t\t\t\t\t\t<p>Een auto kopen in Europa kan ingewikkeld zijn. Gelukkig kan een <b>autodealer<\/b> kan dit proces vereenvoudigen. Als tussenpersoon tussen koper en verkoper kunnen voertuigen worden gekocht tegen concurrerende prijzen, die vaak lager zijn dan die van lokale dealers.<\/p>\t\t\t\t\t\t\t\t<\/div>\n\t\t<div class=\"elementor-element elementor-element-cf32b9f e-flex e-con-boxed e-con e-child\" data-id=\"cf32b9f\" data-element_type=\"container\" data-e-type=\"container\">\n\t\t\t\t\t<div class=\"e-con-inner\">\n\t\t\t\t<div class=\"elementor-element elementor-element-039aec2 elementor-widget elementor-widget-heading\" data-id=\"039aec2\" data-element_type=\"widget\" data-e-type=\"widget\" data-widget_type=\"heading.default\">\n\t\t\t\t\t<h2 class=\"elementor-heading-title elementor-size-default\">Waarom kiezen voor een autodealer?<\/h2>\t\t\t\t<\/div>\n\t\t\t\t<div class=\"elementor-element elementor-element-de6c702 elementor-widget-divider--view-line elementor-widget elementor-widget-divider\" data-id=\"de6c702\" data-element_type=\"widget\" data-e-type=\"widget\" data-widget_type=\"divider.default\">\n\t\t\t\t\t\t\t<div class=\"elementor-divider\">\n\t\t\t<span class=\"elementor-divider-separator\">\n\t\t\t\t\t\t<\/span>\n\t\t<\/div>\n\t\t\t\t\t\t<\/div>\n\t\t\t\t\t<\/div>\n\t\t\t\t<\/div>\n\t\t\t\t<div class=\"elementor-element elementor-element-8a816f2 elementor-widget elementor-widget-text-editor\" data-id=\"8a816f2\" data-element_type=\"widget\" data-e-type=\"widget\" data-widget_type=\"text-editor.default\">\n\t\t\t\t\t\t\t\t\t<ul><li><strong>Aantrekkelijke prijzen<\/strong>\u00a0Autodealers onderhandelen over voordelige tarieven door voertuigen in grote hoeveelheden op te kopen.<\/li><li><strong>Ruime keuze aan voertuigen<\/strong>\u00a0Een uitgebreide voorraad nieuwe en gebruikte modellen.<\/li><li><strong>Transparantie<\/strong>\u00a0: Agenten geven duidelijke informatie over voertuigen, inclusief hun geschiedenis.<\/li><li><strong>Kant-en-klare service<\/strong>\u00a0Van het zoeken naar een voertuig tot de levering, de agent regelt alles.<\/li><\/ul><p>Door een\u00a0<strong>autodealer<\/strong>\u00a0voor je aankoop, profiteer je van een stressvrije ervaring, met de zekerheid dat je een kwaliteitsvoertuig tegen de beste prijs krijgt.<\/p>\t\t\t\t\t\t\t\t<\/div>\n\t\t<div class=\"elementor-element elementor-element-319ac85 e-flex e-con-boxed e-con e-child\" data-id=\"319ac85\" data-element_type=\"container\" data-e-type=\"container\">\n\t\t\t\t\t<div class=\"e-con-inner\">\n\t\t\t\t<div class=\"elementor-element elementor-element-cab1635 elementor-widget elementor-widget-heading\" data-id=\"cab1635\" data-element_type=\"widget\" data-e-type=\"widget\" data-widget_type=\"heading.default\">\n\t\t\t\t\t<h2 class=\"elementor-heading-title elementor-size-default\">Zoek een autodealer in verschillende Europese landen<\/h2>\t\t\t\t<\/div>\n\t\t\t\t<div class=\"elementor-element elementor-element-c142627 elementor-widget-divider--view-line elementor-widget elementor-widget-divider\" data-id=\"c142627\" data-element_type=\"widget\" data-e-type=\"widget\" data-widget_type=\"divider.default\">\n\t\t\t\t\t\t\t<div class=\"elementor-divider\">\n\t\t\t<span class=\"elementor-divider-separator\">\n\t\t\t\t\t\t<\/span>\n\t\t<\/div>\n\t\t\t\t\t\t<\/div>\n\t\t\t\t\t<\/div>\n\t\t\t\t<\/div>\n\t\t\t\t<div class=\"elementor-element elementor-element-07b7258 elementor-widget elementor-widget-text-editor\" data-id=\"07b7258\" data-element_type=\"widget\" data-e-type=\"widget\" data-widget_type=\"text-editor.default\">\n\t\t\t\t\t\t\t\t\t<p>Elk Europees land biedt unieke mogelijkheden om een auto te kopen. Hier volgen enkele voorbeelden van populaire bestemmingen voor autoverkopers:<\/p>\t\t\t\t\t\t\t\t<\/div>\n\t\t\t\t<div class=\"elementor-element elementor-element-831edfb elementor-widget elementor-widget-icon-box\" data-id=\"831edfb\" data-element_type=\"widget\" data-e-type=\"widget\" data-widget_type=\"icon-box.default\">\n\t\t\t\t\t\t\t<div class=\"elementor-icon-box-wrapper\">\n\n\t\t\t\n\t\t\t\t\t\t<div class=\"elementor-icon-box-content\">\n\n\t\t\t\t\t\t\t\t\t<h3 class=\"elementor-icon-box-title\">\n\t\t\t\t\t\t<span  >\n\t\t\t\t\t\t\tMandataire auto in Belgi\u00eb\t\t\t\t\t\t<\/span>\n\t\t\t\t\t<\/h3>\n\t\t\t\t\n\t\t\t\t\t\t\t\t\t<p class=\"elementor-icon-box-description\">\n\t\t\t\t\t\tDuitsland staat bekend om zijn auto's van hoge kwaliteit. Door gebruik te maken van een Duitse autoverkoper kun je toegang krijgen tot prestigieuze voertuigen tegen concurrerende prijzen. Lees meer over onze service in Duitsland. \t\t\t\t\t<\/p>\n\t\t\t\t\n\t\t\t<\/div>\n\t\t\t\n\t\t<\/div>\n\t\t\t\t\t\t<\/div>\n\t\t\t\t<div class=\"elementor-element elementor-element-da49fe3 elementor-widget elementor-widget-icon-box\" data-id=\"da49fe3\" data-element_type=\"widget\" data-e-type=\"widget\" data-widget_type=\"icon-box.default\">\n\t\t\t\t\t\t\t<div class=\"elementor-icon-box-wrapper\">\n\n\t\t\t\n\t\t\t\t\t\t<div class=\"elementor-icon-box-content\">\n\n\t\t\t\t\t\t\t\t\t<h3 class=\"elementor-icon-box-title\">\n\t\t\t\t\t\t<span  >\n\t\t\t\t\t\t\tAutoverhuur in Spanje\t\t\t\t\t\t<\/span>\n\t\t\t\t\t<\/h3>\n\t\t\t\t\n\t\t\t\t\t\t\t\t\t<p class=\"elementor-icon-box-description\">\n\t\t\t\t\t\tSpanje biedt ook geweldige aanbiedingen voor auto's, vooral tweedehands modellen. Een autohandelaar in Spanje zal je helpen het ideale voertuig voor jouw behoeften te vinden.\n\n\t\t\t\t\t<\/p>\n\t\t\t\t\n\t\t\t<\/div>\n\t\t\t\n\t\t<\/div>\n\t\t\t\t\t\t<\/div>\n\t\t\t\t<div class=\"elementor-element elementor-element-6e5491c elementor-widget elementor-widget-icon-box\" data-id=\"6e5491c\" data-element_type=\"widget\" data-e-type=\"widget\" data-widget_type=\"icon-box.default\">\n\t\t\t\t\t\t\t<div class=\"elementor-icon-box-wrapper\">\n\n\t\t\t\n\t\t\t\t\t\t<div class=\"elementor-icon-box-content\">\n\n\t\t\t\t\t\t\t\t\t<h3 class=\"elementor-icon-box-title\">\n\t\t\t\t\t\t<span  >\n\t\t\t\t\t\t\tMandataris auto en Itali\u00eb\t\t\t\t\t\t<\/span>\n\t\t\t\t\t<\/h3>\n\t\t\t\t\n\t\t\t\t\t\t\t\t\t<p class=\"elementor-icon-box-description\">\n\t\t\t\t\t\tItali\u00eb staat bekend om zijn sportwagens en elegante modellen. Een Italiaanse autodealer kan je helpen om deze voertuigen te kopen. \t\t\t\t\t<\/p>\n\t\t\t\t\n\t\t\t<\/div>\n\t\t\t\n\t\t<\/div>\n\t\t\t\t\t\t<\/div>\n\t\t\t\t<div class=\"elementor-element elementor-element-010f515 elementor-widget elementor-widget-icon-box\" data-id=\"010f515\" data-element_type=\"widget\" data-e-type=\"widget\" data-widget_type=\"icon-box.default\">\n\t\t\t\t\t\t\t<div class=\"elementor-icon-box-wrapper\">\n\n\t\t\t\n\t\t\t\t\t\t<div class=\"elementor-icon-box-content\">\n\n\t\t\t\t\t\t\t\t\t<h3 class=\"elementor-icon-box-title\">\n\t\t\t\t\t\t<span  >\n\t\t\t\t\t\t\tAutoverhuur in Oostenrijk\t\t\t\t\t\t<\/span>\n\t\t\t\t\t<\/h3>\n\t\t\t\t\n\t\t\t\t\t\t\t\t\t<p class=\"elementor-icon-box-description\">\n\t\t\t\t\t\tOostenrijk is een minder bekende maar interessante bestemming om auto's te kopen. Een autohandelaar in Oostenrijk kan aantrekkelijke aanbiedingen vinden in het land.\t\t\t\t\t<\/p>\n\t\t\t\t\n\t\t\t<\/div>\n\t\t\t\n\t\t<\/div>\n\t\t\t\t\t\t<\/div>\n\t\t\t\t<div class=\"elementor-element elementor-element-b2b48fb elementor-widget elementor-widget-icon-box\" data-id=\"b2b48fb\" data-element_type=\"widget\" data-e-type=\"widget\" data-widget_type=\"icon-box.default\">\n\t\t\t\t\t\t\t<div class=\"elementor-icon-box-wrapper\">\n\n\t\t\t\n\t\t\t\t\t\t<div class=\"elementor-icon-box-content\">\n\n\t\t\t\t\t\t\t\t\t<h3 class=\"elementor-icon-box-title\">\n\t\t\t\t\t\t<span  >\n\t\t\t\t\t\t\tMandataris auto in Belgi\u00eb\t\t\t\t\t\t<\/span>\n\t\t\t\t\t<\/h3>\n\t\t\t\t\n\t\t\t\t\t\t\t\t\t<p class=\"elementor-icon-box-description\">\n\t\t\t\t\t\tBelgi\u00eb is een uitstekende uitvalsbasis om tweedehands auto's te kopen. Een erkende agent in Belgi\u00eb begeleidt je door het Belgische proces.\t\t\t\t\t<\/p>\n\t\t\t\t\n\t\t\t<\/div>\n\t\t\t\n\t\t<\/div>\n\t\t\t\t\t\t<\/div>\n\t\t\t\t<div class=\"elementor-element elementor-element-343ed3f elementor-widget elementor-widget-icon-box\" data-id=\"343ed3f\" data-element_type=\"widget\" data-e-type=\"widget\" data-widget_type=\"icon-box.default\">\n\t\t\t\t\t\t\t<div class=\"elementor-icon-box-wrapper\">\n\n\t\t\t\n\t\t\t\t\t\t<div class=\"elementor-icon-box-content\">\n\n\t\t\t\t\t\t\t\t\t<h3 class=\"elementor-icon-box-title\">\n\t\t\t\t\t\t<span  >\n\t\t\t\t\t\t\tAutobureau in Nederland\t\t\t\t\t\t<\/span>\n\t\t\t\t\t<\/h3>\n\t\t\t\t\n\t\t\t\t\t\t\t\t\t<p class=\"elementor-icon-box-description\">\n\t\t\t\t\t\tNederland biedt een breed scala aan voertuigen tegen concurrerende prijzen. Een automakelaar in Nederland kan je helpen het perfecte voertuig te vinden.\t\t\t\t\t<\/p>\n\t\t\t\t\n\t\t\t<\/div>\n\t\t\t\n\t\t<\/div>\n\t\t\t\t\t\t<\/div>\n\t\t<div class=\"elementor-element elementor-element-0b13164 e-con-full e-flex e-con e-child\" data-id=\"0b13164\" data-element_type=\"container\" data-e-type=\"container\">\n\t\t\t\t<div class=\"elementor-element elementor-element-b139d01 elementor-widget elementor-widget-heading\" data-id=\"b139d01\" data-element_type=\"widget\" data-e-type=\"widget\" data-widget_type=\"heading.default\">\n\t\t\t\t\t<h2 class=\"elementor-heading-title elementor-size-default\">Voertuigopties beschikbaar via een erkende agent<\/h2>\t\t\t\t<\/div>\n\t\t\t\t<div class=\"elementor-element elementor-element-2753cd6 elementor-widget-divider--view-line elementor-widget elementor-widget-divider\" data-id=\"2753cd6\" data-element_type=\"widget\" data-e-type=\"widget\" data-widget_type=\"divider.default\">\n\t\t\t\t\t\t\t<div class=\"elementor-divider\">\n\t\t\t<span class=\"elementor-divider-separator\">\n\t\t\t\t\t\t<\/span>\n\t\t<\/div>\n\t\t\t\t\t\t<\/div>\n\t\t\t\t<\/div>\n\t\t\t\t<div class=\"elementor-element elementor-element-fefe542 elementor-widget elementor-widget-text-editor\" data-id=\"fefe542\" data-element_type=\"widget\" data-e-type=\"widget\" data-widget_type=\"text-editor.default\">\n\t\t\t\t\t\t\t\t\t<p>Een van de belangrijkste voordelen van het werken met een\u00a0<strong>autodealer<\/strong>\u00a0is de verscheidenheid aan beschikbare voertuigen. Of je nu op zoek bent naar een nieuwe of gebruikte auto, de opties zijn enorm en gevarieerd.<\/p><h3>Mandataire voiture: een ruime keuze<\/h3><p>Via een\u00a0<strong>autodealer<\/strong>Hier heb je toegang tot modellen van verschillende merken, maten en prijsklassen. Beschikbare voertuigen zijn onder andere :<\/p><ul><li>Nieuwe auto's: voor wie een recent model met de nieuwste technologie wil.<\/li><li><strong>Mandataire auto occasion<\/strong>\u00a0Voor wie op zoek is naar een meer betaalbare optie, zijn er ook tweedehands kwaliteitsvoertuigen beschikbaar.<\/li><\/ul><h3>Gebruikte auto agent<\/h3><p>Voor prijsbewuste kopers is een\u00a0<strong>agent voor tweedehands auto's<\/strong>\u00a0is een uitstekende optie. Je kunt goed onderhouden, recente auto's vinden voor prijzen die veel lager zijn dan die van nieuwe voertuigen. Agenten garanderen de kwaliteit en transparantie van de aangeboden voertuigen.<\/p><h3>Auto agenten in verschillende landen<\/h3><p>Elk land biedt unieke mogelijkheden om tweedehands auto's te kopen. Bijvoorbeeld :<\/p><ul><li><strong>Mandataire voiture Spanje<\/strong>\u00a0Goed onderhouden voertuigen die waar voor hun geld bieden.<\/li><li><strong>Reisbureau Belgi\u00eb<\/strong>\u00a0Een verscheidenheid aan modellen tegen concurrerende prijzen.<\/li><\/ul>\t\t\t\t\t\t\t\t<\/div>\n\t\t<div class=\"elementor-element elementor-element-9360513 e-con-full e-flex e-con e-child\" data-id=\"9360513\" data-element_type=\"container\" data-e-type=\"container\">\n\t\t\t\t<div class=\"elementor-element elementor-element-4dbf266 elementor-widget elementor-widget-heading\" data-id=\"4dbf266\" data-element_type=\"widget\" data-e-type=\"widget\" data-widget_type=\"heading.default\">\n\t\t\t\t\t<h2 class=\"elementor-heading-title elementor-size-default\">Hoe kies ik de juiste autodealer?<\/h2>\t\t\t\t<\/div>\n\t\t\t\t<div class=\"elementor-element elementor-element-2e4e03e elementor-widget-divider--view-line elementor-widget elementor-widget-divider\" data-id=\"2e4e03e\" data-element_type=\"widget\" data-e-type=\"widget\" data-widget_type=\"divider.default\">\n\t\t\t\t\t\t\t<div class=\"elementor-divider\">\n\t\t\t<span class=\"elementor-divider-separator\">\n\t\t\t\t\t\t<\/span>\n\t\t<\/div>\n\t\t\t\t\t\t<\/div>\n\t\t\t\t<\/div>\n\t\t\t\t<div class=\"elementor-element elementor-element-a65b4b5 elementor-widget elementor-widget-text-editor\" data-id=\"a65b4b5\" data-element_type=\"widget\" data-e-type=\"widget\" data-widget_type=\"text-editor.default\">\n\t\t\t\t\t\t\t\t\t<p>Het is essentieel om de juiste autodealer te kiezen voor een veilige en zorgeloze aankoop.<\/p><h3>Criteria voor het selecteren van een autoagent<\/h3><ul><li><strong>Reputatie en klantbeoordelingen<\/strong>\u00a0Zoek naar recensies en getuigenissen om de betrouwbaarheid van de agent te beoordelen.<\/li><li><strong>Transparantie van diensten<\/strong>\u00a0Zorg ervoor dat de agent volledige transparantie biedt over voertuigen en kosten.<\/li><li><strong>Aangeboden diensten<\/strong>\u00a0Controleer of de agent een uitgebreide service biedt, inclusief het zoeken naar een voertuig, prijsonderhandeling en levering.<\/li><\/ul>\t\t\t\t\t\t\t\t<\/div>\n\t\t<div class=\"elementor-element elementor-element-1048a6d e-con-full e-flex e-con e-child\" data-id=\"1048a6d\" data-element_type=\"container\" data-e-type=\"container\">\n\t\t\t\t<div class=\"elementor-element elementor-element-ba5802b elementor-widget elementor-widget-heading\" data-id=\"ba5802b\" data-element_type=\"widget\" data-e-type=\"widget\" data-widget_type=\"heading.default\">\n\t\t\t\t\t<h2 class=\"elementor-heading-title elementor-size-default\">Autodealers in Europa<\/h2>\t\t\t\t<\/div>\n\t\t\t\t<div class=\"elementor-element elementor-element-bde05c2 elementor-widget-divider--view-line elementor-widget elementor-widget-divider\" data-id=\"bde05c2\" data-element_type=\"widget\" data-e-type=\"widget\" data-widget_type=\"divider.default\">\n\t\t\t\t\t\t\t<div class=\"elementor-divider\">\n\t\t\t<span class=\"elementor-divider-separator\">\n\t\t\t\t\t\t<\/span>\n\t\t<\/div>\n\t\t\t\t\t\t<\/div>\n\t\t\t\t<\/div>\n\t\t\t\t<div class=\"elementor-element elementor-element-c1ecdae elementor-widget elementor-widget-text-editor\" data-id=\"c1ecdae\" data-element_type=\"widget\" data-e-type=\"widget\" data-widget_type=\"text-editor.default\">\n\t\t\t\t\t\t\t\t\t<p>Afhankelijk van je behoeften kun je een autohandelaar kiezen die gespecialiseerd is in import uit een bepaald land:<\/p><ul><li><strong>Agent auto Duitsland<\/strong>\u00a0voor voertuigen van hoge kwaliteit.<\/li><li><strong>Agent auto Spanje<\/strong>\u00a0voor geweldige aanbiedingen voor tweedehands auto's.<\/li><li><strong>Italiaanse autodealer<\/strong>\u00a0voor elegante, sportieve auto's.<\/li><li><strong>Autoverhuur Oostenrijk<\/strong>\u00a0voor minder gangbare maar aantrekkelijke modellen.<\/li><li><strong>Agent auto Belgi\u00eb<\/strong>\u00a0voor een breed scala aan voertuigen tegen concurrerende prijzen.<\/li><li><strong>Autobureau Nederland<\/strong>\u00a0voor een breed scala aan betaalbare auto's.<\/li><\/ul><p>Kies een\u00a0<strong>autodealer<\/strong>\u00a0voor de aankoop van je auto in Europa biedt je tal van voordelen, van aantrekkelijke prijzen tot een ruime keuze. Vertrouw op een vertegenwoordiger om het voertuig te vinden dat past bij je behoeften en je budget.<\/p>\t\t\t\t\t\t\t\t<\/div>\n\t\t\t\t<\/div>\n\t\t\t\t\t<\/div>\n\t\t\t\t<\/div>\n\t\t\t\t<\/div>","protected":false},"excerpt":{"rendered":"<p>Allemagne, Italie, Pays-Bas, Autriche, Belgique et Su\u00e8de Avec EST TRULUXCARS, votre partenaire mandataire auto Allemagne, r\u00e9alisez la bonne affaire en achetant directement dans les plus grandes concessions. Effectuez vous-m\u00eame votre recherche auto sur les sites \u00ab Vous avez trouv\u00e9 un v\u00e9hicule qui vous int\u00e9resse et vous voulez en savoir plus ? Nous appelons le vendeur [&hellip;]<\/p>","protected":false},"author":1,"featured_media":0,"parent":0,"menu_order":0,"comment_status":"closed","ping_status":"closed","template":"","meta":{"footnotes":""},"class_list":["post-28035","page","type-page","status-publish","hentry"],"jetpack_sharing_enabled":true,"_links":{"self":[{"href":"https:\/\/truluxcars.com\/nl\/wp-json\/wp\/v2\/pages\/28035","targetHints":{"allow":["GET"]}}],"collection":[{"href":"https:\/\/truluxcars.com\/nl\/wp-json\/wp\/v2\/pages"}],"about":[{"href":"https:\/\/truluxcars.com\/nl\/wp-json\/wp\/v2\/types\/page"}],"author":[{"embeddable":true,"href":"https:\/\/truluxcars.com\/nl\/wp-json\/wp\/v2\/users\/1"}],"replies":[{"embeddable":true,"href":"https:\/\/truluxcars.com\/nl\/wp-json\/wp\/v2\/comments?post=28035"}],"version-history":[{"count":5,"href":"https:\/\/truluxcars.com\/nl\/wp-json\/wp\/v2\/pages\/28035\/revisions"}],"predecessor-version":[{"id":30951,"href":"https:\/\/truluxcars.com\/nl\/wp-json\/wp\/v2\/pages\/28035\/revisions\/30951"}],"wp:attachment":[{"href":"https:\/\/truluxcars.com\/nl\/wp-json\/wp\/v2\/media?parent=28035"}],"curies":[{"name":"wp","href":"https:\/\/api.w.org\/{rel}","templated":true}]}}