{"id":1535,"date":"2019-07-17T14:30:15","date_gmt":"2019-07-17T14:30:15","guid":{"rendered":"http:\/\/mycars.digitalatlas.io\/?page_id=1535"},"modified":"2025-09-29T05:09:55","modified_gmt":"2025-09-29T03:09:55","slug":"a-propos","status":"publish","type":"page","link":"https:\/\/truluxcars.com\/sv\/a-propos\/","title":{"rendered":"Om oss"},"content":{"rendered":"<div data-elementor-type=\"wp-post\" data-elementor-id=\"1535\" class=\"elementor elementor-1535\" data-elementor-post-type=\"page\">\n\t\t\t\t<div class=\"elementor-element elementor-element-4fbe424 e-flex e-con-boxed e-con e-parent\" data-id=\"4fbe424\" data-element_type=\"container\" data-e-type=\"container\">\n\t\t\t\t\t<div class=\"e-con-inner\">\n\t\t\t\t<div class=\"elementor-element elementor-element-67f71eb elementor-widget-tablet__width-initial elementor-widget elementor-widget-heading\" data-id=\"67f71eb\" data-element_type=\"widget\" data-e-type=\"widget\" data-widget_type=\"heading.default\">\n\t\t\t\t\t<h1 class=\"elementor-heading-title elementor-size-default\">Om oss<\/h1>\t\t\t\t<\/div>\n\t\t\t\t<div class=\"elementor-element elementor-element-e44c09e elementor-widget-tablet__width-initial elementor-widget elementor-widget-heading\" data-id=\"e44c09e\" data-element_type=\"widget\" data-e-type=\"widget\" data-widget_type=\"heading.default\">\n\t\t\t\t\t<h1 class=\"elementor-heading-title elementor-size-default\">V\u00e5rt f\u00f6retag<\/h1>\t\t\t\t<\/div>\n\t\t\t\t<div class=\"elementor-element elementor-element-e8a7c2a elementor-widget-tablet__width-initial elementor-widget elementor-widget-text-editor\" data-id=\"e8a7c2a\" data-element_type=\"widget\" data-e-type=\"widget\" data-widget_type=\"text-editor.default\">\n\t\t\t\t\t\t\t\t\t<p>Med flera \u00e5rs erfarenhet inom fordonsindustrin, <strong>EST Truluxcars<\/strong> har etablerat sig som en p\u00e5litlig akt\u00f6r n\u00e4r det g\u00e4ller import av fordon fr\u00e5n Europa. Som specialister p\u00e5 den tyska och europeiska marknaden st\u00e4ller vi v\u00e5rt kunnande till f\u00f6rfogande f\u00f6r alla som vill skaffa ett fordon till ett konkurrenskraftigt pris.<\/p><p>Som ett m\u00e4nskligt f\u00f6retag har vi ett f\u00f6rh\u00e5llningss\u00e4tt som bygger p\u00e5 n\u00e4rhet och lyssnande. V\u00e5rt team delar en passion f\u00f6r bilar och en stark k\u00e4nsla f\u00f6r service, vilket inneb\u00e4r att vi kan erbjuda v\u00e5ra kunder personlig, p\u00e5litlig och transparent support.<\/p>\t\t\t\t\t\t\t\t<\/div>\n\t\t\t\t<div class=\"elementor-element elementor-element-601d021 elementor-widget-tablet__width-initial elementor-widget elementor-widget-heading\" data-id=\"601d021\" data-element_type=\"widget\" data-e-type=\"widget\" data-widget_type=\"heading.default\">\n\t\t\t\t\t<h1 class=\"elementor-heading-title elementor-size-default\">Vad som g\u00f6r oss annorlunda<\/h1>\t\t\t\t<\/div>\n\t\t\t\t<div class=\"elementor-element elementor-element-0c6cb64 elementor-widget-tablet__width-initial elementor-widget elementor-widget-text-editor\" data-id=\"0c6cb64\" data-element_type=\"widget\" data-e-type=\"widget\" data-widget_type=\"text-editor.default\">\n\t\t\t\t\t\t\t\t\t<p>Vid <strong>EST Truluxcars<\/strong>Men vi letar inte bara efter fordon: vi guidar dig genom varje steg i ditt projekt, fr\u00e5n val av modell till f\u00f6rhandling, administration och leverans.<br \/>Vi arbetar endast med betrodda partners och vet hur vi ska tyda de aff\u00e4rsmetoder som g\u00e4ller i de olika europeiska l\u00e4nderna. Denna expertis, i kombination med att vi beh\u00e4rskar lokala spr\u00e5k och rutiner, g\u00f6r att vi kan s\u00e4kra varje transaktion och undvika obehagliga \u00f6verraskningar f\u00f6r v\u00e5ra kunder.<\/p><p><strong>V\u00e5rt \u00e5tagande<\/strong><\/p><p>Att ge dig tydliga och korrekta r\u00e5d,<\/p><p>Ge dig f\u00f6rdelen med v\u00e5rt n\u00e4tverk och v\u00e5r erfarenhet,<\/p><p>Att erbjuda dig en p\u00e5litlig och professionell service,<\/p><p>F\u00f6r att garantera dig ett enkelt, transparent och s\u00e4kert k\u00f6p.<\/p>\t\t\t\t\t\t\t\t<\/div>\n\t\t\t\t<div class=\"elementor-element elementor-element-c53f19e elementor-widget-tablet__width-initial elementor-widget elementor-widget-heading\" data-id=\"c53f19e\" data-element_type=\"widget\" data-e-type=\"widget\" data-widget_type=\"heading.default\">\n\t\t\t\t\t<h1 class=\"elementor-heading-title elementor-size-default\">Varf\u00f6r v\u00e4lja EST Truluxcars?<\/h1>\t\t\t\t<\/div>\n\t\t\t\t<div class=\"elementor-element elementor-element-67b44ff elementor-widget-tablet__width-initial elementor-widget elementor-widget-text-editor\" data-id=\"67b44ff\" data-element_type=\"widget\" data-e-type=\"widget\" data-widget_type=\"text-editor.default\">\n\t\t\t\t\t\t\t\t\t<p>Att k\u00f6pa en bil utomlands kan verka komplicerat, till och med riskabelt. Med EST Truluxcars \u00e4r du aldrig ensam. Vi \u00e4r din enda kontaktpunkt, fr\u00e5n det \u00f6gonblick du f\u00f6rst tar kontakt till det \u00f6gonblick du l\u00e4mnar \u00f6ver nycklarna. Du kommer att dra nytta av personlig r\u00e5dgivning, ett noggrant urval av fordon som \u00e4r skr\u00e4ddarsydda efter dina behov och omfattande support utan obehagliga \u00f6verraskningar.<\/p>\n<p>V\u00e5rt m\u00e5l \u00e4r inte bara att hj\u00e4lpa dig att k\u00f6pa en bil: det \u00e4r att erbjuda dig en smidig och betryggande k\u00f6pupplevelse, som f\u00f6rvandlar det som kan vara en k\u00e4lla till stress till ett verkligt n\u00f6je.<\/p>\n<p>P\u00e5 EST Truluxcars \u00e4r varje kund unik. Oavsett om du letar efter en stadsbil, en toppmodern sedan, en SUV eller ett kommersiellt fordon g\u00f6r vi v\u00e5rt yttersta f\u00f6r att hitta den modell som perfekt matchar dina behov, smak och budget.<\/p>\n<p>Vi tror att det f\u00f6rtroendefulla f\u00f6rh\u00e5llande som vi bygger upp med v\u00e5ra kunder \u00e4r nyckeln till v\u00e5r framg\u00e5ng. Det \u00e4r d\u00e4rf\u00f6r vi prioriterar en m\u00e4nsklig service som bygger p\u00e5 att lyssna, vara tillg\u00e4ngliga och uppfylla v\u00e5ra \u00e5taganden.<\/p>\n<p><strong>&nbsp; &nbsp; &nbsp; &nbsp; &nbsp; &nbsp; &nbsp; &nbsp; &nbsp; &nbsp; &nbsp; &nbsp; &nbsp; &nbsp; &nbsp; &nbsp; &nbsp;EST Truluxcars - Lita p\u00e5 din mobilitet.<\/strong><\/p>\t\t\t\t\t\t\t\t<\/div>\n\t\t\t\t\t<\/div>\n\t\t\t\t<\/div>\n\t\t\t\t<\/div>","protected":false},"excerpt":{"rendered":"<p>\u00c0 propos de nous Notre soci\u00e9t\u00e9 Avec plusieurs ann\u00e9es d\u2019exp\u00e9rience dans le domaine de l\u2019automobile, EST Truluxcars s\u2019est impos\u00e9 comme un acteur de confiance dans l\u2019importation de v\u00e9hicules en provenance d\u2019Europe. Sp\u00e9cialistes du march\u00e9 allemand et europ\u00e9en, nous mettons notre savoir-faire au service de tous ceux qui souhaitent acqu\u00e9rir un v\u00e9hicule \u00e0 un prix comp\u00e9titif. [&hellip;]<\/p>","protected":false},"author":1,"featured_media":0,"parent":0,"menu_order":0,"comment_status":"closed","ping_status":"closed","template":"","meta":{"footnotes":""},"class_list":["post-1535","page","type-page","status-publish","hentry"],"jetpack_sharing_enabled":true,"_links":{"self":[{"href":"https:\/\/truluxcars.com\/sv\/wp-json\/wp\/v2\/pages\/1535","targetHints":{"allow":["GET"]}}],"collection":[{"href":"https:\/\/truluxcars.com\/sv\/wp-json\/wp\/v2\/pages"}],"about":[{"href":"https:\/\/truluxcars.com\/sv\/wp-json\/wp\/v2\/types\/page"}],"author":[{"embeddable":true,"href":"https:\/\/truluxcars.com\/sv\/wp-json\/wp\/v2\/users\/1"}],"replies":[{"embeddable":true,"href":"https:\/\/truluxcars.com\/sv\/wp-json\/wp\/v2\/comments?post=1535"}],"version-history":[{"count":5,"href":"https:\/\/truluxcars.com\/sv\/wp-json\/wp\/v2\/pages\/1535\/revisions"}],"predecessor-version":[{"id":28219,"href":"https:\/\/truluxcars.com\/sv\/wp-json\/wp\/v2\/pages\/1535\/revisions\/28219"}],"wp:attachment":[{"href":"https:\/\/truluxcars.com\/sv\/wp-json\/wp\/v2\/media?parent=1535"}],"curies":[{"name":"wp","href":"https:\/\/api.w.org\/{rel}","templated":true}]}}