{"id":23535,"date":"2024-03-07T08:33:00","date_gmt":"2024-03-07T07:33:00","guid":{"rendered":"https:\/\/agepauto.fr\/?page_id=23535"},"modified":"2025-09-26T19:53:59","modified_gmt":"2025-09-26T17:53:59","slug":"juridisk-information","status":"publish","type":"page","link":"https:\/\/truluxcars.com\/sv\/juridisk-information\/","title":{"rendered":"Juridisk information"},"content":{"rendered":"<div data-elementor-type=\"wp-page\" data-elementor-id=\"23535\" class=\"elementor elementor-23535\" data-elementor-post-type=\"page\">\n\t\t\t\t<div class=\"elementor-element elementor-element-ad45e5d e-flex e-con-boxed e-con e-parent\" data-id=\"ad45e5d\" data-element_type=\"container\" data-e-type=\"container\">\n\t\t\t\t\t<div class=\"e-con-inner\">\n\t\t\t\t<div class=\"elementor-element elementor-element-1601cc2 elementor-widget-tablet__width-initial elementor-widget elementor-widget-heading\" data-id=\"1601cc2\" data-element_type=\"widget\" data-e-type=\"widget\" data-widget_type=\"heading.default\">\n\t\t\t\t\t<h1 class=\"elementor-heading-title elementor-size-default\">Juridisk information<\/h1>\t\t\t\t<\/div>\n\t\t\t\t<div class=\"elementor-element elementor-element-f2a9bd9 elementor-widget-tablet__width-initial elementor-widget elementor-widget-heading\" data-id=\"f2a9bd9\" data-element_type=\"widget\" data-e-type=\"widget\" data-widget_type=\"heading.default\">\n\t\t\t\t\t<h1 class=\"elementor-heading-title elementor-size-default\">FASTIGHET<\/h1>\t\t\t\t<\/div>\n\t\t\t\t<div class=\"elementor-element elementor-element-19ad913 elementor-widget-tablet__width-initial elementor-widget elementor-widget-text-editor\" data-id=\"19ad913\" data-element_type=\"widget\" data-e-type=\"widget\" data-widget_type=\"text-editor.default\">\n\t\t\t\t\t\t\t\t\t<p>Webbplatsen (EST TRULUXCARS) <strong style=\"\"><u>www.truluxcars.com<\/u> <\/strong>\u00e4r egenskapen hos <strong>AUTOS VELIU<\/strong>en enskild firma som \u00e4r registrerad i Registre du Commerce et des Soci\u00e9t\u00e9s i <strong>Mulhouse 750 707 465<\/strong>Huvudkontor: 15 Rue de Saint-Louis 68100 Mulhouse.<\/p>\t\t\t\t\t\t\t\t<\/div>\n\t\t\t\t<div class=\"elementor-element elementor-element-f9043d2 elementor-icon-list--layout-traditional elementor-list-item-link-full_width elementor-widget elementor-widget-icon-list\" data-id=\"f9043d2\" data-element_type=\"widget\" data-e-type=\"widget\" data-widget_type=\"icon-list.default\">\n\t\t\t\t\t\t\t<ul class=\"elementor-icon-list-items\">\n\t\t\t\t\t\t\t<li class=\"elementor-icon-list-item\">\n\t\t\t\t\t\t\t\t\t\t\t<span class=\"elementor-icon-list-icon\">\n\t\t\t\t\t\t\t<svg aria-hidden=\"true\" class=\"e-font-icon-svg e-fas-circle\" viewbox=\"0 0 512 512\" xmlns=\"http:\/\/www.w3.org\/2000\/svg\"><path d=\"M256 8C119 8 8 119 8 256s111 248 248 248 248-111 248-248S393 8 256 8z\"><\/path><\/svg>\t\t\t\t\t\t<\/span>\n\t\t\t\t\t\t\t\t\t\t<span class=\"elementor-icon-list-text\">SIRET-nummer : <b>75070746500035<\/b><\/span>\n\t\t\t\t\t\t\t\t\t<\/li>\n\t\t\t\t\t\t\t\t<li class=\"elementor-icon-list-item\">\n\t\t\t\t\t\t\t\t\t\t\t<span class=\"elementor-icon-list-icon\">\n\t\t\t\t\t\t\t<svg aria-hidden=\"true\" class=\"e-font-icon-svg e-fas-circle\" viewbox=\"0 0 512 512\" xmlns=\"http:\/\/www.w3.org\/2000\/svg\"><path d=\"M256 8C119 8 8 119 8 256s111 248 248 248 248-111 248-248S393 8 256 8z\"><\/path><\/svg>\t\t\t\t\t\t<\/span>\n\t\t\t\t\t\t\t\t\t\t<span class=\"elementor-icon-list-text\">Momsregistreringsnummer : <b>FR75750707465<\/b><\/span>\n\t\t\t\t\t\t\t\t\t<\/li>\n\t\t\t\t\t\t\t\t<li class=\"elementor-icon-list-item\">\n\t\t\t\t\t\t\t\t\t\t\t<span class=\"elementor-icon-list-icon\">\n\t\t\t\t\t\t\t<svg aria-hidden=\"true\" class=\"e-font-icon-svg e-fas-circle\" viewbox=\"0 0 512 512\" xmlns=\"http:\/\/www.w3.org\/2000\/svg\"><path d=\"M256 8C119 8 8 119 8 256s111 248 248 248 248-111 248-248S393 8 256 8z\"><\/path><\/svg>\t\t\t\t\t\t<\/span>\n\t\t\t\t\t\t\t\t\t\t<span class=\"elementor-icon-list-text\">Ansvarig f\u00f6r publicering : <b>Herr Xhelal Veliu<\/b><\/span>\n\t\t\t\t\t\t\t\t\t<\/li>\n\t\t\t\t\t\t<\/ul>\n\t\t\t\t\t\t<\/div>\n\t\t\t\t<div class=\"elementor-element elementor-element-aa76354 elementor-widget-tablet__width-initial elementor-widget elementor-widget-heading\" data-id=\"aa76354\" data-element_type=\"widget\" data-e-type=\"widget\" data-widget_type=\"heading.default\">\n\t\t\t\t\t<h1 class=\"elementor-heading-title elementor-size-default\">IMMATERIELLA R\u00c4TTIGHETER<\/h1>\t\t\t\t<\/div>\n\t\t\t\t<div class=\"elementor-element elementor-element-f90d753 elementor-widget-tablet__width-initial elementor-widget elementor-widget-text-editor\" data-id=\"f90d753\" data-element_type=\"widget\" data-e-type=\"widget\" data-widget_type=\"text-editor.default\">\n\t\t\t\t\t\t\t\t\tEST Truluxcars informerar anv\u00e4ndare av webbplatsen om att m\u00e5nga delar av webbplatsen :\n\nSkyddas av upphovsr\u00e4ttslagstiftning: detta kan omfatta fotografier, artiklar, teckningar, animerade sekvenser, digitala ljud- eller videoinspelningar etc.\noch\/eller \u00e4r skyddade av lagstiftning om m\u00f6nster och modeller: detta kan omfatta fordonsmodeller som visas p\u00e5 webbplatsen.\nSkyddas av varum\u00e4rkeslagstiftningen: i synnerhet varum\u00e4rkena \"PEUGEOT\", RENAULT, CITROEN, MERCEDES, BMW etc.\nDe element som skyddas p\u00e5 detta s\u00e4tt tillh\u00f6r EST Truluxcars, dess dotterbolag eller tredje parter som har gett dem tillst\u00e5nd att anv\u00e4nda dem.\n\nF\u00f6ljaktligen \u00e4r all reproduktion, representation, anv\u00e4ndning, anpassning, \u00e4ndring, inf\u00f6rlivande, \u00f6vers\u00e4ttning eller kommersialisering, helt eller delvis, genom n\u00e5gon process och p\u00e5 n\u00e5got medium (papper, digitalt etc.) f\u00f6rbjuden utan f\u00f6reg\u00e5ende skriftligt tillst\u00e5nd fr\u00e5n EST Truluxcars, med f\u00f6rbeh\u00e5ll f\u00f6r de undantag som anges i artikel L122.5 i den franska lagen om immateriell \u00e4gander\u00e4tt, vid \u00e4ventyr av att det utg\u00f6r ett intr\u00e5ng i upphovsr\u00e4tten och\/eller m\u00f6nster och modeller och\/eller varum\u00e4rken, som kan bestraffas med tv\u00e5 \u00e5rs f\u00e4ngelse och b\u00f6ter p\u00e5 150 000 euro.\n\nDe programvarum\u00e4rken som kan visas p\u00e5 Webbplatsen tillh\u00f6r respektive f\u00f6retag som driver dem och f\u00e5r inte anv\u00e4ndas utan f\u00f6reg\u00e5ende skriftligt medgivande fr\u00e5n \u00e4garen av n\u00e4mnda varum\u00e4rken. Denna programvara skyddas av upphovsr\u00e4tt och dess anv\u00e4ndning kr\u00e4ver att ett licensavtal ing\u00e5s direkt mellan dess \u00e4gare och Internetanv\u00e4ndaren.\t\t\t\t\t\t\t\t<\/div>\n\t\t\t\t<div class=\"elementor-element elementor-element-b9be550 elementor-widget-tablet__width-initial elementor-widget elementor-widget-heading\" data-id=\"b9be550\" data-element_type=\"widget\" data-e-type=\"widget\" data-widget_type=\"heading.default\">\n\t\t\t\t\t<h1 class=\"elementor-heading-title elementor-size-default\">DATASKYDD <\/h1>\t\t\t\t<\/div>\n\t\t\t\t<div class=\"elementor-element elementor-element-d0e3b51 elementor-widget-tablet__width-initial elementor-widget elementor-widget-text-editor\" data-id=\"d0e3b51\" data-element_type=\"widget\" data-e-type=\"widget\" data-widget_type=\"text-editor.default\">\n\t\t\t\t\t\t\t\t\tWebbplatsen kan konsulteras utan att Internetanv\u00e4ndaren n\u00f6dv\u00e4ndigtvis beh\u00f6ver avsl\u00f6ja sin identitet eller n\u00e5gra andra personuppgifter om honom\/henne.\n\nInternetanv\u00e4ndaren har r\u00e4tt att f\u00e5 tillg\u00e5ng till, \u00e4ndra, korrigera och\/eller radera de personuppgifter som han eller hon kan bli ombedd att l\u00e4mna, s\u00e4rskilt n\u00e4r ett konto \u00f6ppnas eller ett fordon bokas online, i enlighet med den \u00e4ndrade lagen nr 78-17 av den 6 januari 1978 om skydd f\u00f6r enskilda personer med avseende p\u00e5 behandling av personuppgifter.\n\nDen insamlade informationen \u00e4r avsedd f\u00f6r exklusiv anv\u00e4ndning av EST Truluxcars. Denna information kan anv\u00e4ndas f\u00f6r kommersiella eller marknadsf\u00f6rings\u00e4ndam\u00e5l eller som grund f\u00f6r studier och analyser.\n\nDenna personliga information kommer att f\u00f6rvaras i en form som g\u00f6r det m\u00f6jligt att identifiera de ber\u00f6rda personerna under en tid som inte \u00e4r l\u00e4ngre \u00e4n vad som \u00e4r n\u00f6dv\u00e4ndigt f\u00f6r de \u00e4ndam\u00e5l f\u00f6r vilka den samlas in och\/eller behandlas.\t\t\t\t\t\t\t\t<\/div>\n\t\t\t\t<div class=\"elementor-element elementor-element-32f4bb2 elementor-widget-tablet__width-initial elementor-widget elementor-widget-heading\" data-id=\"32f4bb2\" data-element_type=\"widget\" data-e-type=\"widget\" data-widget_type=\"heading.default\">\n\t\t\t\t\t<h1 class=\"elementor-heading-title elementor-size-default\">KAKOR<\/h1>\t\t\t\t<\/div>\n\t\t\t\t<div class=\"elementor-element elementor-element-0677d82 elementor-widget-tablet__width-initial elementor-widget elementor-widget-text-editor\" data-id=\"0677d82\" data-element_type=\"widget\" data-e-type=\"widget\" data-widget_type=\"text-editor.default\">\n\t\t\t\t\t\t\t\t\tEn cookie \u00e4r en liten textfil som skickas fr\u00e5n webbplatsen till internetanv\u00e4ndarens webbl\u00e4sare och lagras p\u00e5 anv\u00e4ndarens dator. Den anv\u00e4nds f\u00f6r att registrera data som r\u00f6r datorns surfande p\u00e5 webbplatsen (som lagras p\u00e5 datorn i 10 \u00e5r) och f\u00f6r att erbjuda personlig information genom att g\u00f6ra det m\u00f6jligt f\u00f6r servern att identifiera Internetanv\u00e4ndaren.\n\nInternetanv\u00e4ndare kan avaktivera detta alternativ i sin webbl\u00e4sare genom att konfigurera sin dator p\u00e5 l\u00e4mpligt s\u00e4tt i enlighet med den webbl\u00e4sare de anv\u00e4nder. F\u00f6r att g\u00f6ra detta kan de h\u00e4nvisa till bruksanvisningen f\u00f6r sin programvara eller sitt operativsystem.\t\t\t\t\t\t\t\t<\/div>\n\t\t\t\t<div class=\"elementor-element elementor-element-b1f9488 elementor-widget-tablet__width-initial elementor-widget elementor-widget-heading\" data-id=\"b1f9488\" data-element_type=\"widget\" data-e-type=\"widget\" data-widget_type=\"heading.default\">\n\t\t\t\t\t<h1 class=\"elementor-heading-title elementor-size-default\">L\u00c4NKAR<\/h1>\t\t\t\t<\/div>\n\t\t\t\t<div class=\"elementor-element elementor-element-2124d18 elementor-widget-tablet__width-initial elementor-widget elementor-widget-text-editor\" data-id=\"2124d18\" data-element_type=\"widget\" data-e-type=\"widget\" data-widget_type=\"text-editor.default\">\n\t\t\t\t\t\t\t\t\tF\u00f6r att skapa en hypertextl\u00e4nk till webbplatsen kr\u00e4vs ett skriftligt f\u00f6rhandstillst\u00e5nd fr\u00e5n EST Truluxcars.\nEST Truluxcars kan under inga omst\u00e4ndigheter h\u00e5llas ansvarigt f\u00f6r inneh\u00e5ll, produkter eller tj\u00e4nster som erbjuds p\u00e5 webbplatser som webbplatsen kan l\u00e4nkas till via hypertextl\u00e4nkar eller n\u00e5gon annan typ av l\u00e4nk.\t\t\t\t\t\t\t\t<\/div>\n\t\t\t\t<div class=\"elementor-element elementor-element-600029d elementor-widget-tablet__width-initial elementor-widget elementor-widget-heading\" data-id=\"600029d\" data-element_type=\"widget\" data-e-type=\"widget\" data-widget_type=\"heading.default\">\n\t\t\t\t\t<h1 class=\"elementor-heading-title elementor-size-default\">S\u00c4KERHET<\/h1>\t\t\t\t<\/div>\n\t\t\t\t<div class=\"elementor-element elementor-element-815a4b1 elementor-widget-tablet__width-initial elementor-widget elementor-widget-text-editor\" data-id=\"815a4b1\" data-element_type=\"widget\" data-e-type=\"widget\" data-widget_type=\"text-editor.default\">\n\t\t\t\t\t\t\t\t\t<p>N\u00e4r Internetanv\u00e4ndaren anv\u00e4nder webbplatsen f\u00f6rbinder han sig att inte utf\u00f6ra n\u00e5gra manipulationer som kan orsaka datavirus eller driftst\u00f6rningar, funktionsst\u00f6rningar eller andra st\u00f6rningar som kan p\u00e5verka driften av webbplatsen eller n\u00e5gon server eller tj\u00e4nst som \u00e4r tillg\u00e4nglig via webbplatsen. Internetanv\u00e4ndaren \u00e5tar sig i synnerhet att p\u00e5 webbplatsen endast tillhandah\u00e5lla information, uppgifter, dokument och filer som \u00e4r tillf\u00f6rlitliga och ofarliga och som inte kan p\u00e5verka driften av webbplatsen eller n\u00e5gon server eller tj\u00e4nst som \u00e4r tillg\u00e4nglig via webbplatsen.<\/p><p>Anv\u00e4ndningen av Webbplatsen eller av n\u00e5gon server eller tj\u00e4nst som \u00e4r tillg\u00e4nglig via Webbplatsen:<\/p><ul><li>m\u00e5ste f\u00f6lja g\u00e4llande nationella och internationella lagar och f\u00f6rordningar samt tredje parts r\u00e4ttigheter<\/li><li>f\u00e5r inte p\u00e5 n\u00e5got s\u00e4tt skada bilden av EST Truluxcars.<\/li><\/ul><p>I synnerhet garanterar Internetanv\u00e4ndaren EST Truluxcars mot alla \u00e5tg\u00e4rder fr\u00e5n tredje part som r\u00f6r inneh\u00e5llet i den information som Internetanv\u00e4ndaren g\u00f6r tillg\u00e4nglig i det utrymme som webbplatsen utg\u00f6r, s\u00e4rskilt de som f\u00f6ljer av ett intr\u00e5ng i personlighetsr\u00e4ttigheter, immateriella r\u00e4ttigheter, allm\u00e4n ordning, allm\u00e4n anst\u00e4ndighet, respekt f\u00f6r privatlivet (bildr\u00e4ttigheter etc.) eller straffbest\u00e4mmelserna i g\u00e4llande nationell och \/ eller internationell lag. I detta avseende \u00e5tar sig Internetanv\u00e4ndaren att kompensera EST Truluxcars f\u00f6r alla kostnader, avgifter och utgifter som kan uppst\u00e5 till f\u00f6ljd av detta, inklusive arvoden och rimliga kostnader f\u00f6r EST Truluxcars r\u00e5dgivare.<\/p><p>Internetanv\u00e4ndare anv\u00e4nder webbplatsen p\u00e5 egen risk. EST Truluxcars och dess dotterbolag kan inte h\u00e5llas ansvariga f\u00f6r n\u00e5gon direkt eller indirekt skada, s\u00e5som materiell f\u00f6rlust, f\u00f6rlust av data eller program eller ekonomisk f\u00f6rlust, som uppst\u00e5r till f\u00f6ljd av anv\u00e4ndningen av webbplatsen eller webbplatser som \u00e4r l\u00e4nkade till den.<\/p><p>EST Truluxcars uppm\u00e4rksammar Internetanv\u00e4ndaren p\u00e5 att vissa produkter eller tj\u00e4nster som presenteras p\u00e5 webbplatsen kan vara f\u00f6rem\u00e5l f\u00f6r s\u00e4rskilda best\u00e4mmelser eller till och med restriktioner och\/eller f\u00f6rbud i vissa l\u00e4nder.<\/p>\t\t\t\t\t\t\t\t<\/div>\n\t\t\t\t<div class=\"elementor-element elementor-element-f50e425 elementor-widget-tablet__width-initial elementor-widget elementor-widget-heading\" data-id=\"f50e425\" data-element_type=\"widget\" data-e-type=\"widget\" data-widget_type=\"heading.default\">\n\t\t\t\t\t<h1 class=\"elementor-heading-title elementor-size-default\">\u00c5TKOMST OCH ANSLUTNING<\/h1>\t\t\t\t<\/div>\n\t\t\t\t<div class=\"elementor-element elementor-element-8601e68 elementor-widget-tablet__width-initial elementor-widget elementor-widget-text-editor\" data-id=\"8601e68\" data-element_type=\"widget\" data-e-type=\"widget\" data-widget_type=\"text-editor.default\">\n\t\t\t\t\t\t\t\t\t<p>Webbplatsen \u00e4r tillg\u00e4nglig via Internet. Internet \u00e4r ett \u00f6ppet och informellt n\u00e4tverk som bildas genom den internationella sammankopplingen av datorn\u00e4tverk. F\u00f6rvaltningen av Internet \u00e4r inte underst\u00e4lld n\u00e5gon central enhet och varje del av detta n\u00e4t tillh\u00f6r ett oberoende offentligt eller privat organ. Driften bygger d\u00e4rf\u00f6r p\u00e5 samarbete mellan operat\u00f6rerna av de olika n\u00e4ten, utan n\u00e5gon skyldighet att leverera eller garantera leveranskvaliteten mellan operat\u00f6rerna. N\u00e4tverken kan ha olika \u00f6verf\u00f6ringskapacitet och egna anv\u00e4ndningsregler. Ingen kan garantera att Internet som helhet fungerar korrekt. F\u00f6ljaktligen tar EST Truluxcars inte p\u00e5 sig n\u00e5got ansvar eller n\u00e5gon garanti i h\u00e4ndelse av funktionsst\u00f6rningar p\u00e5 Internet (f\u00f6rseningar i \u00f6verf\u00f6ringar eller andra funktionsst\u00f6rningar).<\/p><p>EST Truluxcars kan avbryta \u00e5tkomsten till webbplatsen n\u00e4r som helst, tillf\u00e4lligt eller p\u00e5 annat s\u00e4tt, i h\u00e4ndelse av :<\/p><ul><li>Internetanv\u00e4ndarens eventuella brott mot dessa villkor, utan att det p\u00e5verkar andra r\u00e4ttigheter och \u00e5tg\u00e4rder till f\u00f6rm\u00e5n f\u00f6r EST Truluxcars.<\/li><li>tekniska problem som r\u00f6r den infrastruktur som har inf\u00f6rts f\u00f6r att l\u00e4gga upp webbplatsen online och driva den<\/li><li>Underh\u00e5ll av webbplatsen<\/li><\/ul>\t\t\t\t\t\t\t\t<\/div>\n\t\t\t\t<div class=\"elementor-element elementor-element-ea587f5 elementor-widget-tablet__width-initial elementor-widget elementor-widget-heading\" data-id=\"ea587f5\" data-element_type=\"widget\" data-e-type=\"widget\" data-widget_type=\"heading.default\">\n\t\t\t\t\t<h1 class=\"elementor-heading-title elementor-size-default\">TILL\u00c4MPLIG LAG<\/h1>\t\t\t\t<\/div>\n\t\t\t\t<div class=\"elementor-element elementor-element-d019eb0 elementor-widget-tablet__width-initial elementor-widget elementor-widget-text-editor\" data-id=\"d019eb0\" data-element_type=\"widget\" data-e-type=\"widget\" data-widget_type=\"text-editor.default\">\n\t\t\t\t\t\t\t\t\tEnligt artikel R. 631-3 kan konsumenten h\u00e4nskjuta sin tvist antingen till en av de domstolar som har territoriell beh\u00f6righet enligt civilprocesslagen eller till domstolen p\u00e5 den ort d\u00e4r konsumenten var bosatt n\u00e4r avtalet ingicks eller n\u00e4r skadan uppkom.\nEnligt artikel L612-1 har alla konsumenter r\u00e4tt att kostnadsfritt v\u00e4nda sig till en konsumentmedlare f\u00f6r att f\u00e5 till st\u00e5nd en l\u00f6sning i godo p\u00e5 en tvist mellan dem och en n\u00e4ringsidkare. F\u00f6r detta \u00e4ndam\u00e5l garanterar n\u00e4ringsidkaren att konsumenten har tillg\u00e5ng till ett system f\u00f6r konsumentmedling. N\u00e4ringsidkaren f\u00e5r inr\u00e4tta ett eget system f\u00f6r konsumentmedling eller erbjuda konsumenten att v\u00e4nda sig till en annan konsumentmedlare som uppfyller kraven i denna avdelning. Om det finns en konsumentombudsman vars uppdrag str\u00e4cker sig till alla f\u00f6retag inom det ekonomiska verksamhetsomr\u00e5de som n\u00e4ringsidkaren tillh\u00f6r, ska n\u00e4ringsidkaren alltid ge konsumenten m\u00f6jlighet att v\u00e4nda sig till denne. F\u00f6rfarandena f\u00f6r genomf\u00f6randet av medlingsprocessen anges genom dekret i Conseil d'Etat. (se artiklarna R.612-1 till R.612-5).\t\t\t\t\t\t\t\t<\/div>\n\t\t\t\t\t<\/div>\n\t\t\t\t<\/div>\n\t\t\t\t<\/div>","protected":false},"excerpt":{"rendered":"<p>PROPRI\u00c9T\u00c9 Le site (EST TRULUXCARS) www.truluxcars.com est la propri\u00e9t\u00e9 de AUTOS VELIU, entreprise individuelle immatricul\u00e9e aupr\u00e8s du registre du commerce et des soci\u00e9t\u00e9s de Mulhouse 750 707 465, Si\u00e8ge&nbsp;: 15 Rue de Saint-Louis 68100 Mulhouse. Num\u00e9ro SIRET : 75070746500035 Num\u00e9ro TVA : FR75750707465 Responsable de la publication : Monsieur Xhelal Veliu DROITS DE PROPRI\u00c9T\u00c9 INTELLECTUELLE [&hellip;]<\/p>","protected":false},"author":1,"featured_media":0,"parent":0,"menu_order":0,"comment_status":"closed","ping_status":"closed","template":"","meta":{"footnotes":""},"class_list":["post-23535","page","type-page","status-publish","hentry"],"jetpack_sharing_enabled":true,"_links":{"self":[{"href":"https:\/\/truluxcars.com\/sv\/wp-json\/wp\/v2\/pages\/23535","targetHints":{"allow":["GET"]}}],"collection":[{"href":"https:\/\/truluxcars.com\/sv\/wp-json\/wp\/v2\/pages"}],"about":[{"href":"https:\/\/truluxcars.com\/sv\/wp-json\/wp\/v2\/types\/page"}],"author":[{"embeddable":true,"href":"https:\/\/truluxcars.com\/sv\/wp-json\/wp\/v2\/users\/1"}],"replies":[{"embeddable":true,"href":"https:\/\/truluxcars.com\/sv\/wp-json\/wp\/v2\/comments?post=23535"}],"version-history":[{"count":5,"href":"https:\/\/truluxcars.com\/sv\/wp-json\/wp\/v2\/pages\/23535\/revisions"}],"predecessor-version":[{"id":27906,"href":"https:\/\/truluxcars.com\/sv\/wp-json\/wp\/v2\/pages\/23535\/revisions\/27906"}],"wp:attachment":[{"href":"https:\/\/truluxcars.com\/sv\/wp-json\/wp\/v2\/media?parent=23535"}],"curies":[{"name":"wp","href":"https:\/\/api.w.org\/{rel}","templated":true}]}}