{"id":28035,"date":"2025-09-28T08:28:07","date_gmt":"2025-09-28T06:28:07","guid":{"rendered":"https:\/\/truluxcars.com\/?page_id=28035"},"modified":"2026-04-13T15:08:43","modified_gmt":"2026-04-13T13:08:43","slug":"bilhandlare","status":"publish","type":"page","link":"https:\/\/truluxcars.com\/sv\/bilhandlare\/","title":{"rendered":"Mandataire Auto"},"content":{"rendered":"<div data-elementor-type=\"wp-page\" data-elementor-id=\"28035\" class=\"elementor elementor-28035\" data-elementor-post-type=\"page\">\n\t\t\t\t<div class=\"elementor-element elementor-element-3d78c4a e-flex e-con-boxed e-con e-parent\" data-id=\"3d78c4a\" data-element_type=\"container\" data-e-type=\"container\" data-settings=\"{&quot;background_background&quot;:&quot;classic&quot;}\">\n\t\t\t\t\t<div class=\"e-con-inner\">\n\t\t\t\t<div class=\"elementor-element elementor-element-368225d elementor-widget elementor-widget-heading\" data-id=\"368225d\" data-element_type=\"widget\" data-e-type=\"widget\" data-widget_type=\"heading.default\">\n\t\t\t\t\t<h2 class=\"elementor-heading-title elementor-size-default\">Mandataire Auto<\/h2>\t\t\t\t<\/div>\n\t\t\t\t<div class=\"elementor-element elementor-element-c8aaa91 elementor-widget elementor-widget-heading\" data-id=\"c8aaa91\" data-element_type=\"widget\" data-e-type=\"widget\" data-widget_type=\"heading.default\">\n\t\t\t\t\t<h2 class=\"elementor-heading-title elementor-size-default\">Tyskland, Italien, Nederl\u00e4nderna, \u00d6sterrike, Belgien och Sverige<\/h2>\t\t\t\t<\/div>\n\t\t\t\t<div class=\"elementor-element elementor-element-45f109f elementor-widget__width-initial elementor-widget elementor-widget-heading\" data-id=\"45f109f\" data-element_type=\"widget\" data-e-type=\"widget\" data-widget_type=\"heading.default\">\n\t\t\t\t\t<h2 class=\"elementor-heading-title elementor-size-default\">Med <b>EST TRULUXCARS<\/b>din partner i Tyskland, f\u00e5 det b\u00e4sta erbjudandet genom att k\u00f6pa direkt fr\u00e5n de st\u00f6rsta \u00e5terf\u00f6rs\u00e4ljarna.<\/h2>\t\t\t\t<\/div>\n\t\t\t\t\t<\/div>\n\t\t\t\t<\/div>\n\t\t<div class=\"elementor-element elementor-element-c4514dd e-flex e-con-boxed e-con e-parent\" data-id=\"c4514dd\" data-element_type=\"container\" data-e-type=\"container\">\n\t\t\t\t\t<div class=\"e-con-inner\">\n\t\t<div class=\"elementor-element elementor-element-62d382e e-con-full e-flex e-con e-child\" data-id=\"62d382e\" data-element_type=\"container\" data-e-type=\"container\" data-settings=\"{&quot;background_background&quot;:&quot;classic&quot;}\">\n\t\t\t\t<div class=\"elementor-element elementor-element-d7f573e elementor-widget elementor-widget-heading\" data-id=\"d7f573e\" data-element_type=\"widget\" data-e-type=\"widget\" data-widget_type=\"heading.default\">\n\t\t\t\t\t<h2 class=\"elementor-heading-title elementor-size-default\">G\u00f6r din egen bils\u00f6kning\nBils\u00f6kning p\u00e5<\/h2>\t\t\t\t<\/div>\n\t\t<div class=\"elementor-element elementor-element-36f5c53 e-con-full e-flex e-con e-child\" data-id=\"36f5c53\" data-element_type=\"container\" data-e-type=\"container\">\n\t\t\t\t<div class=\"elementor-element elementor-element-cb7d0f4 elementor-widget elementor-widget-image\" data-id=\"cb7d0f4\" data-element_type=\"widget\" data-e-type=\"widget\" data-widget_type=\"image.default\">\n\t\t\t\t\t\t\t\t\t\t\t\t\t\t\t\t<a href=\"https:\/\/www.autoscout24.fr\/\" target=\"_blank\" rel=\"noopener\">\n\t\t\t\t\t\t\t<img decoding=\"async\" width=\"235\" height=\"56\" src=\"https:\/\/truluxcars.com\/wp-content\/uploads\/2025\/09\/logo-autoscout-mini.webp\" class=\"attachment-full size-full wp-image-28043\" alt=\"\" srcset=\"https:\/\/truluxcars.com\/wp-content\/uploads\/2025\/09\/logo-autoscout-mini.webp 235w, https:\/\/truluxcars.com\/wp-content\/uploads\/2025\/09\/logo-autoscout-mini-18x4.webp 18w\" sizes=\"(max-width: 235px) 100vw, 235px\" \/>\t\t\t\t\t\t\t\t<\/a>\n\t\t\t\t\t\t\t\t\t\t\t\t\t\t\t<\/div>\n\t\t\t\t<div class=\"elementor-element elementor-element-e9bf97e elementor-widget elementor-widget-image\" data-id=\"e9bf97e\" data-element_type=\"widget\" data-e-type=\"widget\" data-widget_type=\"image.default\">\n\t\t\t\t\t\t\t\t\t\t\t\t\t\t\t\t<a href=\"https:\/\/www.automobile.fr\/\" target=\"_blank\" rel=\"noopener\">\n\t\t\t\t\t\t\t<img decoding=\"async\" width=\"249\" height=\"44\" src=\"https:\/\/truluxcars.com\/wp-content\/uploads\/2025\/09\/Mobile-fr-logo-mini.webp\" class=\"attachment-full size-full wp-image-28042\" alt=\"\" srcset=\"https:\/\/truluxcars.com\/wp-content\/uploads\/2025\/09\/Mobile-fr-logo-mini.webp 249w, https:\/\/truluxcars.com\/wp-content\/uploads\/2025\/09\/Mobile-fr-logo-mini-18x3.webp 18w\" sizes=\"(max-width: 249px) 100vw, 249px\" \/>\t\t\t\t\t\t\t\t<\/a>\n\t\t\t\t\t\t\t\t\t\t\t\t\t\t\t<\/div>\n\t\t\t\t<\/div>\n\t\t\t\t<\/div>\n\t\t<div class=\"elementor-element elementor-element-ee86df7 e-con-full e-flex e-con e-child\" data-id=\"ee86df7\" data-element_type=\"container\" data-e-type=\"container\" data-settings=\"{&quot;background_background&quot;:&quot;classic&quot;}\">\n\t\t\t\t<div class=\"elementor-element elementor-element-da25bac elementor-widget elementor-widget-heading\" data-id=\"da25bac\" data-element_type=\"widget\" data-e-type=\"widget\" data-widget_type=\"heading.default\">\n\t\t\t\t\t<h2 class=\"elementor-heading-title elementor-size-default\">\"Har du hittat ett fordon som du \u00e4r intresserad av och vill veta mer?\n\n<b>Vi ringer s\u00e4ljaren f\u00f6r att f\u00e5 information och f\u00f6rhandla<\/b> \"<\/h2>\t\t\t\t<\/div>\n\t\t\t\t<div class=\"elementor-element elementor-element-6c92f0e elementor-align-center elementor-widget elementor-widget-button\" data-id=\"6c92f0e\" data-element_type=\"widget\" data-e-type=\"widget\" data-widget_type=\"button.default\">\n\t\t\t\t\t\t\t\t\t\t<a class=\"elementor-button elementor-button-link elementor-size-sm\" href=\"\/sv\/vara-erbjudanden\/\">\n\t\t\t\t\t\t<span class=\"elementor-button-content-wrapper\">\n\t\t\t\t\t\t\t\t\t<span class=\"elementor-button-text\">Ta reda p\u00e5 mer<\/span>\n\t\t\t\t\t<\/span>\n\t\t\t\t\t<\/a>\n\t\t\t\t\t\t\t\t<\/div>\n\t\t\t\t<\/div>\n\t\t\t\t\t<\/div>\n\t\t\t\t<\/div>\n\t\t<div class=\"elementor-element elementor-element-15e5306 e-flex e-con-boxed e-con e-parent\" data-id=\"15e5306\" data-element_type=\"container\" data-e-type=\"container\">\n\t\t\t\t\t<div class=\"e-con-inner\">\n\t\t<div class=\"elementor-element elementor-element-8b244e9 e-con-full e-flex e-con e-child\" data-id=\"8b244e9\" data-element_type=\"container\" data-e-type=\"container\" data-settings=\"{&quot;background_background&quot;:&quot;classic&quot;}\">\n\t\t<div class=\"elementor-element elementor-element-f41080a e-flex e-con-boxed e-con e-child\" data-id=\"f41080a\" data-element_type=\"container\" data-e-type=\"container\">\n\t\t\t\t\t<div class=\"e-con-inner\">\n\t\t\t\t<div class=\"elementor-element elementor-element-d46b1eb elementor-widget elementor-widget-heading\" data-id=\"d46b1eb\" data-element_type=\"widget\" data-e-type=\"widget\" data-widget_type=\"heading.default\">\n\t\t\t\t\t<h2 class=\"elementor-heading-title elementor-size-default\">F\u00f6rdelarna med att anlita en bilhandlare<\/h2>\t\t\t\t<\/div>\n\t\t\t\t<div class=\"elementor-element elementor-element-4fe81fa elementor-widget-divider--view-line elementor-widget elementor-widget-divider\" data-id=\"4fe81fa\" data-element_type=\"widget\" data-e-type=\"widget\" data-widget_type=\"divider.default\">\n\t\t\t\t\t\t\t<div class=\"elementor-divider\">\n\t\t\t<span class=\"elementor-divider-separator\">\n\t\t\t\t\t\t<\/span>\n\t\t<\/div>\n\t\t\t\t\t\t<\/div>\n\t\t\t\t\t<\/div>\n\t\t\t\t<\/div>\n\t\t\t\t<div class=\"elementor-element elementor-element-51f112e elementor-widget elementor-widget-text-editor\" data-id=\"51f112e\" data-element_type=\"widget\" data-e-type=\"widget\" data-widget_type=\"text-editor.default\">\n\t\t\t\t\t\t\t\t\t<p>Att k\u00f6pa bil i Europa kan vara komplicerat. Lyckligtvis finns det en <b>bilhandlare<\/b> kan f\u00f6renkla denna process. Som en mellanhand mellan k\u00f6pare och s\u00e4ljare kan fordon k\u00f6pas till konkurrenskraftiga priser, ofta l\u00e4gre \u00e4n de som erbjuds av lokala \u00e5terf\u00f6rs\u00e4ljare.<\/p>\t\t\t\t\t\t\t\t<\/div>\n\t\t<div class=\"elementor-element elementor-element-cf32b9f e-flex e-con-boxed e-con e-child\" data-id=\"cf32b9f\" data-element_type=\"container\" data-e-type=\"container\">\n\t\t\t\t\t<div class=\"e-con-inner\">\n\t\t\t\t<div class=\"elementor-element elementor-element-039aec2 elementor-widget elementor-widget-heading\" data-id=\"039aec2\" data-element_type=\"widget\" data-e-type=\"widget\" data-widget_type=\"heading.default\">\n\t\t\t\t\t<h2 class=\"elementor-heading-title elementor-size-default\">Varf\u00f6r v\u00e4lja en bilhandlare?<\/h2>\t\t\t\t<\/div>\n\t\t\t\t<div class=\"elementor-element elementor-element-de6c702 elementor-widget-divider--view-line elementor-widget elementor-widget-divider\" data-id=\"de6c702\" data-element_type=\"widget\" data-e-type=\"widget\" data-widget_type=\"divider.default\">\n\t\t\t\t\t\t\t<div class=\"elementor-divider\">\n\t\t\t<span class=\"elementor-divider-separator\">\n\t\t\t\t\t\t<\/span>\n\t\t<\/div>\n\t\t\t\t\t\t<\/div>\n\t\t\t\t\t<\/div>\n\t\t\t\t<\/div>\n\t\t\t\t<div class=\"elementor-element elementor-element-8a816f2 elementor-widget elementor-widget-text-editor\" data-id=\"8a816f2\" data-element_type=\"widget\" data-e-type=\"widget\" data-widget_type=\"text-editor.default\">\n\t\t\t\t\t\t\t\t\t<ul><li><strong>Attraktiva priser<\/strong>\u00a0: Bilhandlare f\u00f6rhandlar fram f\u00f6rm\u00e5nliga priser genom att k\u00f6pa fordon i stora kvantiteter.<\/li><li><strong>Stort urval av fordon<\/strong>\u00a0Ett stort lager av nya och begagnade modeller.<\/li><li><strong>\u00d6ppenhet<\/strong>\u00a0: Agenter ger tydlig information om fordon, inklusive deras historia.<\/li><li><strong>Nyckelf\u00e4rdig tj\u00e4nst<\/strong>\u00a0Fr\u00e5n fordonss\u00f6kning till leverans tar agenten hand om allt.<\/li><\/ul><p>Genom att v\u00e4lja en\u00a0<strong>bilhandlare<\/strong>\u00a0f\u00f6r ditt k\u00f6p, drar du nytta av en stressfri upplevelse, med f\u00f6rs\u00e4kran om att f\u00e5 ett kvalitetsfordon till b\u00e4sta pris.<\/p>\t\t\t\t\t\t\t\t<\/div>\n\t\t<div class=\"elementor-element elementor-element-319ac85 e-flex e-con-boxed e-con e-child\" data-id=\"319ac85\" data-element_type=\"container\" data-e-type=\"container\">\n\t\t\t\t\t<div class=\"e-con-inner\">\n\t\t\t\t<div class=\"elementor-element elementor-element-cab1635 elementor-widget elementor-widget-heading\" data-id=\"cab1635\" data-element_type=\"widget\" data-e-type=\"widget\" data-widget_type=\"heading.default\">\n\t\t\t\t\t<h2 class=\"elementor-heading-title elementor-size-default\">Hitta en bilhandlare i olika europeiska l\u00e4nder<\/h2>\t\t\t\t<\/div>\n\t\t\t\t<div class=\"elementor-element elementor-element-c142627 elementor-widget-divider--view-line elementor-widget elementor-widget-divider\" data-id=\"c142627\" data-element_type=\"widget\" data-e-type=\"widget\" data-widget_type=\"divider.default\">\n\t\t\t\t\t\t\t<div class=\"elementor-divider\">\n\t\t\t<span class=\"elementor-divider-separator\">\n\t\t\t\t\t\t<\/span>\n\t\t<\/div>\n\t\t\t\t\t\t<\/div>\n\t\t\t\t\t<\/div>\n\t\t\t\t<\/div>\n\t\t\t\t<div class=\"elementor-element elementor-element-07b7258 elementor-widget elementor-widget-text-editor\" data-id=\"07b7258\" data-element_type=\"widget\" data-e-type=\"widget\" data-widget_type=\"text-editor.default\">\n\t\t\t\t\t\t\t\t\t<p>Varje europeiskt land erbjuder unika m\u00f6jligheter f\u00f6r bilk\u00f6p. H\u00e4r \u00e4r n\u00e5gra exempel p\u00e5 popul\u00e4ra destinationer f\u00f6r bilm\u00e4klare:<\/p>\t\t\t\t\t\t\t\t<\/div>\n\t\t\t\t<div class=\"elementor-element elementor-element-831edfb elementor-widget elementor-widget-icon-box\" data-id=\"831edfb\" data-element_type=\"widget\" data-e-type=\"widget\" data-widget_type=\"icon-box.default\">\n\t\t\t\t\t\t\t<div class=\"elementor-icon-box-wrapper\">\n\n\t\t\t\n\t\t\t\t\t\t<div class=\"elementor-icon-box-content\">\n\n\t\t\t\t\t\t\t\t\t<h3 class=\"elementor-icon-box-title\">\n\t\t\t\t\t\t<span  >\n\t\t\t\t\t\t\tUppdragstagare auto i Tyskland\t\t\t\t\t\t<\/span>\n\t\t\t\t\t<\/h3>\n\t\t\t\t\n\t\t\t\t\t\t\t\t\t<p class=\"elementor-icon-box-description\">\n\t\t\t\t\t\tTyskland \u00e4r k\u00e4nt f\u00f6r sina h\u00f6gkvalitativa bilar. Genom att anv\u00e4nda en tysk bilm\u00e4klare kan du f\u00e5 tillg\u00e5ng till prestigefyllda fordon till konkurrenskraftiga priser. L\u00e4s mer om v\u00e5r tj\u00e4nst i Tyskland. \t\t\t\t\t<\/p>\n\t\t\t\t\n\t\t\t<\/div>\n\t\t\t\n\t\t<\/div>\n\t\t\t\t\t\t<\/div>\n\t\t\t\t<div class=\"elementor-element elementor-element-da49fe3 elementor-widget elementor-widget-icon-box\" data-id=\"da49fe3\" data-element_type=\"widget\" data-e-type=\"widget\" data-widget_type=\"icon-box.default\">\n\t\t\t\t\t\t\t<div class=\"elementor-icon-box-wrapper\">\n\n\t\t\t\n\t\t\t\t\t\t<div class=\"elementor-icon-box-content\">\n\n\t\t\t\t\t\t\t\t\t<h3 class=\"elementor-icon-box-title\">\n\t\t\t\t\t\t<span  >\n\t\t\t\t\t\t\tBilagentur i Spanien\t\t\t\t\t\t<\/span>\n\t\t\t\t\t<\/h3>\n\t\t\t\t\n\t\t\t\t\t\t\t\t\t<p class=\"elementor-icon-box-description\">\n\t\t\t\t\t\tSpanien erbjuder ocks\u00e5 bra erbjudanden p\u00e5 bilar, s\u00e4rskilt begagnade modeller. En bilm\u00e4klare i Spanien hj\u00e4lper dig att hitta det perfekta fordonet f\u00f6r dina behov.\n\n\t\t\t\t\t<\/p>\n\t\t\t\t\n\t\t\t<\/div>\n\t\t\t\n\t\t<\/div>\n\t\t\t\t\t\t<\/div>\n\t\t\t\t<div class=\"elementor-element elementor-element-6e5491c elementor-widget elementor-widget-icon-box\" data-id=\"6e5491c\" data-element_type=\"widget\" data-e-type=\"widget\" data-widget_type=\"icon-box.default\">\n\t\t\t\t\t\t\t<div class=\"elementor-icon-box-wrapper\">\n\n\t\t\t\n\t\t\t\t\t\t<div class=\"elementor-icon-box-content\">\n\n\t\t\t\t\t\t\t\t\t<h3 class=\"elementor-icon-box-title\">\n\t\t\t\t\t\t<span  >\n\t\t\t\t\t\t\tUppdragstagare auto i Italien\t\t\t\t\t\t<\/span>\n\t\t\t\t\t<\/h3>\n\t\t\t\t\n\t\t\t\t\t\t\t\t\t<p class=\"elementor-icon-box-description\">\n\t\t\t\t\t\tItalien \u00e4r k\u00e4nt f\u00f6r sina sportbilar och eleganta modeller. En italiensk bilhandlare kan hj\u00e4lpa dig att k\u00f6pa dessa fordon. \t\t\t\t\t<\/p>\n\t\t\t\t\n\t\t\t<\/div>\n\t\t\t\n\t\t<\/div>\n\t\t\t\t\t\t<\/div>\n\t\t\t\t<div class=\"elementor-element elementor-element-010f515 elementor-widget elementor-widget-icon-box\" data-id=\"010f515\" data-element_type=\"widget\" data-e-type=\"widget\" data-widget_type=\"icon-box.default\">\n\t\t\t\t\t\t\t<div class=\"elementor-icon-box-wrapper\">\n\n\t\t\t\n\t\t\t\t\t\t<div class=\"elementor-icon-box-content\">\n\n\t\t\t\t\t\t\t\t\t<h3 class=\"elementor-icon-box-title\">\n\t\t\t\t\t\t<span  >\n\t\t\t\t\t\t\tBilagentur i \u00d6sterrike\t\t\t\t\t\t<\/span>\n\t\t\t\t\t<\/h3>\n\t\t\t\t\n\t\t\t\t\t\t\t\t\t<p class=\"elementor-icon-box-description\">\n\t\t\t\t\t\t\u00d6sterrike \u00e4r en mindre k\u00e4nd men intressant destination f\u00f6r att k\u00f6pa bilar. En bilm\u00e4klare i \u00d6sterrike kan hitta attraktiva erbjudanden i landet.\t\t\t\t\t<\/p>\n\t\t\t\t\n\t\t\t<\/div>\n\t\t\t\n\t\t<\/div>\n\t\t\t\t\t\t<\/div>\n\t\t\t\t<div class=\"elementor-element elementor-element-b2b48fb elementor-widget elementor-widget-icon-box\" data-id=\"b2b48fb\" data-element_type=\"widget\" data-e-type=\"widget\" data-widget_type=\"icon-box.default\">\n\t\t\t\t\t\t\t<div class=\"elementor-icon-box-wrapper\">\n\n\t\t\t\n\t\t\t\t\t\t<div class=\"elementor-icon-box-content\">\n\n\t\t\t\t\t\t\t\t\t<h3 class=\"elementor-icon-box-title\">\n\t\t\t\t\t\t<span  >\n\t\t\t\t\t\t\tUppdragstagare auto i Belgien\t\t\t\t\t\t<\/span>\n\t\t\t\t\t<\/h3>\n\t\t\t\t\n\t\t\t\t\t\t\t\t\t<p class=\"elementor-icon-box-description\">\n\t\t\t\t\t\tBelgien \u00e4r en utm\u00e4rkt utg\u00e5ngspunkt f\u00f6r att k\u00f6pa begagnade bilar. En auktoriserad agent i Belgien guidar dig genom den belgiska processen.\t\t\t\t\t<\/p>\n\t\t\t\t\n\t\t\t<\/div>\n\t\t\t\n\t\t<\/div>\n\t\t\t\t\t\t<\/div>\n\t\t\t\t<div class=\"elementor-element elementor-element-343ed3f elementor-widget elementor-widget-icon-box\" data-id=\"343ed3f\" data-element_type=\"widget\" data-e-type=\"widget\" data-widget_type=\"icon-box.default\">\n\t\t\t\t\t\t\t<div class=\"elementor-icon-box-wrapper\">\n\n\t\t\t\n\t\t\t\t\t\t<div class=\"elementor-icon-box-content\">\n\n\t\t\t\t\t\t\t\t\t<h3 class=\"elementor-icon-box-title\">\n\t\t\t\t\t\t<span  >\n\t\t\t\t\t\t\tBilagentur i Nederl\u00e4nderna\t\t\t\t\t\t<\/span>\n\t\t\t\t\t<\/h3>\n\t\t\t\t\n\t\t\t\t\t\t\t\t\t<p class=\"elementor-icon-box-description\">\n\t\t\t\t\t\tNederl\u00e4nderna erbjuder ett brett utbud av fordon till konkurrenskraftiga priser. En bilm\u00e4klare i Nederl\u00e4nderna kan hj\u00e4lpa dig att hitta det perfekta fordonet.\t\t\t\t\t<\/p>\n\t\t\t\t\n\t\t\t<\/div>\n\t\t\t\n\t\t<\/div>\n\t\t\t\t\t\t<\/div>\n\t\t<div class=\"elementor-element elementor-element-0b13164 e-con-full e-flex e-con e-child\" data-id=\"0b13164\" data-element_type=\"container\" data-e-type=\"container\">\n\t\t\t\t<div class=\"elementor-element elementor-element-b139d01 elementor-widget elementor-widget-heading\" data-id=\"b139d01\" data-element_type=\"widget\" data-e-type=\"widget\" data-widget_type=\"heading.default\">\n\t\t\t\t\t<h2 class=\"elementor-heading-title elementor-size-default\">Fordonstillval tillg\u00e4ngliga via en auktoriserad \u00e5terf\u00f6rs\u00e4ljare<\/h2>\t\t\t\t<\/div>\n\t\t\t\t<div class=\"elementor-element elementor-element-2753cd6 elementor-widget-divider--view-line elementor-widget elementor-widget-divider\" data-id=\"2753cd6\" data-element_type=\"widget\" data-e-type=\"widget\" data-widget_type=\"divider.default\">\n\t\t\t\t\t\t\t<div class=\"elementor-divider\">\n\t\t\t<span class=\"elementor-divider-separator\">\n\t\t\t\t\t\t<\/span>\n\t\t<\/div>\n\t\t\t\t\t\t<\/div>\n\t\t\t\t<\/div>\n\t\t\t\t<div class=\"elementor-element elementor-element-fefe542 elementor-widget elementor-widget-text-editor\" data-id=\"fefe542\" data-element_type=\"widget\" data-e-type=\"widget\" data-widget_type=\"text-editor.default\">\n\t\t\t\t\t\t\t\t\t<p>En av de st\u00f6rsta f\u00f6rdelarna med att arbeta med en\u00a0<strong>bilhandlare<\/strong>\u00a0\u00e4r det stora utbudet av fordon. Oavsett om du letar efter en ny eller begagnad bil \u00e4r alternativen stora och varierade.<\/p><h3>Mandataire voiture: ett brett utbud av valm\u00f6jligheter<\/h3><p>Genom en\u00a0<strong>bilhandlare<\/strong>H\u00e4r kan du f\u00e5 tillg\u00e5ng till modeller av olika m\u00e4rken, storlekar och prisklasser. Tillg\u00e4ngliga fordon inkluderar :<\/p><ul><li>Nya bilar: f\u00f6r dig som vill ha en ny modell med den senaste tekniken.<\/li><li><strong>Mandataire auto occasion<\/strong>\u00a0F\u00f6r dem som letar efter ett mer prisv\u00e4rt alternativ finns ocks\u00e5 begagnade kvalitetsfordon tillg\u00e4ngliga.<\/li><\/ul><h3>Agent f\u00f6r begagnade bilar<\/h3><p>F\u00f6r budgetmedvetna k\u00f6pare \u00e4r en\u00a0<strong>Begagnad bil agent<\/strong>\u00a0\u00e4r ett utm\u00e4rkt alternativ. Du kan hitta v\u00e4l underh\u00e5llna, nya bilar till priser som ligger l\u00e5ngt under priserna p\u00e5 nya fordon. Ombuden garanterar kvaliteten och insynen i de fordon som erbjuds.<\/p><h3>Bilagenter i olika l\u00e4nder<\/h3><p>Varje land erbjuder unika m\u00f6jligheter att k\u00f6pa begagnade bilar. Till exempel :<\/p><ul><li><strong>Uppdragstagare bil Spanien<\/strong>\u00a0v\u00e4lsk\u00f6tta fordon som ger bra valuta f\u00f6r pengarna.<\/li><li><strong>Uppdragstagare bil Belgien<\/strong>\u00a0En m\u00e4ngd olika modeller till konkurrenskraftiga priser.<\/li><\/ul>\t\t\t\t\t\t\t\t<\/div>\n\t\t<div class=\"elementor-element elementor-element-9360513 e-con-full e-flex e-con e-child\" data-id=\"9360513\" data-element_type=\"container\" data-e-type=\"container\">\n\t\t\t\t<div class=\"elementor-element elementor-element-4dbf266 elementor-widget elementor-widget-heading\" data-id=\"4dbf266\" data-element_type=\"widget\" data-e-type=\"widget\" data-widget_type=\"heading.default\">\n\t\t\t\t\t<h2 class=\"elementor-heading-title elementor-size-default\">Hur v\u00e4ljer jag r\u00e4tt bilhandlare?<\/h2>\t\t\t\t<\/div>\n\t\t\t\t<div class=\"elementor-element elementor-element-2e4e03e elementor-widget-divider--view-line elementor-widget elementor-widget-divider\" data-id=\"2e4e03e\" data-element_type=\"widget\" data-e-type=\"widget\" data-widget_type=\"divider.default\">\n\t\t\t\t\t\t\t<div class=\"elementor-divider\">\n\t\t\t<span class=\"elementor-divider-separator\">\n\t\t\t\t\t\t<\/span>\n\t\t<\/div>\n\t\t\t\t\t\t<\/div>\n\t\t\t\t<\/div>\n\t\t\t\t<div class=\"elementor-element elementor-element-a65b4b5 elementor-widget elementor-widget-text-editor\" data-id=\"a65b4b5\" data-element_type=\"widget\" data-e-type=\"widget\" data-widget_type=\"text-editor.default\">\n\t\t\t\t\t\t\t\t\t<p>Det \u00e4r viktigt att v\u00e4lja r\u00e4tt bilhandlare f\u00f6r att s\u00e4kerst\u00e4lla ett s\u00e4kert och bekymmersfritt k\u00f6p.<\/p><h3>Kriterier f\u00f6r val av bilf\u00f6rmedlare<\/h3><ul><li><strong>Rykte och kundrecensioner<\/strong>\u00a0S\u00f6k efter recensioner och vittnesm\u00e5l f\u00f6r att bed\u00f6ma agentens tillf\u00f6rlitlighet.<\/li><li><strong>\u00d6ppenhet i tj\u00e4nsterna<\/strong>\u00a0Se till att ombudet erbjuder full insyn i fordon och kostnader.<\/li><li><strong>Tj\u00e4nster som erbjuds<\/strong>\u00a0Kontrollera att m\u00e4klaren erbjuder en helt\u00e4ckande service, inklusive fordonss\u00f6kning, prisf\u00f6rhandling och leverans.<\/li><\/ul>\t\t\t\t\t\t\t\t<\/div>\n\t\t<div class=\"elementor-element elementor-element-1048a6d e-con-full e-flex e-con e-child\" data-id=\"1048a6d\" data-element_type=\"container\" data-e-type=\"container\">\n\t\t\t\t<div class=\"elementor-element elementor-element-ba5802b elementor-widget elementor-widget-heading\" data-id=\"ba5802b\" data-element_type=\"widget\" data-e-type=\"widget\" data-widget_type=\"heading.default\">\n\t\t\t\t\t<h2 class=\"elementor-heading-title elementor-size-default\">Bil\u00e5terf\u00f6rs\u00e4ljare i Europa<\/h2>\t\t\t\t<\/div>\n\t\t\t\t<div class=\"elementor-element elementor-element-bde05c2 elementor-widget-divider--view-line elementor-widget elementor-widget-divider\" data-id=\"bde05c2\" data-element_type=\"widget\" data-e-type=\"widget\" data-widget_type=\"divider.default\">\n\t\t\t\t\t\t\t<div class=\"elementor-divider\">\n\t\t\t<span class=\"elementor-divider-separator\">\n\t\t\t\t\t\t<\/span>\n\t\t<\/div>\n\t\t\t\t\t\t<\/div>\n\t\t\t\t<\/div>\n\t\t\t\t<div class=\"elementor-element elementor-element-c1ecdae elementor-widget elementor-widget-text-editor\" data-id=\"c1ecdae\" data-element_type=\"widget\" data-e-type=\"widget\" data-widget_type=\"text-editor.default\">\n\t\t\t\t\t\t\t\t\t<p>Beroende p\u00e5 dina behov kan du v\u00e4lja en bilm\u00e4klare som specialiserar sig p\u00e5 import fr\u00e5n ett visst land:<\/p><ul><li><strong>Agent auto Tyskland<\/strong>\u00a0f\u00f6r h\u00f6gkvalitativa fordon.<\/li><li><strong>Agent auto Spanien<\/strong>\u00a0f\u00f6r bra erbjudanden p\u00e5 begagnade bilar.<\/li><li><strong>Italiensk bilhandlare<\/strong>\u00a0f\u00f6r eleganta, sportiga bilar.<\/li><li><strong>Bilf\u00f6rmedling \u00d6sterrike<\/strong>\u00a0f\u00f6r mindre vanliga men attraktiva modeller.<\/li><li><strong>Agent auto Belgien<\/strong>\u00a0f\u00f6r ett brett utbud av fordon till konkurrenskraftiga priser.<\/li><li><strong>Bilagentur Nederl\u00e4nderna<\/strong>\u00a0f\u00f6r ett brett utbud av prisv\u00e4rda bilar.<\/li><\/ul><p>V\u00e4lj en\u00a0<strong>bilhandlare<\/strong>\u00a0f\u00f6r ditt bilk\u00f6p i Europa ger dig en m\u00e4ngd f\u00f6rdelar, fr\u00e5n attraktiva priser till ett brett utbud av valm\u00f6jligheter. Lita p\u00e5 en representant f\u00f6r att hitta det fordon som passar dina behov och din budget.<\/p>\t\t\t\t\t\t\t\t<\/div>\n\t\t\t\t<\/div>\n\t\t\t\t\t<\/div>\n\t\t\t\t<\/div>\n\t\t\t\t<\/div>","protected":false},"excerpt":{"rendered":"<p>Allemagne, Italie, Pays-Bas, Autriche, Belgique et Su\u00e8de Avec EST TRULUXCARS, votre partenaire mandataire auto Allemagne, r\u00e9alisez la bonne affaire en achetant directement dans les plus grandes concessions. Effectuez vous-m\u00eame votre recherche auto sur les sites \u00ab Vous avez trouv\u00e9 un v\u00e9hicule qui vous int\u00e9resse et vous voulez en savoir plus ? Nous appelons le vendeur [&hellip;]<\/p>","protected":false},"author":1,"featured_media":0,"parent":0,"menu_order":0,"comment_status":"closed","ping_status":"closed","template":"","meta":{"footnotes":""},"class_list":["post-28035","page","type-page","status-publish","hentry"],"jetpack_sharing_enabled":true,"_links":{"self":[{"href":"https:\/\/truluxcars.com\/sv\/wp-json\/wp\/v2\/pages\/28035","targetHints":{"allow":["GET"]}}],"collection":[{"href":"https:\/\/truluxcars.com\/sv\/wp-json\/wp\/v2\/pages"}],"about":[{"href":"https:\/\/truluxcars.com\/sv\/wp-json\/wp\/v2\/types\/page"}],"author":[{"embeddable":true,"href":"https:\/\/truluxcars.com\/sv\/wp-json\/wp\/v2\/users\/1"}],"replies":[{"embeddable":true,"href":"https:\/\/truluxcars.com\/sv\/wp-json\/wp\/v2\/comments?post=28035"}],"version-history":[{"count":5,"href":"https:\/\/truluxcars.com\/sv\/wp-json\/wp\/v2\/pages\/28035\/revisions"}],"predecessor-version":[{"id":30951,"href":"https:\/\/truluxcars.com\/sv\/wp-json\/wp\/v2\/pages\/28035\/revisions\/30951"}],"wp:attachment":[{"href":"https:\/\/truluxcars.com\/sv\/wp-json\/wp\/v2\/media?parent=28035"}],"curies":[{"name":"wp","href":"https:\/\/api.w.org\/{rel}","templated":true}]}}