{"id":28078,"date":"2025-09-28T11:05:52","date_gmt":"2025-09-28T09:05:52","guid":{"rendered":"https:\/\/truluxcars.com\/?page_id=28078"},"modified":"2025-11-20T08:47:48","modified_gmt":"2025-11-20T07:47:48","slug":"hur-man-importerar","status":"publish","type":"page","link":"https:\/\/truluxcars.com\/sv\/hur-man-importerar\/","title":{"rendered":"Hur importerar jag?"},"content":{"rendered":"<div data-elementor-type=\"wp-page\" data-elementor-id=\"28078\" class=\"elementor elementor-28078\" data-elementor-post-type=\"page\">\n\t\t\t\t<div class=\"elementor-element elementor-element-ec87e37 e-flex e-con-boxed e-con e-parent\" data-id=\"ec87e37\" data-element_type=\"container\" data-e-type=\"container\" data-settings=\"{&quot;background_background&quot;:&quot;classic&quot;}\">\n\t\t\t\t\t<div class=\"e-con-inner\">\n\t\t\t\t<div class=\"elementor-element elementor-element-22927b4 elementor-widget__width-initial elementor-widget elementor-widget-heading\" data-id=\"22927b4\" data-element_type=\"widget\" data-e-type=\"widget\" data-widget_type=\"heading.default\">\n\t\t\t\t\t<h2 class=\"elementor-heading-title elementor-size-default\">Hur importerar jag?<\/h2>\t\t\t\t<\/div>\n\t\t\t\t<div class=\"elementor-element elementor-element-0a9e280 elementor-widget__width-initial elementor-widget elementor-widget-text-editor\" data-id=\"0a9e280\" data-element_type=\"widget\" data-e-type=\"widget\" data-widget_type=\"text-editor.default\">\n\t\t\t\t\t\t\t\t\t<p>Jag g\u00f6r min egen unders\u00f6kning p\u00e5 de viktigaste europeiska bilannonssidorna:\u00a0<span style=\"text-decoration: underline;\"><strong><a href=\"http:\/\/autoscout24.fr\/\" target=\"_blank\" rel=\"noopener\" data-saferedirecturl=\"https:\/\/www.google.com\/url?q=http:\/\/autoscout24.fr&amp;source=gmail&amp;ust=1748508533652000&amp;usg=AOvVaw0hPUTD1vp_xvOTAn20Qdmo\">autoscout24.fr<\/a><\/strong><\/span>\u00a0och\u00a0<a href=\"http:\/\/automobile.fr\/\" target=\"_blank\" rel=\"noopener\" data-saferedirecturl=\"https:\/\/www.google.com\/url?q=http:\/\/automobile.fr&amp;source=gmail&amp;ust=1748508533652000&amp;usg=AOvVaw0n5L0_Bf3FlfNE67qTz_lC\"><wbr \/><span style=\"text-decoration: underline;\"><strong>bil.fr<\/strong><\/span><\/a>eller\u00a0<a href=\"http:\/\/subito.it\/\" target=\"_blank\" rel=\"noopener\" data-saferedirecturl=\"https:\/\/www.google.com\/url?q=http:\/\/subito.it&amp;source=gmail&amp;ust=1748508533652000&amp;usg=AOvVaw1MmF91XClCD2L8KxHVi8tY\">subito.it<\/a>Maarktplatz,\u00a0<span style=\"text-decoration: underline;\"><strong><a href=\"http:\/\/coches.es\/\" target=\"_blank\" rel=\"noopener\" data-saferedirecturl=\"https:\/\/www.google.com\/url?q=http:\/\/coches.es&amp;source=gmail&amp;ust=1748508533652000&amp;usg=AOvVaw2x2MOwzWn0a6fm20LmKNEm\">coches.es<\/a><\/strong><\/span>,\u00a0<span style=\"text-decoration: underline;\"><strong><a href=\"http:\/\/blocket.se\/\" target=\"_blank\" rel=\"noopener\" data-saferedirecturl=\"https:\/\/www.google.com\/url?q=http:\/\/blocket.se&amp;source=gmail&amp;ust=1748508533652000&amp;usg=AOvVaw01Y25rScp3tYt8Ac0jJQfz\">block<wbr \/>t.se<\/a><\/strong><\/span>\u00a0...<\/p>\t\t\t\t\t\t\t\t<\/div>\n\t\t\t\t\t<\/div>\n\t\t\t\t<\/div>\n\t\t<div class=\"elementor-element elementor-element-614368b e-flex e-con-boxed e-con e-parent\" data-id=\"614368b\" data-element_type=\"container\" data-e-type=\"container\">\n\t\t\t\t\t<div class=\"e-con-inner\">\n\t\t\t\t<div class=\"elementor-element elementor-element-db6bca6 elementor-widget elementor-widget-video\" data-id=\"db6bca6\" data-element_type=\"widget\" data-e-type=\"widget\" data-settings=\"{&quot;video_type&quot;:&quot;hosted&quot;,&quot;autoplay&quot;:&quot;yes&quot;,&quot;controls&quot;:&quot;yes&quot;}\" data-widget_type=\"video.default\">\n\t\t\t\t\t\t\t<div class=\"e-hosted-video elementor-wrapper elementor-open-inline\">\n\t\t\t\t\t<video class=\"elementor-video\" src=\"https:\/\/truluxcars.com\/wp-content\/uploads\/2025\/11\/Importer-Vehicule-EST-TRULUXCARS.mp4\" autoplay=\"\" controls=\"\" controlslist=\"nodownload\"><\/video>\n\t\t\t\t<\/div>\n\t\t\t\t\t\t<\/div>\n\t\t<div class=\"elementor-element elementor-element-bae7b34 e-con-full e-flex e-con e-child\" data-id=\"bae7b34\" data-element_type=\"container\" data-e-type=\"container\" data-settings=\"{&quot;background_background&quot;:&quot;classic&quot;}\">\n\t\t<div class=\"elementor-element elementor-element-8e64d0f e-con-full e-flex e-con e-child\" data-id=\"8e64d0f\" data-element_type=\"container\" data-e-type=\"container\">\n\t\t\t\t<div class=\"elementor-element elementor-element-60c6922 elementor-view-default elementor-widget elementor-widget-icon\" data-id=\"60c6922\" data-element_type=\"widget\" data-e-type=\"widget\" data-widget_type=\"icon.default\">\n\t\t\t\t\t\t\t<div class=\"elementor-icon-wrapper\">\n\t\t\t<div class=\"elementor-icon\">\n\t\t\t<svg xmlns=\"http:\/\/www.w3.org\/2000\/svg\" width=\"24\" height=\"24\" viewbox=\"0 0 24 24\"><path fill=\"#048099\" d=\"M10.68 2.105a2.63 2.63 0 0 1 2.64 0l.001.001l6.611 3.8A2.65 2.65 0 0 1 21.25 8.2v7.603a2.66 2.66 0 0 1-1.318 2.291l-.003.002l-6.608 3.799h-.002a2.63 2.63 0 0 1-2.639 0h-.001l-6.608-3.8h-.003A2.64 2.64 0 0 1 2.75 15.8V8.198a2.66 2.66 0 0 1 1.318-2.291l.003-.002zM13.5 8a.75.75 0 0 0-1.191-.607l-2.75 2a.75.75 0 1 0 .882 1.214l1.56-1.134V16a.75.75 0 1 0 1.5 0z\"><\/path><\/svg>\t\t\t<\/div>\n\t\t<\/div>\n\t\t\t\t\t\t<\/div>\n\t\t\t\t<\/div>\n\t\t<div class=\"elementor-element elementor-element-c144b42 e-con-full e-flex e-con e-child\" data-id=\"c144b42\" data-element_type=\"container\" data-e-type=\"container\">\n\t\t<div class=\"elementor-element elementor-element-ed4b1e4 e-con-full e-flex e-con e-child\" data-id=\"ed4b1e4\" data-element_type=\"container\" data-e-type=\"container\">\n\t\t\t\t<div class=\"elementor-element elementor-element-aa4cecc elementor-widget elementor-widget-heading\" data-id=\"aa4cecc\" data-element_type=\"widget\" data-e-type=\"widget\" data-widget_type=\"heading.default\">\n\t\t\t\t\t<h2 class=\"elementor-heading-title elementor-size-default\">Info &amp; N\u00e9go\"-tj\u00e4nsten - spara tid och undvik obehagliga \u00f6verraskningar<\/h2>\t\t\t\t<\/div>\n\t\t\t\t<div class=\"elementor-element elementor-element-0e90ee9 elementor-hidden-mobile elementor-widget-divider--view-line elementor-widget elementor-widget-divider\" data-id=\"0e90ee9\" data-element_type=\"widget\" data-e-type=\"widget\" data-widget_type=\"divider.default\">\n\t\t\t\t\t\t\t<div class=\"elementor-divider\">\n\t\t\t<span class=\"elementor-divider-separator\">\n\t\t\t\t\t\t<\/span>\n\t\t<\/div>\n\t\t\t\t\t\t<\/div>\n\t\t\t\t<\/div>\n\t\t\t\t<div class=\"elementor-element elementor-element-e8268ae elementor-widget elementor-widget-text-editor\" data-id=\"e8268ae\" data-element_type=\"widget\" data-e-type=\"widget\" data-widget_type=\"text-editor.default\">\n\t\t\t\t\t\t\t\t\t<p>N\u00e4r jag har hittat mitt fordon (via bilannonsplattformarna eller den kostnadsfria personliga s\u00f6kningen) v\u00e4ljer jag<span class=\"gmail_default\">e-tj\u00e4nst<\/span>\u00a0<strong>\"\u00a0<span style=\"text-decoration: underline;\"><a class=\"__mPS2id\" href=\"\/sv\/vara-erbjudanden\/#info\" target=\"_blank\" rel=\"noopener\">Nyheter &amp; handel<\/a>\u00a0<\/span>\"<\/strong>. N\u00e4r jag best\u00e4ller skriver jag helt enkelt in webbadressen till den relevanta annonsen i det angivna f\u00e4ltet.<\/p><p>Inom 2 arbetstimmar,\u00a0<strong>EST TRULUXCARS kontaktar s\u00e4ljaren<\/strong>\u00a0f\u00f6r :<\/p><ul><li>Erh\u00e5llande av<b>\u00a0exakt information<\/b>\u00a0p\u00e5 fordonet<\/li><li>Prova en\u00a0<strong>prisf\u00f6rhandling<\/strong><\/li><\/ul><p>Jag kommer d\u00e5 att f\u00e5 ett e-postmeddelande (om s\u00e4ljaren \u00e4r tillg\u00e4nglig):<\/p><ul><li>A\u00a0<strong>fullst\u00e4ndig rapport<\/strong>\u00a0utbyte<\/li><li>Den\u00a0<strong>kopior av fordonshandlingar<\/strong>\u00a0(inom ramen f\u00f6r vad s\u00e4ljaren samtycker till att skicka)<\/li><\/ul><p><strong>Bra att veta<\/strong>\u00a0Om fordonet redan har s\u00e5lts vid tidpunkten f\u00f6r samtalet g\u00e4ller min tj\u00e4nst i 3 m\u00e5nader.<\/p><p><strong>\ud83d\udc49 Alternativet \"Kontrollera Histo\" - Europeisk fil<\/strong><br \/>O<span class=\"gmail_default\">btenez<\/span>\u00a0en detaljerad rapport f\u00f6r att kontrollera fordonets historik: st\u00f6ld, olyckor, underh\u00e5ll etc.<\/p>\t\t\t\t\t\t\t\t<\/div>\n\t\t\t\t<\/div>\n\t\t\t\t<\/div>\n\t\t<div class=\"elementor-element elementor-element-08cfe02 e-con-full e-flex e-con e-child\" data-id=\"08cfe02\" data-element_type=\"container\" data-e-type=\"container\" data-settings=\"{&quot;background_background&quot;:&quot;classic&quot;}\">\n\t\t<div class=\"elementor-element elementor-element-a0e9764 e-con-full e-flex e-con e-child\" data-id=\"a0e9764\" data-element_type=\"container\" data-e-type=\"container\">\n\t\t\t\t<div class=\"elementor-element elementor-element-e0d0309 elementor-view-default elementor-widget elementor-widget-icon\" data-id=\"e0d0309\" data-element_type=\"widget\" data-e-type=\"widget\" data-widget_type=\"icon.default\">\n\t\t\t\t\t\t\t<div class=\"elementor-icon-wrapper\">\n\t\t\t<div class=\"elementor-icon\">\n\t\t\t<svg xmlns=\"http:\/\/www.w3.org\/2000\/svg\" width=\"24\" height=\"24\" viewbox=\"0 0 24 24\"><path fill=\"#048099\" d=\"M10.68 2.105a2.63 2.63 0 0 1 2.64 0l.001.001l6.611 3.8A2.65 2.65 0 0 1 21.25 8.2v7.603a2.66 2.66 0 0 1-1.318 2.291l-.003.002l-6.608 3.799h-.002a2.63 2.63 0 0 1-2.639 0h-.001l-6.608-3.8h-.003A2.64 2.64 0 0 1 2.75 15.8V8.198a2.66 2.66 0 0 1 1.318-2.291l.003-.002zm-.43 8.232c0-.579.207-.956.473-1.195c.279-.251.67-.392 1.085-.392s.806.14 1.085.392c.265.239.472.616.472 1.195c0 .862-.564 1.771-1.49 2.704c-.692.698-1.484 1.313-2.195 1.864q-.34.264-.65.51a.75.75 0 0 0 .47 1.335h5a.75.75 0 1 0 0-1.5h-2.84c.433-.357.876-.745 1.28-1.153c.982-.99 1.925-2.271 1.925-3.76c0-.98-.37-1.77-.969-2.31c-.587-.528-1.349-.777-2.088-.777s-1.502.249-2.089.777c-.6.54-.969 1.33-.969 2.31a.75.75 0 0 0 1.5 0\"><\/path><\/svg>\t\t\t<\/div>\n\t\t<\/div>\n\t\t\t\t\t\t<\/div>\n\t\t\t\t<\/div>\n\t\t<div class=\"elementor-element elementor-element-c6e5b10 e-con-full e-flex e-con e-child\" data-id=\"c6e5b10\" data-element_type=\"container\" data-e-type=\"container\">\n\t\t<div class=\"elementor-element elementor-element-17306c6 e-con-full e-flex e-con e-child\" data-id=\"17306c6\" data-element_type=\"container\" data-e-type=\"container\">\n\t\t\t\t<div class=\"elementor-element elementor-element-56f0310 elementor-widget elementor-widget-heading\" data-id=\"56f0310\" data-element_type=\"widget\" data-e-type=\"widget\" data-widget_type=\"heading.default\">\n\t\t\t\t\t<h2 class=\"elementor-heading-title elementor-size-default\">Video Service &amp; Checks - K\u00f6p med f\u00f6rtroende<\/h2>\t\t\t\t<\/div>\n\t\t\t\t<div class=\"elementor-element elementor-element-8863679 elementor-hidden-mobile elementor-widget-divider--view-line elementor-widget elementor-widget-divider\" data-id=\"8863679\" data-element_type=\"widget\" data-e-type=\"widget\" data-widget_type=\"divider.default\">\n\t\t\t\t\t\t\t<div class=\"elementor-divider\">\n\t\t\t<span class=\"elementor-divider-separator\">\n\t\t\t\t\t\t<\/span>\n\t\t<\/div>\n\t\t\t\t\t\t<\/div>\n\t\t\t\t<\/div>\n\t\t\t\t<div class=\"elementor-element elementor-element-cff5f62 elementor-widget elementor-widget-text-editor\" data-id=\"cff5f62\" data-element_type=\"widget\" data-e-type=\"widget\" data-widget_type=\"text-editor.default\">\n\t\t\t\t\t\t\t\t\t<p>N\u00e4r jag har f\u00e5tt min \"Info &amp; Nego\"-rapport kan jag beg\u00e4ra en\u00a0<a class=\"__mPS2id\" href=\"\/sv\/vara-erbjudanden\/#inspection\" target=\"_blank\" rel=\"noopener\"><strong><span style=\"text-decoration: underline;\">detaljerad video av fordonet<\/span><\/strong>,<\/a>\u00a0med motorn ig\u00e5ng, desto b\u00e4ttre att projicera mig sj\u00e4lv.<\/p><p><strong>Enkelt f\u00f6rfarande<\/strong>\u00a0Jag svarar direkt p\u00e5 rapportmejlet f\u00f6r att aktivera denna tj\u00e4nst.<br \/><strong>\ud83d\udc49\u00a0<\/strong>Jag betalar bara f\u00f6r tj\u00e4nsten\u00a0<strong>n\u00e4r videon har tagits emot<\/strong>\u00a0av EST TRULUXCARS.<\/p><p>Dessutom utf\u00f6r EST TRULUXCARS f\u00f6ljande\u00a0<strong>tv\u00e5 kontroller av s\u00e4ljarens verksamhet<\/strong>\u00a0+ en\u00a0<strong>kontrollera e-reputation<\/strong>\u00a0:<\/p><ul><li>Giltighet f\u00f6r\u00a0<strong>Europeiskt momsregistreringsnummer<\/strong><\/li><li>Registrera dig p\u00e5\u00a0<strong>bolagsregister<\/strong><\/li><li>En \u00f6versikt av\u00a0<strong>kundrecensioner online<\/strong><\/li><\/ul><p><strong>Valfritt<\/strong>\u00a0: m\u00f6jlighet att organisera en\u00a0<strong>fysisk besiktning av fordonet p\u00e5 plats<\/strong>i s\u00e4ljarens lokaler (i\u00a0<strong>Italien<\/strong>\u00a0och i\u00a0<strong>Tyskland<\/strong>\u00a0endast). \u2192\u00a0<strong>Kontakta oss<\/strong>\u00a0f\u00f6r mer information.<\/p>\t\t\t\t\t\t\t\t<\/div>\n\t\t\t\t<\/div>\n\t\t\t\t<\/div>\n\t\t<div class=\"elementor-element elementor-element-ddc8af5 e-con-full e-flex e-con e-child\" data-id=\"ddc8af5\" data-element_type=\"container\" data-e-type=\"container\" data-settings=\"{&quot;background_background&quot;:&quot;classic&quot;}\">\n\t\t<div class=\"elementor-element elementor-element-44dcc7e e-con-full e-flex e-con e-child\" data-id=\"44dcc7e\" data-element_type=\"container\" data-e-type=\"container\">\n\t\t\t\t<div class=\"elementor-element elementor-element-ff8612c elementor-view-default elementor-widget elementor-widget-icon\" data-id=\"ff8612c\" data-element_type=\"widget\" data-e-type=\"widget\" data-widget_type=\"icon.default\">\n\t\t\t\t\t\t\t<div class=\"elementor-icon-wrapper\">\n\t\t\t<div class=\"elementor-icon\">\n\t\t\t<svg xmlns=\"http:\/\/www.w3.org\/2000\/svg\" width=\"24\" height=\"24\" viewbox=\"0 0 24 24\"><path fill=\"#048099\" d=\"M10.68 2.105a2.63 2.63 0 0 1 2.64 0l.001.001l6.611 3.8A2.65 2.65 0 0 1 21.25 8.2v7.603a2.66 2.66 0 0 1-1.318 2.291l-.003.002l-6.608 3.799h-.002a2.63 2.63 0 0 1-2.639 0h-.001l-6.608-3.8h-.003A2.64 2.64 0 0 1 2.75 15.8V8.198a2.66 2.66 0 0 1 1.318-2.291l.003-.002zm4.57 7.89c0-.936-.453-1.652-1.097-2.108c-.622-.441-1.408-.637-2.153-.637s-1.531.196-2.153.637c-.643.456-1.097 1.172-1.097 2.107a.75.75 0 1 0 1.5 0c0-.394.172-.675.465-.884c.316-.224.78-.36 1.285-.36s.969.136 1.285.36c.292.207.463.486.465.877l-.002.027c-.003.03-.008.08-.021.141a1.4 1.4 0 0 1-.176.445c-.166.267-.542.65-1.551.65a.75.75 0 0 0 0 1.5c1.01 0 1.385.383 1.551.65a1.4 1.4 0 0 1 .199.613c-.002.39-.173.67-.465.877c-.316.224-.78.36-1.285.36s-.969-.136-1.285-.36c-.293-.209-.465-.49-.465-.884a.75.75 0 1 0-1.5 0c0 .935.454 1.65 1.097 2.107c.622.441 1.408.637 2.153.637s1.531-.196 2.153-.637c.643-.456 1.097-1.172 1.097-2.107v-.002a2.9 2.9 0 0 0-.426-1.398a2.7 2.7 0 0 0-.517-.606c.211-.184.382-.39.517-.606a2.9 2.9 0 0 0 .426-1.398z\"><\/path><\/svg>\t\t\t<\/div>\n\t\t<\/div>\n\t\t\t\t\t\t<\/div>\n\t\t\t\t<\/div>\n\t\t<div class=\"elementor-element elementor-element-70a1719 e-con-full e-flex e-con e-child\" data-id=\"70a1719\" data-element_type=\"container\" data-e-type=\"container\">\n\t\t<div class=\"elementor-element elementor-element-b25cb07 e-con-full e-flex e-con e-child\" data-id=\"b25cb07\" data-element_type=\"container\" data-e-type=\"container\">\n\t\t\t\t<div class=\"elementor-element elementor-element-b6fef4e elementor-widget elementor-widget-heading\" data-id=\"b6fef4e\" data-element_type=\"widget\" data-e-type=\"widget\" data-widget_type=\"heading.default\">\n\t\t\t\t\t<h2 class=\"elementor-heading-title elementor-size-default\">Import &amp; Formaliteter - EST TRULUXCARS tar hand om allt (eller n\u00e4stan allt)<\/h2>\t\t\t\t<\/div>\n\t\t\t\t<div class=\"elementor-element elementor-element-8cd2231 elementor-hidden-mobile elementor-widget-divider--view-line elementor-widget elementor-widget-divider\" data-id=\"8cd2231\" data-element_type=\"widget\" data-e-type=\"widget\" data-widget_type=\"divider.default\">\n\t\t\t\t\t\t\t<div class=\"elementor-divider\">\n\t\t\t<span class=\"elementor-divider-separator\">\n\t\t\t\t\t\t<\/span>\n\t\t<\/div>\n\t\t\t\t\t\t<\/div>\n\t\t\t\t<\/div>\n\t\t\t\t<div class=\"elementor-element elementor-element-0feecc6 elementor-widget elementor-widget-text-editor\" data-id=\"0feecc6\" data-element_type=\"widget\" data-e-type=\"widget\" data-widget_type=\"text-editor.default\">\n\t\t\t\t\t\t\t\t\t<div><p>Jag \u00e4r redo att k\u00f6pa fordonet: Jag bekr\u00e4ftar tj\u00e4nsten\u00a0<strong>\"\u00a0<span style=\"text-decoration: underline;\"><a class=\"__mPS2id\" href=\"\/sv\/vara-erbjudanden\/#importation\" target=\"_blank\" rel=\"noopener\">Import &amp; export<\/a><a class=\"__mPS2id\" href=\"\/sv\/vara-erbjudanden\/#importation\" target=\"_blank\" rel=\"noopener\">\u00a0Formaliteter <\/a><\/span>\"<\/strong>.<\/p><p>EST TRULUXCARS kontaktar sedan s\u00e4ljaren f\u00f6r att\u00a0<strong>reservera fordonet i mitt namn<\/strong>\u00a0och erh\u00e5lla\u00a0<strong>k\u00f6peavtal<\/strong>.<\/p><p>D\u00e4refter f\u00e5r jag mitt kontrakt, med\u00a0<strong>viktig information \u00f6versatt till franska<\/strong>.<br \/><strong>\ud83d\udc49\u00a0<\/strong>I h\u00e4ndelse av fel eller utel\u00e4mnande (vanligt i 80 %-avtal) kommer EST TRULUXCARS att\u00a0<strong>f\u00e5 dokumentet korrigerat<\/strong>\u00a0med s\u00e4ljaren.<\/p><p>N\u00e4r avtalet \u00e4r klart skriver jag under det elektroniskt via\u00a0<strong>Yousign<\/strong>sedan g\u00e5r jag vidare till\u00a0<strong>betalning via bank\u00f6verf\u00f6ring<\/strong>,\u00a0<strong>direkt till s\u00e4ljaren<\/strong>\u00a0(medel passerar inte genom EST TRULUXCARS).<\/p><p>\u00a0<\/p><\/div><div><p><span style=\"text-decoration: underline;\"><strong><a class=\"__mPS2id\" href=\"\/sv\/vara-erbjudanden\/#importation\" target=\"_blank\" rel=\"noopener\">\u00c5terst\u00e4llningsl\u00e4ge<\/a><\/strong><\/span><\/p><p><strong>Personlig upph\u00e4mtning eller leverans - valet \u00e4r mitt!<\/strong><\/p><p>Jag har tv\u00e5 alternativ:<\/p><ul><li><strong>Jag h\u00e4mtar fordonet sj\u00e4lv<\/strong>\u00a0direkt till s\u00e4ljaren, och sedan k\u00f6r jag hem igen med en\u00a0<strong>transitplatta<\/strong>\u00a0Ursprungsland.<\/li><li><strong>Jag v\u00e4ljer hemleverans<\/strong>\u00a0och beg\u00e4r en\u00a0<strong>personligt citat<\/strong>\u00a0till EST TRULUXCARS.<br \/>Mitt fordon kommer att levereras till den adress jag v\u00e4ljer, f\u00f6rutsatt att den \u00e4r tillg\u00e4nglig f\u00f6r en lastbil med en kapacitet p\u00e5 cirka\u00a0<strong>20 meter l\u00e5ng<\/strong>.<\/li><\/ul><p>\u2705 Transport\u00f6ren \u00e4r\u00a0<strong>f\u00f6rs\u00e4krad<\/strong>och\u00a0<strong>Fransktalande chauff\u00f6r<\/strong>.<\/p><\/div>\t\t\t\t\t\t\t\t<\/div>\n\t\t\t\t<\/div>\n\t\t\t\t<\/div>\n\t\t<div class=\"elementor-element elementor-element-f53b7a2 e-con-full e-flex e-con e-child\" data-id=\"f53b7a2\" data-element_type=\"container\" data-e-type=\"container\" data-settings=\"{&quot;background_background&quot;:&quot;classic&quot;}\">\n\t\t<div class=\"elementor-element elementor-element-f7ca6ce e-con-full e-flex e-con e-child\" data-id=\"f7ca6ce\" data-element_type=\"container\" data-e-type=\"container\">\n\t\t\t\t<div class=\"elementor-element elementor-element-46eaae8 elementor-view-default elementor-widget elementor-widget-icon\" data-id=\"46eaae8\" data-element_type=\"widget\" data-e-type=\"widget\" data-widget_type=\"icon.default\">\n\t\t\t\t\t\t\t<div class=\"elementor-icon-wrapper\">\n\t\t\t<div class=\"elementor-icon\">\n\t\t\t<svg xmlns=\"http:\/\/www.w3.org\/2000\/svg\" width=\"24\" height=\"24\" viewbox=\"0 0 24 24\"><path fill=\"#048099\" d=\"M10.68 2.105a2.63 2.63 0 0 1 2.64 0l.001.001l6.611 3.8A2.65 2.65 0 0 1 21.25 8.2v7.603a2.66 2.66 0 0 1-1.318 2.291l-.003.002l-6.608 3.799h-.002a2.63 2.63 0 0 1-2.639 0h-.001l-6.608-3.8h-.003A2.64 2.64 0 0 1 2.75 15.8V8.198a2.66 2.66 0 0 1 1.318-2.291l.003-.002zm2.626 6.096a.75.75 0 1 0-1.445-.402c-.383 1.378-1.16 2.67-1.863 3.634a16 16 0 0 1-1.185 1.44l-.072.075l-.018.018l-.004.004a.75.75 0 0 0 .531 1.28h3V16a.75.75 0 0 0 1.5 0v-1.75h.5a.75.75 0 0 0 0-1.5h-.5V12a.75.75 0 0 0-1.5 0v.75h-1.366q.159-.203.326-.433c.755-1.035 1.645-2.494 2.096-4.116\"><\/path><\/svg>\t\t\t<\/div>\n\t\t<\/div>\n\t\t\t\t\t\t<\/div>\n\t\t\t\t<\/div>\n\t\t<div class=\"elementor-element elementor-element-d7edd6c e-con-full e-flex e-con e-child\" data-id=\"d7edd6c\" data-element_type=\"container\" data-e-type=\"container\">\n\t\t<div class=\"elementor-element elementor-element-6b6b43f e-con-full e-flex e-con e-child\" data-id=\"6b6b43f\" data-element_type=\"container\" data-e-type=\"container\">\n\t\t\t\t<div class=\"elementor-element elementor-element-ba89040 elementor-widget elementor-widget-heading\" data-id=\"ba89040\" data-element_type=\"widget\" data-e-type=\"widget\" data-widget_type=\"heading.default\">\n\t\t\t\t\t<h2 class=\"elementor-heading-title elementor-size-default\">Registrering<\/h2>\t\t\t\t<\/div>\n\t\t\t\t<div class=\"elementor-element elementor-element-d935ba1 elementor-hidden-mobile elementor-widget-divider--view-line elementor-widget elementor-widget-divider\" data-id=\"d935ba1\" data-element_type=\"widget\" data-e-type=\"widget\" data-widget_type=\"divider.default\">\n\t\t\t\t\t\t\t<div class=\"elementor-divider\">\n\t\t\t<span class=\"elementor-divider-separator\">\n\t\t\t\t\t\t<\/span>\n\t\t<\/div>\n\t\t\t\t\t\t<\/div>\n\t\t\t\t<\/div>\n\t\t\t\t<div class=\"elementor-element elementor-element-a220df8 elementor-widget elementor-widget-text-editor\" data-id=\"a220df8\" data-element_type=\"widget\" data-e-type=\"widget\" data-widget_type=\"text-editor.default\">\n\t\t\t\t\t\t\t\t\t<p>Kan TRULUXCARS f\u00f6rse mig med en\u00a0<b><a class=\"__mPS2id\" href=\"\/sv\/vara-erbjudanden\/#immatriculation\" target=\"_blank\" rel=\"noopener\">Fransk provisorisk registrering<\/a>\u00a0(WW), giltig i 4 m\u00e5nader, inom 24 timmar.<\/b>\u00a0P\u00e5 s\u00e5 s\u00e4tt kan jag r\u00f6ra mig fritt i v\u00e4ntan p\u00e5 den slutliga registreringen. Jag kommer att f\u00e5 ett sammanfattande e-postmeddelande vid r\u00e4tt tidpunkt med en lista \u00f6ver de dokument jag m\u00e5ste tillhandah\u00e5lla.<\/p><p>EST TRULUXCARS kan ocks\u00e5 ta hand om <b>beg\u00e4ran<\/b>\u00a0fr\u00e5n\u00a0<strong>skatteavr\u00e4kning<\/strong>\u00a0och<a class=\"__mPS2id\" href=\"https:\/\/www.bolidem.com\/nos-services\/#service4\" target=\"_blank\" rel=\"noopener\"><b><span style=\"text-decoration: underline;\">slutgiltig registrering p\u00e5 franska<\/span><\/b><\/a>\u00a0av mitt fordon, via dess specialistpartner.\u00a0<b>En dedikerad agent kommer att vara med mig varje steg p\u00e5 v\u00e4gen, tills jag f\u00e5r mitt registreringsbevis f\u00f6r fordonet.<\/b>\u00a0direkt till ditt hem.<\/p>\t\t\t\t\t\t\t\t<\/div>\n\t\t\t\t<\/div>\n\t\t\t\t<\/div>\n\t\t\t\t\t<\/div>\n\t\t\t\t<\/div>\n\t\t\t\t<\/div>","protected":false},"excerpt":{"rendered":"<p>J\u2019effectue moi-m\u00eame ma recherche sur les principaux sites d\u2019annonces automobiles europ\u00e9ens :\u00a0autoscout24.fr\u00a0et\u00a0automobile.fr, ou encore\u00a0subito.it, maarktplatz,\u00a0coches.es,\u00a0blocket.se\u00a0\u2026 https:\/\/truluxcars.com\/wp-content\/uploads\/2025\/11\/Importer-Vehicule-EST-TRULUXCARS.mp4 Service \u00ab\u00a0Info &amp; N\u00e9go\u00a0\u00bb \u2013 Gagnez du temps, \u00e9vitez les mauvaises surprises Une fois mon v\u00e9hicule rep\u00e9r\u00e9 (via les plateformes d\u2019annonces auto ou la recherche personnalis\u00e9e gratuite), je s\u00e9lectionne le service\u00a0\u00ab\u00a0Info &amp; N\u00e9go\u00a0\u00bb. Lors de la commande, j\u2019indique simplement [&hellip;]<\/p>","protected":false},"author":1,"featured_media":0,"parent":0,"menu_order":0,"comment_status":"closed","ping_status":"closed","template":"","meta":{"footnotes":""},"class_list":["post-28078","page","type-page","status-publish","hentry"],"jetpack_sharing_enabled":true,"_links":{"self":[{"href":"https:\/\/truluxcars.com\/sv\/wp-json\/wp\/v2\/pages\/28078","targetHints":{"allow":["GET"]}}],"collection":[{"href":"https:\/\/truluxcars.com\/sv\/wp-json\/wp\/v2\/pages"}],"about":[{"href":"https:\/\/truluxcars.com\/sv\/wp-json\/wp\/v2\/types\/page"}],"author":[{"embeddable":true,"href":"https:\/\/truluxcars.com\/sv\/wp-json\/wp\/v2\/users\/1"}],"replies":[{"embeddable":true,"href":"https:\/\/truluxcars.com\/sv\/wp-json\/wp\/v2\/comments?post=28078"}],"version-history":[{"count":6,"href":"https:\/\/truluxcars.com\/sv\/wp-json\/wp\/v2\/pages\/28078\/revisions"}],"predecessor-version":[{"id":28327,"href":"https:\/\/truluxcars.com\/sv\/wp-json\/wp\/v2\/pages\/28078\/revisions\/28327"}],"wp:attachment":[{"href":"https:\/\/truluxcars.com\/sv\/wp-json\/wp\/v2\/media?parent=28078"}],"curies":[{"name":"wp","href":"https:\/\/api.w.org\/{rel}","templated":true}]}}